{"id":45007,"date":"2022-10-02T21:57:55","date_gmt":"2022-10-02T19:57:55","guid":{"rendered":"http:\/\/dev.claret.cat\/producte\/apetito-por-paris\/"},"modified":"2023-10-06T10:42:12","modified_gmt":"2023-10-06T08:42:12","slug":"apetito-por-paris-9788418800078","status":"publish","type":"product","link":"https:\/\/www.claret.cat\/es\/libro\/apetito-por-paris-9788418800078\/","title":{"rendered":"APETITO POR PAR\u00cdS"},"content":{"rendered":"<p>El escriptor del The New Yorker, A. J. Liebling, recuerda su aprendizaje parisino en el delicado arte de comer.<\/p>\n<p>Ning\u00fan autor ha escrito con m\u00e1s entusiasmo sobre la comida que A. J. Liebling. Apetito por Par\u00eds (1962), el \u00faltimo libro del gran escritor neoyorquino, es un sugerente relato de su \u00e9ducation sentimentale en la cocina francesa entre los a\u00f1os 1926 y 1927, cuando personajes de la talla de Ernest Hemingway y Gertrude Stein forjaron su leyenda en los caf\u00e9s parisinos. Lo que deb\u00eda ser un viaje de estudios se convirti\u00f3 al poco en un mero pretexto para dejarlo todo y ponerse a lo que verdaderamente importaba: el fino arte del comer. Los restaurantes cercanos a la riba del Sena se convirtieron en su hogar parisino, los perfumados vinos de mesa en sus constantes compa\u00f1eros, la rica cocina francesa en toda una prueba de su formidable apetito.<\/p>\n<p>Con pr\u00f3logo de James Salter.<\/p>\n<p>\u00abUna memoria de Par\u00eds que se lee con verdadera delectaci\u00f3n.\u00bb The New Yorker<\/p>\n<p>\u00abEl buen vino y la buena literatura son cuestiones indisociables, y este libro es una prueba irrefutable de ello.\u00bb Les Lettres fran\u00e7aises<\/p>\n<p>\u00abUna sabrosa gu\u00eda culinaria de un Par\u00eds legendario.\u00bb Le Canard encha\u00een\u00e9<\/p>\n<p>\u00abSu testimonio de Francia en la d\u00e9cada de los a\u00f1os veinte es un regalo delicioso.\u00bb Lire<\/p>\n","protected":false},"excerpt":{"rendered":"<p>LIEBLING, A.J.<\/p>\n","protected":false},"featured_media":60445,"template":"","meta":{"_acf_changed":false,"om_disable_all_campaigns":false,"rs_blank_template":"","rs_page_bg_color":"","slide_template_v7":"","inline_featured_image":false,"_monsterinsights_skip_tracking":false,"_monsterinsights_sitenote_active":false,"_monsterinsights_sitenote_note":"","_monsterinsights_sitenote_category":0},"product_brand":[],"product_cat":[354,524,562],"product_tag":[],"class_list":{"0":"post-45007","1":"product","2":"type-product","3":"status-publish","4":"has-post-thumbnail","6":"product_cat-clasica","7":"product_cat-guias-y-viajes","8":"product_cat-literatura-de-viajes","10":"first","11":"instock","12":"taxable","13":"shipping-taxable","14":"purchasable","15":"product-type-simple"},"acf":{"autor":"LIEBLING, A.J.","codart":"841880007","libros-coleccion":"Catedral","ediciones":"1","encuadernacion":"Carton\u00e9","fecha_de_publicacion":"01\/02\/2022","novedad":"1","paginas":"288","subtitulo":"RECUERDOS DE UN BON VIVANT","orden":"0","portada":"0","idioma":"spa","editorial":[{"ID":147610,"post_author":"3","post_date":"2022-10-14 11:51:54","post_date_gmt":"2022-10-14 09:51:54","post_content":"","post_title":"Catedral","post_excerpt":"","post_status":"publish","comment_status":"closed","ping_status":"closed","post_password":"","post_name":"catedral","to_ping":"","pinged":"","post_modified":"2022-10-14 11:51:54","post_modified_gmt":"2022-10-14 09:51:54","post_content_filtered":"","post_parent":0,"guid":"http:\/\/dev.claret.cat\/editorial\/catedral\/","menu_order":0,"post_type":"editorial","post_mime_type":"","comment_count":"0","filter":"raw"}],"autores-libros":[{"ID":149045,"post_author":"3","post_date":"2022-10-14 14:21:43","post_date_gmt":"2022-10-14 12:21:43","post_content":"","post_title":"A.J. LIEBLING","post_excerpt":"","post_status":"publish","comment_status":"closed","ping_status":"closed","post_password":"","post_name":"a-j-liebling","to_ping":"","pinged":"","post_modified":"2022-10-14 14:21:43","post_modified_gmt":"2022-10-14 12:21:43","post_content_filtered":"","post_parent":0,"guid":"http:\/\/dev.claret.cat\/autor\/a-j-liebling\/","menu_order":0,"post_type":"autor","post_mime_type":"","comment_count":"0","filter":"raw"}]},"aioseo_notices":[],"_links":{"self":[{"href":"https:\/\/www.claret.cat\/es\/wp-json\/wp\/v2\/product\/45007","targetHints":{"allow":["GET"]}}],"collection":[{"href":"https:\/\/www.claret.cat\/es\/wp-json\/wp\/v2\/product"}],"about":[{"href":"https:\/\/www.claret.cat\/es\/wp-json\/wp\/v2\/types\/product"}],"wp:featuredmedia":[{"embeddable":true,"href":"https:\/\/www.claret.cat\/es\/wp-json\/wp\/v2\/media\/60445"}],"wp:attachment":[{"href":"https:\/\/www.claret.cat\/es\/wp-json\/wp\/v2\/media?parent=45007"}],"wp:term":[{"taxonomy":"product_brand","embeddable":true,"href":"https:\/\/www.claret.cat\/es\/wp-json\/wp\/v2\/product_brand?post=45007"},{"taxonomy":"product_cat","embeddable":true,"href":"https:\/\/www.claret.cat\/es\/wp-json\/wp\/v2\/product_cat?post=45007"},{"taxonomy":"product_tag","embeddable":true,"href":"https:\/\/www.claret.cat\/es\/wp-json\/wp\/v2\/product_tag?post=45007"}],"curies":[{"name":"wp","href":"https:\/\/api.w.org\/{rel}","templated":true}]}}