{"id":450096,"date":"2023-07-08T11:45:04","date_gmt":"2023-07-08T09:45:04","guid":{"rendered":"https:\/\/www.claret.cat\/llibre\/el-principito-9788419087492\/"},"modified":"2023-10-25T17:58:36","modified_gmt":"2023-10-25T15:58:36","slug":"el-principito-9788419087492","status":"publish","type":"product","link":"https:\/\/www.claret.cat\/es\/libro\/el-principito-9788419087492\/","title":{"rendered":"EL PRINCIPITO"},"content":{"rendered":"<p>Obra del escritor, piloto y arist\u00f3crata franc\u00e9s Antoine de Saint-Exup\u00e9ry (1900-1944), \u201cEl Principito\u201d es uno de los libros infantiles m\u00e1s reconocidos y celebrados del planeta. Publicado por primera vez en 1943 en Estados Unidos, en plena Segunda Guerra Mundial, y despu\u00e9s en 1945 en Francia, un a\u00f1o despu\u00e9s de la muerte del autor, \u201cEl Principito\u201d ha alcanzado ventas que sobrepasan los 140 millones de copias en m\u00e1s de 300 idiomas. El protagonista de esta historia hace un viaje por varios planetas, donde conoce a distintos personajes extravagantes, antes de llegar a la Tierra. En nuestro planeta, el peque\u00f1o pr\u00edncipe vive diferentes aventuras y aprende sobre el mundo de las personas mayores mientras les regala a todos los que encuentra en el camino un poco de su inocente sabidur\u00eda. \u201cEl Principito\u201d explora temas como la soledad, el amor, la amistad e incluso la muerte, a trav\u00e9s de una historia entra\u00f1able y una prosa ligera, perfecta para lectores de todas las edades.<\/p>\n","protected":false},"excerpt":{"rendered":"<p>DE SAINT-EXUP\u00c9RY, ANTOINE<\/p>\n","protected":false},"featured_media":450194,"template":"","meta":{"_acf_changed":false,"om_disable_all_campaigns":false,"rs_blank_template":"","rs_page_bg_color":"","slide_template_v7":"","inline_featured_image":false,"_monsterinsights_skip_tracking":false,"_monsterinsights_sitenote_active":false,"_monsterinsights_sitenote_note":"","_monsterinsights_sitenote_category":0},"product_brand":[],"product_cat":[131,132,361,362],"product_tag":[],"class_list":{"0":"post-450096","1":"product","2":"type-product","3":"status-publish","4":"has-post-thumbnail","6":"product_cat-contes-per-infants-0-6-anys","7":"product_cat-lectures-per-preadolescents-6-12-anys","8":"product_cat-cuentos-para-ninos-0-6-anos","9":"product_cat-libros-preadolescentes-6-12-anos","11":"first","12":"instock","13":"taxable","14":"shipping-taxable","15":"purchasable","16":"product-type-simple"},"acf":{"autor":"DE SAINT-EXUP\u00c9RY, ANTOINE","codart":"841908749","libros-coleccion":"FORA DE COL.LECCI\u00d3","ediciones":"1","encuadernacion":"Carton\u00e9","fecha_de_publicacion":"01\/10\/2022","novedad":"1","paginas":"123","subtitulo":"","orden":"0","portada":"0","idioma":"spa","editorial":[{"ID":148685,"post_author":"3","post_date":"2022-10-14 12:00:11","post_date_gmt":"2022-10-14 10:00:11","post_content":"","post_title":"PLUT\u00d3N EDICIONES","post_excerpt":"","post_status":"publish","comment_status":"closed","ping_status":"closed","post_password":"","post_name":"pluton-ediciones","to_ping":"","pinged":"","post_modified":"2022-10-14 12:00:11","post_modified_gmt":"2022-10-14 10:00:11","post_content_filtered":"","post_parent":0,"guid":"http:\/\/dev.claret.cat\/editorial\/pluton-ediciones\/","menu_order":0,"post_type":"editorial","post_mime_type":"","comment_count":"0","filter":"raw"}],"autores-libros":[{"ID":150786,"post_author":"3","post_date":"2022-10-14 14:35:44","post_date_gmt":"2022-10-14 12:35:44","post_content":"","post_title":"ANTOINE DE SAINT-EXUPERY","post_excerpt":"","post_status":"publish","comment_status":"closed","ping_status":"closed","post_password":"","post_name":"antoine-de-saint-exupery-3","to_ping":"","pinged":"","post_modified":"2022-10-14 14:35:44","post_modified_gmt":"2022-10-14 12:35:44","post_content_filtered":"","post_parent":0,"guid":"http:\/\/dev.claret.cat\/autor\/antoine-de-saint-exupery-3\/","menu_order":0,"post_type":"autor","post_mime_type":"","comment_count":"0","filter":"raw"}]},"aioseo_notices":[],"_links":{"self":[{"href":"https:\/\/www.claret.cat\/es\/wp-json\/wp\/v2\/product\/450096","targetHints":{"allow":["GET"]}}],"collection":[{"href":"https:\/\/www.claret.cat\/es\/wp-json\/wp\/v2\/product"}],"about":[{"href":"https:\/\/www.claret.cat\/es\/wp-json\/wp\/v2\/types\/product"}],"wp:featuredmedia":[{"embeddable":true,"href":"https:\/\/www.claret.cat\/es\/wp-json\/wp\/v2\/media\/450194"}],"wp:attachment":[{"href":"https:\/\/www.claret.cat\/es\/wp-json\/wp\/v2\/media?parent=450096"}],"wp:term":[{"taxonomy":"product_brand","embeddable":true,"href":"https:\/\/www.claret.cat\/es\/wp-json\/wp\/v2\/product_brand?post=450096"},{"taxonomy":"product_cat","embeddable":true,"href":"https:\/\/www.claret.cat\/es\/wp-json\/wp\/v2\/product_cat?post=450096"},{"taxonomy":"product_tag","embeddable":true,"href":"https:\/\/www.claret.cat\/es\/wp-json\/wp\/v2\/product_tag?post=450096"}],"curies":[{"name":"wp","href":"https:\/\/api.w.org\/{rel}","templated":true}]}}