{"id":450242,"date":"2023-07-10T12:03:34","date_gmt":"2023-07-10T10:03:34","guid":{"rendered":"https:\/\/www.claret.cat\/llibre\/kai-i-emma-5-kai-i-emma-5-una-nit-fora-de-casa-9788419378491\/"},"modified":"2025-04-22T20:06:25","modified_gmt":"2025-04-22T18:06:25","slug":"kai-i-emma-5-kai-i-emma-5-una-nit-fora-de-casa-9788419378491","status":"publish","type":"product","link":"https:\/\/www.claret.cat\/es\/libro\/kai-i-emma-5-kai-i-emma-5-una-nit-fora-de-casa-9788419378491\/","title":{"rendered":"KAI I EMMA 5 &#8211; KAI I EMMA 5 &#8211; UNA NIT FORA DE CASA"},"content":{"rendered":"<p>Una nova entrega de Kai i Emma, la col\u00b7lecci\u00f3 per a fam\u00edlies d&#8217;avui de M\u00edriam Tirado Kai i Emma \u00e9s la col\u00b7lecci\u00f3 de M\u00edriam Tirado, autora d&#8217;El fil invisible, per a fam\u00edlies que creuen en la import\u00e0ncia de l&#8217;educaci\u00f3 emocional i conscient i que volen acompanyar els seus fills i filles des de l&#8217;amor i el respecte profund. L&#8217;Emma vol anar de col\u00f2nies amb la classe: la seva primera nit fora de casa i&#8230; lluny dels pares. El Kai tamb\u00e9 t\u00e9 ganes de viure aquesta experi\u00e8ncia, aix\u00ed que decideixen fer una prova passant una nit a casa la tieta Greta. Viuran tots moltes emocions: nervis, por, enyoran\u00e7a, molta alegria&#8230; Tota la fam\u00edlia, inclosos la mare i el pare, passar\u00e0 la nit de manera diferent, per\u00f2 en tot moment se sentiran connectats pel fil invisible que els uneix. M\u00edriamTirado ens mostra aquesta situaci\u00f3 quotidiana a la qual s&#8217;enfronten totes les fam\u00edlies amb la seva visi\u00f3 emocional i conscient habitual per ajudar-nos a extreure el millor de cada experi\u00e8ncia: el aprenentatge de cr\u00e9ixer junts com a fam\u00edlia. Qu\u00e8 trobar\u00e0s en aquest llibre? &#8211; Una col\u00b7lecci\u00f3 amb il\u00b7lustracions a tot color- Un conte amb valors que reflecteix situacions de la vida quotidiana &#8211; Una eina per treballar les emocions que sorgeixen del dia a dia: les frustracions, els nervis, la gelosia, el malestar (f\u00edsic i emocional)&#8230;<\/p>\n","protected":false},"excerpt":{"rendered":"<p>TIRADO, M\u00cdRIAM<\/p>\n","protected":false},"featured_media":450243,"template":"","meta":{"_acf_changed":false,"om_disable_all_campaigns":false,"rs_blank_template":"","rs_page_bg_color":"","slide_template_v7":"","inline_featured_image":false,"_monsterinsights_skip_tracking":false,"_monsterinsights_sitenote_active":false,"_monsterinsights_sitenote_note":"","_monsterinsights_sitenote_category":0},"product_brand":[],"product_cat":[132,362],"product_tag":[],"class_list":{"0":"post-450242","1":"product","2":"type-product","3":"status-publish","4":"has-post-thumbnail","6":"product_cat-lectures-per-preadolescents-6-12-anys","7":"product_cat-libros-preadolescentes-6-12-anos","9":"first","10":"instock","11":"taxable","12":"shipping-taxable","13":"purchasable","14":"product-type-simple"},"acf":{"autor":"TIRADO, M\u00cdRIAM","codart":"841937849","libros-coleccion":"","ediciones":"1","encuadernacion":"Carton\u00e9","fecha_de_publicacion":"01\/07\/2023","novedad":"1","paginas":"48","subtitulo":"","orden":"0","portada":"0","idioma":"cat","editorial":[{"ID":294535,"post_author":"3","post_date":"2022-12-12 12:50:10","post_date_gmt":"2022-12-12 11:50:10","post_content":"","post_title":"B de Blok","post_excerpt":"","post_status":"publish","comment_status":"closed","ping_status":"closed","post_password":"","post_name":"b-de-blok","to_ping":"","pinged":"","post_modified":"2022-12-12 12:50:10","post_modified_gmt":"2022-12-12 11:50:10","post_content_filtered":"","post_parent":0,"guid":"http:\/\/dev.claret.cat\/editorial\/b-de-blok\/","menu_order":0,"post_type":"editorial","post_mime_type":"","comment_count":"0","filter":"raw"}],"autores-libros":[{"ID":5862,"post_author":"3","post_date":"2022-07-28 17:33:05","post_date_gmt":"2022-07-28 15:33:05","post_content":"","post_title":"M\u00cdRIAM TIRADO","post_excerpt":"","post_status":"publish","comment_status":"closed","ping_status":"closed","post_password":"","post_name":"miriam-tirado","to_ping":"","pinged":"","post_modified":"2022-07-28 17:33:05","post_modified_gmt":"2022-07-28 15:33:05","post_content_filtered":"","post_parent":0,"guid":"http:\/\/dev.claret.cat\/autor\/miriam-tirado\/","menu_order":0,"post_type":"autor","post_mime_type":"","comment_count":"0","filter":"raw"}],"booktrailer":"","resenas":""},"aioseo_notices":[],"_links":{"self":[{"href":"https:\/\/www.claret.cat\/es\/wp-json\/wp\/v2\/product\/450242","targetHints":{"allow":["GET"]}}],"collection":[{"href":"https:\/\/www.claret.cat\/es\/wp-json\/wp\/v2\/product"}],"about":[{"href":"https:\/\/www.claret.cat\/es\/wp-json\/wp\/v2\/types\/product"}],"wp:featuredmedia":[{"embeddable":true,"href":"https:\/\/www.claret.cat\/es\/wp-json\/wp\/v2\/media\/450243"}],"wp:attachment":[{"href":"https:\/\/www.claret.cat\/es\/wp-json\/wp\/v2\/media?parent=450242"}],"wp:term":[{"taxonomy":"product_brand","embeddable":true,"href":"https:\/\/www.claret.cat\/es\/wp-json\/wp\/v2\/product_brand?post=450242"},{"taxonomy":"product_cat","embeddable":true,"href":"https:\/\/www.claret.cat\/es\/wp-json\/wp\/v2\/product_cat?post=450242"},{"taxonomy":"product_tag","embeddable":true,"href":"https:\/\/www.claret.cat\/es\/wp-json\/wp\/v2\/product_tag?post=450242"}],"curies":[{"name":"wp","href":"https:\/\/api.w.org\/{rel}","templated":true}]}}