{"id":450272,"date":"2023-07-10T12:11:11","date_gmt":"2023-07-10T10:11:11","guid":{"rendered":"https:\/\/www.claret.cat\/llibre\/organitzacio-de-latencio-a-les-persones-en-situacio-de-dependencia-9788417144579\/"},"modified":"2023-10-11T02:07:05","modified_gmt":"2023-10-11T00:07:05","slug":"organitzacio-de-latencio-a-les-persones-en-situacio-de-dependencia-9788417144579","status":"publish","type":"product","link":"https:\/\/www.claret.cat\/es\/libro\/organitzacio-de-latencio-a-les-persones-en-situacio-de-dependencia-9788417144579\/","title":{"rendered":"ORGANITZACI\u00d3 DE L&#8221;ATENCI\u00d3 A LES PERSONES EN SITUACI\u00d3 DE DEPEND\u00c8NCIA"},"content":{"rendered":"<p> NF 1. Context de l&#8221;atenci\u00f3 a persones en situaci\u00f3 de depend\u00e8ncia. NF 2. Les i els professionals d&#8221;atenci\u00f3 a persones en situaci\u00f3 de depend\u00e8ncia. NF 3. Edificis, espais i productes destinats a persones en situaci\u00f3 de depend\u00e8ncia. NF 4. La planificaci\u00f3 de la intervenci\u00f3 en persones en situaci\u00f3 de depend\u00e8ncia. NF 5. Execuci\u00f3 de la intervenci\u00f3: protocols i registres. NF 6. Execuci\u00f3 de la intervenci\u00f3 de l&#8221;entorn residencial. NF 7. Planificaci\u00f3, gesti\u00f3 i documentaci\u00f3 del centre assistencial.<\/p>\n","protected":false},"excerpt":{"rendered":"<p>M. SORRIBAS<\/p>\n","protected":false},"featured_media":450273,"template":"","meta":{"_acf_changed":false,"om_disable_all_campaigns":false,"rs_blank_template":"","rs_page_bg_color":"","slide_template_v7":"","inline_featured_image":false,"_monsterinsights_skip_tracking":false,"_monsterinsights_sitenote_active":false,"_monsterinsights_sitenote_note":"","_monsterinsights_sitenote_category":0},"product_brand":[],"product_cat":[142,575],"product_tag":[],"class_list":{"0":"post-450272","1":"product","2":"type-product","3":"status-publish","4":"has-post-thumbnail","6":"product_cat-orientacio-professional","7":"product_cat-orientacion-profesional-escolar-4_escolar-spa","9":"first","10":"instock","11":"taxable","12":"shipping-taxable","13":"purchasable","14":"product-type-simple"},"acf":{"autor":"M. SORRIBAS","codart":"841714457","libros-coleccion":"CFGM ATENCI\u00d3 A PERSONES EN SITUACI\u00d3 DE D","ediciones":"1","encuadernacion":"R\u00fastica","fecha_de_publicacion":"01\/05\/2018","novedad":"0","paginas":"192","subtitulo":"","orden":"0","portada":"0","idioma":"cat","autores-libros":[{"ID":450271,"post_author":"3","post_date":"2023-07-10 12:11:09","post_date_gmt":"2023-07-10 10:11:09","post_content":"","post_title":"M. SORRIBAS","post_excerpt":"","post_status":"publish","comment_status":"closed","ping_status":"closed","post_password":"","post_name":"m-sorribas","to_ping":"","pinged":"","post_modified":"2023-07-10 12:11:09","post_modified_gmt":"2023-07-10 10:11:09","post_content_filtered":"","post_parent":0,"guid":"https:\/\/www.claret.cat\/autor\/m-sorribas\/","menu_order":0,"post_type":"autor","post_mime_type":"","comment_count":"0","filter":"raw"}],"editorial":[{"ID":450277,"post_author":"3","post_date":"2023-07-10 12:11:39","post_date_gmt":"2023-07-10 10:11:39","post_content":"","post_title":"Editorial Altamar","post_excerpt":"","post_status":"publish","comment_status":"closed","ping_status":"closed","post_password":"","post_name":"editorial-altamar","to_ping":"","pinged":"","post_modified":"2023-07-10 12:11:39","post_modified_gmt":"2023-07-10 10:11:39","post_content_filtered":"","post_parent":0,"guid":"https:\/\/www.claret.cat\/editorial\/editorial-altamar\/","menu_order":0,"post_type":"editorial","post_mime_type":"","comment_count":"0","filter":"raw"}]},"aioseo_notices":[],"_links":{"self":[{"href":"https:\/\/www.claret.cat\/es\/wp-json\/wp\/v2\/product\/450272","targetHints":{"allow":["GET"]}}],"collection":[{"href":"https:\/\/www.claret.cat\/es\/wp-json\/wp\/v2\/product"}],"about":[{"href":"https:\/\/www.claret.cat\/es\/wp-json\/wp\/v2\/types\/product"}],"wp:featuredmedia":[{"embeddable":true,"href":"https:\/\/www.claret.cat\/es\/wp-json\/wp\/v2\/media\/450273"}],"wp:attachment":[{"href":"https:\/\/www.claret.cat\/es\/wp-json\/wp\/v2\/media?parent=450272"}],"wp:term":[{"taxonomy":"product_brand","embeddable":true,"href":"https:\/\/www.claret.cat\/es\/wp-json\/wp\/v2\/product_brand?post=450272"},{"taxonomy":"product_cat","embeddable":true,"href":"https:\/\/www.claret.cat\/es\/wp-json\/wp\/v2\/product_cat?post=450272"},{"taxonomy":"product_tag","embeddable":true,"href":"https:\/\/www.claret.cat\/es\/wp-json\/wp\/v2\/product_tag?post=450272"}],"curies":[{"name":"wp","href":"https:\/\/api.w.org\/{rel}","templated":true}]}}