{"id":450279,"date":"2023-07-10T12:11:42","date_gmt":"2023-07-10T10:11:42","guid":{"rendered":"https:\/\/www.claret.cat\/llibre\/atencio-i-suport-psicosocial-9788417872441\/"},"modified":"2023-10-11T02:07:03","modified_gmt":"2023-10-11T00:07:03","slug":"atencio-i-suport-psicosocial-9788417872441","status":"publish","type":"product","link":"https:\/\/www.claret.cat\/es\/libro\/atencio-i-suport-psicosocial-9788417872441\/","title":{"rendered":"ATENCI\u00d3 I SUPORT PSICOSOCIAL"},"content":{"rendered":"<p>  UF 1. Suport en el desenvolupament dels h\u00e0bits d&#8221;autonomia personal i social.  NF 1. Motivaci\u00f3 i aprenentatge en l&#8221;atenci\u00f3 psicosocial. NF 2. T\u00e8cniques de modificaci\u00f3 de conducta. NF 3. L&#8221;aprenentatge d&#8221;habilitats i h\u00e0bits d&#8221;autonomia personal. NF 4. Entrenament en habilitats d&#8221;autonomia personal. NF 5. Estrat\u00e8gies de reestructuraci\u00f3 ambiental.     UF 2. Suport en l&#8221;estimulaci\u00f3 cognitiva de les persones.  NF 6. Funcions cognitives i trastorns ps\u00edquics en persones en situaci\u00f3 de depend\u00e8ncia. NF 7. T\u00e8cniques de manteniment i rehabilitaci\u00f3 de les funcions cognitives. NF 8. Intervenci\u00f3 en trastorns ps\u00edquics: t\u00e8cniques cognitives i t\u00e8cniques de relaxaci\u00f3.    UF 3. Suport en el desenvolupament de les relacions socials.  NF 9. Valoraci\u00f3 de la compet\u00e8ncia social. NF 10. Entrenament en habilitats socials. NF13. Recursos d&#8221;informaci\u00f3 per als cuidadors i cuidadores no formals.    UF 4. Suport en l&#8221;animaci\u00f3 grupal.  NF 11. Intervenci\u00f3 en l&#8221;oci i el temps lliure en persones en situaci\u00f3 de depend\u00e8ncia. NF12. Recursos i activitats d&#8221;oci i temps lliure.<\/p>\n","protected":false},"excerpt":{"rendered":"<p>M. E. D\u00cdAZ, M. J.TELLO<\/p>\n","protected":false},"featured_media":450280,"template":"","meta":{"_acf_changed":false,"om_disable_all_campaigns":false,"rs_blank_template":"","rs_page_bg_color":"","slide_template_v7":"","inline_featured_image":false,"_monsterinsights_skip_tracking":false,"_monsterinsights_sitenote_active":false,"_monsterinsights_sitenote_note":"","_monsterinsights_sitenote_category":0},"product_brand":[],"product_cat":[142,575],"product_tag":[],"class_list":{"0":"post-450279","1":"product","2":"type-product","3":"status-publish","4":"has-post-thumbnail","6":"product_cat-orientacio-professional","7":"product_cat-orientacion-profesional-escolar-4_escolar-spa","9":"first","10":"instock","11":"taxable","12":"shipping-taxable","13":"purchasable","14":"product-type-simple"},"acf":{"autor":"M. E. D\u00cdAZ, M. J.TELLO","codart":"841787244","libros-coleccion":"CFGM ATENCI\u00d3 A PERSONES EN SITUACI\u00d3 DE D","ediciones":"1","encuadernacion":"R\u00fastica","fecha_de_publicacion":"01\/07\/2020","novedad":"0","paginas":"304","subtitulo":"","orden":"0","portada":"0","idioma":"cat","editorial":[{"ID":450277,"post_author":"3","post_date":"2023-07-10 12:11:39","post_date_gmt":"2023-07-10 10:11:39","post_content":"","post_title":"Editorial Altamar","post_excerpt":"","post_status":"publish","comment_status":"closed","ping_status":"closed","post_password":"","post_name":"editorial-altamar","to_ping":"","pinged":"","post_modified":"2023-07-10 12:11:39","post_modified_gmt":"2023-07-10 10:11:39","post_content_filtered":"","post_parent":0,"guid":"https:\/\/www.claret.cat\/editorial\/editorial-altamar\/","menu_order":0,"post_type":"editorial","post_mime_type":"","comment_count":"0","filter":"raw"}],"autores-libros":[{"ID":450278,"post_author":"3","post_date":"2023-07-10 12:11:40","post_date_gmt":"2023-07-10 10:11:40","post_content":"","post_title":"M. J.TELLO M. E. D\u00cdAZ","post_excerpt":"","post_status":"publish","comment_status":"closed","ping_status":"closed","post_password":"","post_name":"m-j-tello-m-e-diaz","to_ping":"","pinged":"","post_modified":"2023-07-10 12:11:40","post_modified_gmt":"2023-07-10 10:11:40","post_content_filtered":"","post_parent":0,"guid":"https:\/\/www.claret.cat\/autor\/m-j-tello-m-e-diaz\/","menu_order":0,"post_type":"autor","post_mime_type":"","comment_count":"0","filter":"raw"}]},"aioseo_notices":[],"_links":{"self":[{"href":"https:\/\/www.claret.cat\/es\/wp-json\/wp\/v2\/product\/450279","targetHints":{"allow":["GET"]}}],"collection":[{"href":"https:\/\/www.claret.cat\/es\/wp-json\/wp\/v2\/product"}],"about":[{"href":"https:\/\/www.claret.cat\/es\/wp-json\/wp\/v2\/types\/product"}],"wp:featuredmedia":[{"embeddable":true,"href":"https:\/\/www.claret.cat\/es\/wp-json\/wp\/v2\/media\/450280"}],"wp:attachment":[{"href":"https:\/\/www.claret.cat\/es\/wp-json\/wp\/v2\/media?parent=450279"}],"wp:term":[{"taxonomy":"product_brand","embeddable":true,"href":"https:\/\/www.claret.cat\/es\/wp-json\/wp\/v2\/product_brand?post=450279"},{"taxonomy":"product_cat","embeddable":true,"href":"https:\/\/www.claret.cat\/es\/wp-json\/wp\/v2\/product_cat?post=450279"},{"taxonomy":"product_tag","embeddable":true,"href":"https:\/\/www.claret.cat\/es\/wp-json\/wp\/v2\/product_tag?post=450279"}],"curies":[{"name":"wp","href":"https:\/\/api.w.org\/{rel}","templated":true}]}}