{"id":450286,"date":"2023-07-10T12:12:04","date_gmt":"2023-07-10T10:12:04","guid":{"rendered":"https:\/\/www.claret.cat\/llibre\/caracteristiques-i-necessitats-de-persones-en-situacio-de-dependencia-9788417144555\/"},"modified":"2023-10-11T02:07:01","modified_gmt":"2023-10-11T00:07:01","slug":"caracteristiques-i-necessitats-de-persones-en-situacio-de-dependencia-9788417144555","status":"publish","type":"product","link":"https:\/\/www.claret.cat\/es\/libro\/caracteristiques-i-necessitats-de-persones-en-situacio-de-dependencia-9788417144555\/","title":{"rendered":"CARACTER\u00cdSTIQUES I NECESSITATS DE PERSONES EN SITUACI\u00d3 DE DEPEND\u00c8NCIA"},"content":{"rendered":"<p>  UF 1. Autonomia personal  1. Les necessitats humanes. 2. Autonomia personal i depend\u00e8ncia. 3. Les persones amb malalties generadores de depend\u00e8ncia.     UF 2. Persones grans  4. Caracter\u00edstiques i necessitats de les persones grans.     UF 4. Persones amb discapacitat intel\u00b7lectual  5. Caracter\u00edstiques i necessitats de les persones amb diversitat funcional. 6. Caracter\u00edstiques i necessitats de les persones amb diversitat funcional intel\u00b7lectual.     UF 5. Persones amb discapacitat f\u00edsica  7. Caracter\u00edstiques i necessitats de les persones amb diversitat funcional f\u00edsica. 8. Caracter\u00edstiques i necessitats de les persones amb diversitat funcional sensorial.     UF 3. Persones amb malaltia mental  9. Caracter\u00edstiques i necessitats de les persones amb problemes de salut mental.<\/p>\n","protected":false},"excerpt":{"rendered":"<p>M. E. D\u00cdAZ, R. REYES, M. J. TELLO<\/p>\n","protected":false},"featured_media":450287,"template":"","meta":{"_acf_changed":false,"om_disable_all_campaigns":false,"rs_blank_template":"","rs_page_bg_color":"","slide_template_v7":"","inline_featured_image":false,"_monsterinsights_skip_tracking":false,"_monsterinsights_sitenote_active":false,"_monsterinsights_sitenote_note":"","_monsterinsights_sitenote_category":0},"product_brand":[],"product_cat":[142,575],"product_tag":[],"class_list":{"0":"post-450286","1":"product","2":"type-product","3":"status-publish","4":"has-post-thumbnail","6":"product_cat-orientacio-professional","7":"product_cat-orientacion-profesional-escolar-4_escolar-spa","9":"first","10":"instock","11":"taxable","12":"shipping-taxable","13":"purchasable","14":"product-type-simple"},"acf":{"autor":"M. E. D\u00cdAZ, R. REYES, M. J. TELLO","codart":"841714455","libros-coleccion":"CFGM ATENCI\u00d3 A PERSONES EN SITUACI\u00d3 DE D","ediciones":"1","encuadernacion":"R\u00fastica","fecha_de_publicacion":"01\/05\/2018","novedad":"0","paginas":"240","subtitulo":"","orden":"0","portada":"0","idioma":"cat","editorial":[{"ID":450277,"post_author":"3","post_date":"2023-07-10 12:11:39","post_date_gmt":"2023-07-10 10:11:39","post_content":"","post_title":"Editorial Altamar","post_excerpt":"","post_status":"publish","comment_status":"closed","ping_status":"closed","post_password":"","post_name":"editorial-altamar","to_ping":"","pinged":"","post_modified":"2023-07-10 12:11:39","post_modified_gmt":"2023-07-10 10:11:39","post_content_filtered":"","post_parent":0,"guid":"https:\/\/www.claret.cat\/editorial\/editorial-altamar\/","menu_order":0,"post_type":"editorial","post_mime_type":"","comment_count":"0","filter":"raw"}],"autores-libros":[{"ID":450285,"post_author":"3","post_date":"2023-07-10 12:12:02","post_date_gmt":"2023-07-10 10:12:02","post_content":"","post_title":"R. REYES M. E. D\u00cdAZ","post_excerpt":"","post_status":"publish","comment_status":"closed","ping_status":"closed","post_password":"","post_name":"r-reyes-m-e-diaz","to_ping":"","pinged":"","post_modified":"2023-07-10 12:12:02","post_modified_gmt":"2023-07-10 10:12:02","post_content_filtered":"","post_parent":0,"guid":"https:\/\/www.claret.cat\/autor\/r-reyes-m-e-diaz\/","menu_order":0,"post_type":"autor","post_mime_type":"","comment_count":"0","filter":"raw"}]},"aioseo_notices":[],"_links":{"self":[{"href":"https:\/\/www.claret.cat\/es\/wp-json\/wp\/v2\/product\/450286","targetHints":{"allow":["GET"]}}],"collection":[{"href":"https:\/\/www.claret.cat\/es\/wp-json\/wp\/v2\/product"}],"about":[{"href":"https:\/\/www.claret.cat\/es\/wp-json\/wp\/v2\/types\/product"}],"wp:featuredmedia":[{"embeddable":true,"href":"https:\/\/www.claret.cat\/es\/wp-json\/wp\/v2\/media\/450287"}],"wp:attachment":[{"href":"https:\/\/www.claret.cat\/es\/wp-json\/wp\/v2\/media?parent=450286"}],"wp:term":[{"taxonomy":"product_brand","embeddable":true,"href":"https:\/\/www.claret.cat\/es\/wp-json\/wp\/v2\/product_brand?post=450286"},{"taxonomy":"product_cat","embeddable":true,"href":"https:\/\/www.claret.cat\/es\/wp-json\/wp\/v2\/product_cat?post=450286"},{"taxonomy":"product_tag","embeddable":true,"href":"https:\/\/www.claret.cat\/es\/wp-json\/wp\/v2\/product_tag?post=450286"}],"curies":[{"name":"wp","href":"https:\/\/api.w.org\/{rel}","templated":true}]}}