{"id":45031,"date":"2022-10-02T21:58:15","date_gmt":"2022-10-02T19:58:15","guid":{"rendered":"http:\/\/dev.claret.cat\/producte\/aunque-las-piedras-callasen\/"},"modified":"2023-10-06T11:05:58","modified_gmt":"2023-10-06T09:05:58","slug":"aunque-las-piedras-callasen-9788415995531","status":"publish","type":"product","link":"https:\/\/www.claret.cat\/es\/libro\/aunque-las-piedras-callasen-9788415995531\/","title":{"rendered":"AUNQUE LAS PIEDRAS CALLASEN"},"content":{"rendered":"<p>Ciento cincuenta salmos nacidos de la vida, desde el agradecimiento y la esperanza, que nos invitan a entrar en el coraz\u00f3n de la gente para descubrir el caudal de gratitud que contienen. Caudal de agradecimiento que nos sana. Nos sana tanto el ego\u00edsmo acumulado, de esa funesta man\u00eda de comparar y compararnos, de entender la vida como una competici\u00f3n en la que solo vale ser ganadores y en la que es una tragedia ser perdedores, de vivir pendientes y dependientes de las opiniones de los dem\u00e1s hasta la esclavitud. Este libro es medicina contra todo ello.<br \/> &#8230;encuentros desde la vida y para la vida.<\/p>\n","protected":false},"excerpt":{"rendered":"<p>UR\u00cdAS IB\u00c1\u00d1EZ, SANTOS<\/p>\n","protected":false},"featured_media":277410,"template":"","meta":{"_acf_changed":false,"om_disable_all_campaigns":false,"rs_blank_template":"","rs_page_bg_color":"","slide_template_v7":"","inline_featured_image":false,"_monsterinsights_skip_tracking":false,"_monsterinsights_sitenote_active":false,"_monsterinsights_sitenote_note":"","_monsterinsights_sitenote_category":0},"product_brand":[],"product_cat":[383],"product_tag":[],"class_list":{"0":"post-45031","1":"product","2":"type-product","3":"status-publish","4":"has-post-thumbnail","6":"product_cat-salmos-y-libros-poeticos","8":"first","9":"instock","10":"taxable","11":"shipping-taxable","12":"purchasable","13":"product-type-simple"},"acf":{"autor":"UR\u00cdAS IB\u00c1\u00d1EZ, SANTOS","codart":"841599553","libros-coleccion":"Expresarte","ediciones":"1","encuadernacion":"R\u00fastica","fecha_de_publicacion":"01\/02\/2022","novedad":"1","paginas":"336","subtitulo":"SALMOS PARA EL CAMINO","orden":"0","portada":"0","idioma":"spa","editorial":[{"ID":148334,"post_author":"3","post_date":"2022-10-14 11:57:26","post_date_gmt":"2022-10-14 09:57:26","post_content":"","post_title":"Khaf (Edelvives)","post_excerpt":"","post_status":"publish","comment_status":"closed","ping_status":"closed","post_password":"","post_name":"khaf-edelvives","to_ping":"","pinged":"","post_modified":"2022-10-14 11:57:26","post_modified_gmt":"2022-10-14 09:57:26","post_content_filtered":"","post_parent":0,"guid":"http:\/\/dev.claret.cat\/editorial\/khaf-edelvives\/","menu_order":0,"post_type":"editorial","post_mime_type":"","comment_count":"0","filter":"raw"}],"autores-libros":[{"ID":169083,"post_author":"3","post_date":"2022-10-14 22:24:20","post_date_gmt":"2022-10-14 20:24:20","post_content":"","post_title":"SANTOS URIAS IBA\u00d1EZ","post_excerpt":"","post_status":"publish","comment_status":"closed","ping_status":"closed","post_password":"","post_name":"santos-urias-ibanez","to_ping":"","pinged":"","post_modified":"2022-10-14 22:24:20","post_modified_gmt":"2022-10-14 20:24:20","post_content_filtered":"","post_parent":0,"guid":"http:\/\/dev.claret.cat\/autor\/santos-urias-ibanez\/","menu_order":0,"post_type":"autor","post_mime_type":"","comment_count":"0","filter":"raw"}]},"aioseo_notices":[],"_links":{"self":[{"href":"https:\/\/www.claret.cat\/es\/wp-json\/wp\/v2\/product\/45031","targetHints":{"allow":["GET"]}}],"collection":[{"href":"https:\/\/www.claret.cat\/es\/wp-json\/wp\/v2\/product"}],"about":[{"href":"https:\/\/www.claret.cat\/es\/wp-json\/wp\/v2\/types\/product"}],"wp:featuredmedia":[{"embeddable":true,"href":"https:\/\/www.claret.cat\/es\/wp-json\/wp\/v2\/media\/277410"}],"wp:attachment":[{"href":"https:\/\/www.claret.cat\/es\/wp-json\/wp\/v2\/media?parent=45031"}],"wp:term":[{"taxonomy":"product_brand","embeddable":true,"href":"https:\/\/www.claret.cat\/es\/wp-json\/wp\/v2\/product_brand?post=45031"},{"taxonomy":"product_cat","embeddable":true,"href":"https:\/\/www.claret.cat\/es\/wp-json\/wp\/v2\/product_cat?post=45031"},{"taxonomy":"product_tag","embeddable":true,"href":"https:\/\/www.claret.cat\/es\/wp-json\/wp\/v2\/product_tag?post=45031"}],"curies":[{"name":"wp","href":"https:\/\/api.w.org\/{rel}","templated":true}]}}