{"id":450315,"date":"2023-07-10T12:17:29","date_gmt":"2023-07-10T10:17:29","guid":{"rendered":"https:\/\/www.claret.cat\/llibre\/casi-cracks-1-campeones-de-rebote-9788427237322\/"},"modified":"2026-04-21T13:20:47","modified_gmt":"2026-04-21T11:20:47","slug":"casi-cracks-1-campeones-de-rebote-9788427237322","status":"publish","type":"product","link":"https:\/\/www.claret.cat\/es\/libro\/casi-cracks-1-campeones-de-rebote-9788427237322\/","title":{"rendered":"CASI CRACKS 1 &#8211; \u00a1CAMPEONES DE REBOTE!"},"content":{"rendered":"<p>\u00a1SALTA AL CAMPO DE JUEGO Y CONOCE AL EQUIPO DE F\u00daTBOL M\u00c1S DIVERTIDO!  Dicen que en el f\u00fatbol no hay rival peque\u00f1o, pero \u00a1eso es porque no conocen a los CASI CRACKS! Cuando los Casi Cracks se clasifican para uno de los torneos m\u00e1s importantes del a\u00f1o, nadie se lo cree del todo. \u00bfHa sido suerte o es posible que est\u00e9 ocurriendo algo m\u00e1s?Con equipos que se quedan dormidos en el campo, balones que parecen tener vida propia y algunos rivales bastante sospechosos, el reto no ser\u00e1 solamente llegar a la final&#8230; \u00a1Ser\u00e1 resolver el misterio m\u00e1s disparatado de la temporada! &#8212;&#8212;&#8212;&#8212;&#8212;&#8212;&#8212;&#8212;F\u00fatbol, amistad, deportividad y mucho humor en una serie para primeros lectores que har\u00e1 que se partan de risa: &#8211; Con ilustraciones llenas de acci\u00f3n y de humor en cada p\u00e1gina. &#8211; Texto sencillo, divertido \u00a1y f\u00e1cil de leer! &#8211; Para todo tipo de j\u00f3venes lectores: desde aficionados al f\u00fatbol hasta fans de las historias de aventuras y de humor.- Para ni\u00f1os y ni\u00f1as, \u00a1en los Casi Cracks jugamos todos!<\/p>\n","protected":false},"excerpt":{"rendered":"<p>T\u00c1RRAGA, LAURA<\/p>\n","protected":false},"featured_media":887814,"template":"","meta":{"_acf_changed":false,"om_disable_all_campaigns":false,"rs_blank_template":"","rs_page_bg_color":"","slide_template_v7":"","inline_featured_image":false,"_monsterinsights_skip_tracking":false,"_monsterinsights_sitenote_active":false,"_monsterinsights_sitenote_note":"","_monsterinsights_sitenote_category":0},"product_brand":[],"product_cat":[133,363],"product_tag":[],"class_list":{"0":"post-450315","1":"product","2":"type-product","3":"status-publish","4":"has-post-thumbnail","6":"product_cat-lectures-per-adolescents-12-18-anys","7":"product_cat-lecturas-por-adolescentes-12-18-anos","9":"first","10":"instock","11":"taxable","12":"shipping-taxable","13":"purchasable","14":"product-type-simple"},"acf":{"autor":"T\u00c1RRAGA, LAURA","codart":"842723732","libros-coleccion":"","ediciones":"1","encuadernacion":"Carton\u00e9","fecha_de_publicacion":"01\/07\/2023","novedad":"1","paginas":"141","subtitulo":"","orden":"0","portada":"0","idioma":"cat","editorial":[{"ID":6346,"post_author":"3","post_date":"2022-07-28 17:50:13","post_date_gmt":"2022-07-28 15:50:13","post_content":"","post_title":"RBA Molino","post_excerpt":"","post_status":"publish","comment_status":"closed","ping_status":"closed","post_password":"","post_name":"rba-molino","to_ping":"","pinged":"","post_modified":"2022-07-28 17:50:13","post_modified_gmt":"2022-07-28 15:50:13","post_content_filtered":"","post_parent":0,"guid":"http:\/\/dev.claret.cat\/editorial\/rba-molino\/","menu_order":0,"post_type":"editorial","post_mime_type":"","comment_count":"0","filter":"raw"}],"autores-libros":[{"ID":450349,"post_author":"3","post_date":"2023-07-10 12:27:48","post_date_gmt":"2023-07-10 10:27:48","post_content":"","post_title":"LAURA T\u00c1RRAGA","post_excerpt":"","post_status":"publish","comment_status":"closed","ping_status":"closed","post_password":"","post_name":"laura-tarraga","to_ping":"","pinged":"","post_modified":"2023-07-10 12:27:48","post_modified_gmt":"2023-07-10 10:27:48","post_content_filtered":"","post_parent":0,"guid":"https:\/\/www.claret.cat\/autor\/laura-tarraga\/","menu_order":0,"post_type":"autor","post_mime_type":"","comment_count":"0","filter":"raw"}],"booktrailer":"","resenas":""},"aioseo_notices":[],"_links":{"self":[{"href":"https:\/\/www.claret.cat\/es\/wp-json\/wp\/v2\/product\/450315","targetHints":{"allow":["GET"]}}],"collection":[{"href":"https:\/\/www.claret.cat\/es\/wp-json\/wp\/v2\/product"}],"about":[{"href":"https:\/\/www.claret.cat\/es\/wp-json\/wp\/v2\/types\/product"}],"wp:featuredmedia":[{"embeddable":true,"href":"https:\/\/www.claret.cat\/es\/wp-json\/wp\/v2\/media\/887814"}],"wp:attachment":[{"href":"https:\/\/www.claret.cat\/es\/wp-json\/wp\/v2\/media?parent=450315"}],"wp:term":[{"taxonomy":"product_brand","embeddable":true,"href":"https:\/\/www.claret.cat\/es\/wp-json\/wp\/v2\/product_brand?post=450315"},{"taxonomy":"product_cat","embeddable":true,"href":"https:\/\/www.claret.cat\/es\/wp-json\/wp\/v2\/product_cat?post=450315"},{"taxonomy":"product_tag","embeddable":true,"href":"https:\/\/www.claret.cat\/es\/wp-json\/wp\/v2\/product_tag?post=450315"}],"curies":[{"name":"wp","href":"https:\/\/api.w.org\/{rel}","templated":true}]}}