{"id":450319,"date":"2023-07-10T12:20:06","date_gmt":"2023-07-10T10:20:06","guid":{"rendered":"https:\/\/www.claret.cat\/llibre\/academia-unicornio-1-sofia-y-arco-iris-9788427237254\/"},"modified":"2025-04-07T11:45:36","modified_gmt":"2025-04-07T09:45:36","slug":"academia-unicornio-1-sofia-y-arco-iris-9788427237254","status":"publish","type":"product","link":"https:\/\/www.claret.cat\/es\/libro\/academia-unicornio-1-sofia-y-arco-iris-9788427237254\/","title":{"rendered":"ACADEMIA UNICORNIO 1 &#8211; SOF\u00cdA Y ARCO IRIS"},"content":{"rendered":"<p>\u00bfY si tu mejor amigo fuera un unicornio?<\/p>\n<p>Entra en la Academia Unicornio&#8230; \u00a1donde todo es m\u00e1gico! \u00a1A Sof\u00eda le hace mucha ilusi\u00f3n entrar en la Academia Unicornio! All\u00ed conoce a Arco Iris, un precioso unicornio que se convertir\u00e1 en su mejor amigo. Cuando el lago m\u00e1gico de la Academia empieza a tener un color raro y la magia de los unicornios falla, Sof\u00eda y Arco Iris deber\u00e1n lanzarse a una gran aventura en el bosque para solucionarlo.<\/p>\n","protected":false},"excerpt":{"rendered":"<p>SYKES, JULIE<\/p>\n","protected":false},"featured_media":450320,"template":"","meta":{"_acf_changed":false,"om_disable_all_campaigns":false,"rs_blank_template":"","rs_page_bg_color":"","slide_template_v7":"","inline_featured_image":false,"_monsterinsights_skip_tracking":false,"_monsterinsights_sitenote_active":false,"_monsterinsights_sitenote_note":"","_monsterinsights_sitenote_category":0},"product_brand":[],"product_cat":[132,362],"product_tag":[],"class_list":{"0":"post-450319","1":"product","2":"type-product","3":"status-publish","4":"has-post-thumbnail","6":"product_cat-lectures-per-preadolescents-6-12-anys","7":"product_cat-libros-preadolescentes-6-12-anos","9":"first","10":"instock","11":"taxable","12":"shipping-taxable","13":"purchasable","14":"product-type-simple"},"acf":{"autor":"SYKES, JULIE","codart":"842723725","libros-coleccion":"FORA DE COL.LECCI\u00d3","ediciones":"1","encuadernacion":"R\u00fastica","fecha_de_publicacion":"01\/07\/2023","novedad":"1","paginas":"108","subtitulo":"","orden":"0","portada":"0","idioma":"spa","editorial":[{"ID":6346,"post_author":"3","post_date":"2022-07-28 17:50:13","post_date_gmt":"2022-07-28 15:50:13","post_content":"","post_title":"RBA Molino","post_excerpt":"","post_status":"publish","comment_status":"closed","ping_status":"closed","post_password":"","post_name":"rba-molino","to_ping":"","pinged":"","post_modified":"2022-07-28 17:50:13","post_modified_gmt":"2022-07-28 15:50:13","post_content_filtered":"","post_parent":0,"guid":"http:\/\/dev.claret.cat\/editorial\/rba-molino\/","menu_order":0,"post_type":"editorial","post_mime_type":"","comment_count":"0","filter":"raw"}],"autores-libros":[{"ID":450318,"post_author":"3","post_date":"2023-07-10 12:20:03","post_date_gmt":"2023-07-10 10:20:03","post_content":"","post_title":"JULIE SYKES","post_excerpt":"","post_status":"publish","comment_status":"closed","ping_status":"closed","post_password":"","post_name":"julie-sykes","to_ping":"","pinged":"","post_modified":"2023-07-10 12:20:03","post_modified_gmt":"2023-07-10 10:20:03","post_content_filtered":"","post_parent":0,"guid":"https:\/\/www.claret.cat\/autor\/julie-sykes\/","menu_order":0,"post_type":"autor","post_mime_type":"","comment_count":"0","filter":"raw"}]},"aioseo_notices":[],"_links":{"self":[{"href":"https:\/\/www.claret.cat\/es\/wp-json\/wp\/v2\/product\/450319","targetHints":{"allow":["GET"]}}],"collection":[{"href":"https:\/\/www.claret.cat\/es\/wp-json\/wp\/v2\/product"}],"about":[{"href":"https:\/\/www.claret.cat\/es\/wp-json\/wp\/v2\/types\/product"}],"wp:featuredmedia":[{"embeddable":true,"href":"https:\/\/www.claret.cat\/es\/wp-json\/wp\/v2\/media\/450320"}],"wp:attachment":[{"href":"https:\/\/www.claret.cat\/es\/wp-json\/wp\/v2\/media?parent=450319"}],"wp:term":[{"taxonomy":"product_brand","embeddable":true,"href":"https:\/\/www.claret.cat\/es\/wp-json\/wp\/v2\/product_brand?post=450319"},{"taxonomy":"product_cat","embeddable":true,"href":"https:\/\/www.claret.cat\/es\/wp-json\/wp\/v2\/product_cat?post=450319"},{"taxonomy":"product_tag","embeddable":true,"href":"https:\/\/www.claret.cat\/es\/wp-json\/wp\/v2\/product_tag?post=450319"}],"curies":[{"name":"wp","href":"https:\/\/api.w.org\/{rel}","templated":true}]}}