{"id":450336,"date":"2023-07-10T12:25:50","date_gmt":"2023-07-10T10:25:50","guid":{"rendered":"https:\/\/www.claret.cat\/llibre\/clodett-el-diario-de-la-cripta-9788419501752\/"},"modified":"2023-10-11T01:23:08","modified_gmt":"2023-10-10T23:23:08","slug":"clodett-el-diario-de-la-cripta-9788419501752","status":"publish","type":"product","link":"https:\/\/www.claret.cat\/es\/libro\/clodett-el-diario-de-la-cripta-9788419501752\/","title":{"rendered":"CLODETT: EL DIARIO DE LA CRIPTA"},"content":{"rendered":"<p>Una nueva historia de Clodett con ingredientes de amor y misterio. NUEVO INSTITUTO NUEVOS AMIGOS NUEVOS SECRETOS Cuando llega nueva al instituto, Clodett se da cuenta de que algo raro est\u00e1 pasando&#8230; y est\u00e1 decidida a encontrar respuestas como sea.Las pistas la llevar\u00e1n por toda la ciudad, pasando por pasadizos subterr\u00e1neos y por una cripta llena de misterios, pero lo que no sabe es que la verdad siempre ha estado muy cerca&#8230;, aunque el odio y el amor no se lo dejaban ver. \u00bfConseguir\u00e1 apartar sus sentimientos y enfrentarse a un misterio que puede acabar con ella, o quiz\u00e1s los sentimientos ser\u00e1n la clave de su salvaci\u00f3n?<\/p>\n","protected":false},"excerpt":{"rendered":"<p>CLODETT<\/p>\n","protected":false},"featured_media":450337,"template":"","meta":{"_acf_changed":false,"om_disable_all_campaigns":false,"rs_blank_template":"","rs_page_bg_color":"","slide_template_v7":"","inline_featured_image":false,"_monsterinsights_skip_tracking":false,"_monsterinsights_sitenote_active":false,"_monsterinsights_sitenote_note":"","_monsterinsights_sitenote_category":0},"product_brand":[],"product_cat":[132,362],"product_tag":[],"class_list":{"0":"post-450336","1":"product","2":"type-product","3":"status-publish","4":"has-post-thumbnail","6":"product_cat-lectures-per-preadolescents-6-12-anys","7":"product_cat-libros-preadolescentes-6-12-anos","9":"first","10":"instock","11":"taxable","12":"shipping-taxable","13":"purchasable","14":"product-type-simple"},"acf":{"autor":"CLODETT","codart":"841950175","libros-coleccion":"Montena","ediciones":"1","encuadernacion":"R\u00fastica","fecha_de_publicacion":"01\/07\/2023","novedad":"1","paginas":"149","subtitulo":"","orden":"0","portada":"0","idioma":"spa","editorial":[{"ID":6310,"post_author":"3","post_date":"2022-07-28 17:49:26","post_date_gmt":"2022-07-28 15:49:26","post_content":"","post_title":"MONTENA","post_excerpt":"","post_status":"publish","comment_status":"closed","ping_status":"closed","post_password":"","post_name":"montena","to_ping":"","pinged":"","post_modified":"2022-07-28 17:49:26","post_modified_gmt":"2022-07-28 15:49:26","post_content_filtered":"","post_parent":0,"guid":"http:\/\/dev.claret.cat\/editorial\/montena\/","menu_order":0,"post_type":"editorial","post_mime_type":"","comment_count":"0","filter":"raw"}],"autores-libros":[{"ID":153139,"post_author":"3","post_date":"2022-10-14 14:54:23","post_date_gmt":"2022-10-14 12:54:23","post_content":"","post_title":"CLODETT","post_excerpt":"","post_status":"publish","comment_status":"closed","ping_status":"closed","post_password":"","post_name":"clodett","to_ping":"","pinged":"","post_modified":"2022-10-14 14:54:23","post_modified_gmt":"2022-10-14 12:54:23","post_content_filtered":"","post_parent":0,"guid":"http:\/\/dev.claret.cat\/autor\/clodett\/","menu_order":0,"post_type":"autor","post_mime_type":"","comment_count":"0","filter":"raw"}]},"aioseo_notices":[],"_links":{"self":[{"href":"https:\/\/www.claret.cat\/es\/wp-json\/wp\/v2\/product\/450336","targetHints":{"allow":["GET"]}}],"collection":[{"href":"https:\/\/www.claret.cat\/es\/wp-json\/wp\/v2\/product"}],"about":[{"href":"https:\/\/www.claret.cat\/es\/wp-json\/wp\/v2\/types\/product"}],"wp:featuredmedia":[{"embeddable":true,"href":"https:\/\/www.claret.cat\/es\/wp-json\/wp\/v2\/media\/450337"}],"wp:attachment":[{"href":"https:\/\/www.claret.cat\/es\/wp-json\/wp\/v2\/media?parent=450336"}],"wp:term":[{"taxonomy":"product_brand","embeddable":true,"href":"https:\/\/www.claret.cat\/es\/wp-json\/wp\/v2\/product_brand?post=450336"},{"taxonomy":"product_cat","embeddable":true,"href":"https:\/\/www.claret.cat\/es\/wp-json\/wp\/v2\/product_cat?post=450336"},{"taxonomy":"product_tag","embeddable":true,"href":"https:\/\/www.claret.cat\/es\/wp-json\/wp\/v2\/product_tag?post=450336"}],"curies":[{"name":"wp","href":"https:\/\/api.w.org\/{rel}","templated":true}]}}