{"id":450573,"date":"2023-07-10T16:05:05","date_gmt":"2023-07-10T14:05:05","guid":{"rendered":"https:\/\/www.claret.cat\/llibre\/comunicacion-y-cristianismo-2-9788428840316\/"},"modified":"2024-05-24T10:10:02","modified_gmt":"2024-05-24T08:10:02","slug":"comunicacion-y-cristianismo-2-9788428840316","status":"publish","type":"product","link":"https:\/\/www.claret.cat\/es\/libro\/comunicacion-y-cristianismo-2-9788428840316\/","title":{"rendered":"COMUNICACI\u00d3N Y CRISTIANISMO 2"},"content":{"rendered":"<p>La primera obligaci\u00f3n de los usuarios de la comunicaci\u00f3n social dice el Pontificio Consejo para las Comunicaciones Sociales consiste en seleccionar y discernir. La educaci\u00f3n en la utilizaci\u00f3n de los medios de comunicaci\u00f3n, m\u00e1s que ense\u00f1ar algo sobre las t\u00e9cnicas, ayuda a la gente a formarse criterios de buen gusto y juicios morales aut\u00e9nticos, que constituyen un aspecto de la formaci\u00f3n de la conciencia.<br \/>Siguiendo esta recomendaci\u00f3n, se habla, despu\u00e9s de analizar el fen\u00f3meno de la comunicaci\u00f3n social, de los diferentes medios: televisi\u00f3n, prensa, radio, redes sociales, cine, internet, publicidad y relaciones p\u00fablicas. C\u00f3mo funcionan, qu\u00e9 son, cu\u00e1les son sus caracter\u00edsticas, qu\u00e9 g\u00e9neros usan, qui\u00e9nes est\u00e1n detr\u00e1s y otras muchas cuestiones resultan convenientes, si no necesarias, para que los encargados de la formaci\u00f3n y educaci\u00f3n de las j\u00f3venes generaciones la familia, la escuela, la Iglesia\u2014 las valoren para la transmisi\u00f3n de valores humanos y cristianos.<\/p>\n","protected":false},"excerpt":{"rendered":"<p>SANTIAGO RODRIGUEZ, MIGUEL DE<\/p>\n","protected":false},"featured_media":450914,"template":"","meta":{"_acf_changed":false,"om_disable_all_campaigns":false,"rs_blank_template":"","rs_page_bg_color":"","slide_template_v7":"","inline_featured_image":false,"_monsterinsights_skip_tracking":false,"_monsterinsights_sitenote_active":false,"_monsterinsights_sitenote_note":"","_monsterinsights_sitenote_category":0},"product_brand":[],"product_cat":[279,509],"product_tag":[],"class_list":{"0":"post-450573","1":"product","2":"type-product","3":"status-publish","4":"has-post-thumbnail","6":"product_cat-antropologia-teologica","7":"product_cat-antropologia-teologica-teologia-1_espiritualidad","9":"first","10":"instock","11":"taxable","12":"shipping-taxable","13":"purchasable","14":"product-type-simple"},"acf":{"autor":"SANTIAGO RODRIGUEZ, MIGUEL DE","codart":"842884031","libros-coleccion":"Actualidad","ediciones":"1","encuadernacion":"R\u00fastica","fecha_de_publicacion":"10\/07\/2023","novedad":"1","paginas":"263","subtitulo":"LOS MEDIOS, CARACTER\u00cdSTICAS  Y FUNCIONES ","orden":"0","portada":"1","idioma":"spa","editorial":[{"ID":6335,"post_author":"3","post_date":"2022-07-28 17:49:59","post_date_gmt":"2022-07-28 15:49:59","post_content":"","post_title":"PPC altres","post_excerpt":"","post_status":"publish","comment_status":"closed","ping_status":"closed","post_password":"","post_name":"ppc-altres","to_ping":"","pinged":"","post_modified":"2022-07-28 17:49:59","post_modified_gmt":"2022-07-28 15:49:59","post_content_filtered":"","post_parent":0,"guid":"http:\/\/dev.claret.cat\/editorial\/ppc-altres\/","menu_order":0,"post_type":"editorial","post_mime_type":"","comment_count":"0","filter":"raw"}],"autores-libros":[{"ID":450569,"post_author":"3","post_date":"2023-07-10 16:00:03","post_date_gmt":"2023-07-10 14:00:03","post_content":"","post_title":"MIGUEL DE SANTIAGO RODRIGUEZ","post_excerpt":"","post_status":"publish","comment_status":"closed","ping_status":"closed","post_password":"","post_name":"miguel-de-santiago-rodriguez-2","to_ping":"","pinged":"","post_modified":"2023-07-10 16:00:03","post_modified_gmt":"2023-07-10 14:00:03","post_content_filtered":"","post_parent":0,"guid":"https:\/\/www.claret.cat\/autor\/miguel-de-santiago-rodriguez-2\/","menu_order":0,"post_type":"autor","post_mime_type":"","comment_count":"0","filter":"raw"}]},"aioseo_notices":[],"_links":{"self":[{"href":"https:\/\/www.claret.cat\/es\/wp-json\/wp\/v2\/product\/450573","targetHints":{"allow":["GET"]}}],"collection":[{"href":"https:\/\/www.claret.cat\/es\/wp-json\/wp\/v2\/product"}],"about":[{"href":"https:\/\/www.claret.cat\/es\/wp-json\/wp\/v2\/types\/product"}],"wp:featuredmedia":[{"embeddable":true,"href":"https:\/\/www.claret.cat\/es\/wp-json\/wp\/v2\/media\/450914"}],"wp:attachment":[{"href":"https:\/\/www.claret.cat\/es\/wp-json\/wp\/v2\/media?parent=450573"}],"wp:term":[{"taxonomy":"product_brand","embeddable":true,"href":"https:\/\/www.claret.cat\/es\/wp-json\/wp\/v2\/product_brand?post=450573"},{"taxonomy":"product_cat","embeddable":true,"href":"https:\/\/www.claret.cat\/es\/wp-json\/wp\/v2\/product_cat?post=450573"},{"taxonomy":"product_tag","embeddable":true,"href":"https:\/\/www.claret.cat\/es\/wp-json\/wp\/v2\/product_tag?post=450573"}],"curies":[{"name":"wp","href":"https:\/\/api.w.org\/{rel}","templated":true}]}}