{"id":450758,"date":"2023-07-10T19:25:07","date_gmt":"2023-07-10T17:25:07","guid":{"rendered":"https:\/\/www.claret.cat\/llibre\/de-los-nombres-de-cristo-9788467068719\/"},"modified":"2026-03-11T12:55:13","modified_gmt":"2026-03-11T11:55:13","slug":"de-los-nombres-de-cristo-9788467068719","status":"publish","type":"product","link":"https:\/\/www.claret.cat\/es\/libro\/de-los-nombres-de-cristo-9788467068719\/","title":{"rendered":"DE LOS NOMBRES DE CRISTO"},"content":{"rendered":"<p>El volumen 39 de la BCRAE ofrece una de las cumbres de la prosa de ideas de nuestro Renacimiento: De los nombres de Cristo. <br \/> Se trata de una honda reflexi\u00f3n teol\u00f3gica que se presenta a trav\u00e9s de la forma din\u00e1mica y clasicista del di\u00e1logo, que fray Luis sit\u00faa en la finca de la Flecha, en las afueras de Salamanca, donde un grupo de eminentes amigos aborda en todas sus dimensiones la figura de Jesucristo a partir de los nombres con que se lo designa en la tradici\u00f3n patr\u00edstica y eclesi\u00e1stica.<br \/> La presente edici\u00f3n, basada en un estudio minucioso de las tres impresiones en las que intervino el autor (1583, 1585, 1587), ofrece un texto depurado, cuya detenida anotaci\u00f3n pone de relieve la erudici\u00f3n b\u00edblica y cl\u00e1sica y la sabidur\u00eda teol\u00f3gica de fray Luis.<\/p>\n","protected":false},"excerpt":{"rendered":"<p>FRAY LUIS DE LE\u00d3N<\/p>\n","protected":false},"featured_media":450759,"template":"","meta":{"_acf_changed":false,"om_disable_all_campaigns":false,"rs_blank_template":"","rs_page_bg_color":"","slide_template_v7":"","inline_featured_image":false,"_monsterinsights_skip_tracking":false,"_monsterinsights_sitenote_active":false,"_monsterinsights_sitenote_note":"","_monsterinsights_sitenote_category":0},"product_brand":[],"product_cat":[278,508],"product_tag":[],"class_list":{"0":"post-450758","1":"product","2":"type-product","3":"status-publish","4":"has-post-thumbnail","6":"product_cat-misteri-de-deu","7":"product_cat-misterio-de-dios","9":"first","10":"instock","11":"taxable","12":"shipping-taxable","13":"purchasable","14":"product-type-simple"},"acf":{"autor":"FRAY LUIS DE LE\u00d3N","codart":"846706871","libros-coleccion":"FORA DE COL.LECCI\u00d3","ediciones":"1","encuadernacion":"Carton\u00e9","fecha_de_publicacion":"01\/02\/2023","novedad":"1","paginas":"0","subtitulo":"","orden":"0","portada":"0","idioma":"spa","editorial":[{"ID":6247,"post_author":"3","post_date":"2022-07-28 17:48:06","post_date_gmt":"2022-07-28 15:48:06","post_content":"","post_title":"ESPASA, EDITORIAL","post_excerpt":"","post_status":"publish","comment_status":"closed","ping_status":"closed","post_password":"","post_name":"espasa-editorial","to_ping":"","pinged":"","post_modified":"2022-07-28 17:48:06","post_modified_gmt":"2022-07-28 15:48:06","post_content_filtered":"","post_parent":0,"guid":"http:\/\/dev.claret.cat\/editorial\/espasa-editorial\/","menu_order":0,"post_type":"editorial","post_mime_type":"","comment_count":"0","filter":"raw"}],"autores-libros":[{"ID":450761,"post_author":"3","post_date":"2023-07-10 19:30:20","post_date_gmt":"2023-07-10 17:30:20","post_content":"","post_title":"FRAY LUIS DE LEON","post_excerpt":"","post_status":"publish","comment_status":"closed","ping_status":"closed","post_password":"","post_name":"fray-luis-de-leon-2","to_ping":"","pinged":"","post_modified":"2023-07-10 19:30:20","post_modified_gmt":"2023-07-10 17:30:20","post_content_filtered":"","post_parent":0,"guid":"https:\/\/www.claret.cat\/autor\/fray-luis-de-leon-2\/","menu_order":0,"post_type":"autor","post_mime_type":"","comment_count":"0","filter":"raw"}],"booktrailer":"","resenas":""},"aioseo_notices":[],"_links":{"self":[{"href":"https:\/\/www.claret.cat\/es\/wp-json\/wp\/v2\/product\/450758","targetHints":{"allow":["GET"]}}],"collection":[{"href":"https:\/\/www.claret.cat\/es\/wp-json\/wp\/v2\/product"}],"about":[{"href":"https:\/\/www.claret.cat\/es\/wp-json\/wp\/v2\/types\/product"}],"wp:featuredmedia":[{"embeddable":true,"href":"https:\/\/www.claret.cat\/es\/wp-json\/wp\/v2\/media\/450759"}],"wp:attachment":[{"href":"https:\/\/www.claret.cat\/es\/wp-json\/wp\/v2\/media?parent=450758"}],"wp:term":[{"taxonomy":"product_brand","embeddable":true,"href":"https:\/\/www.claret.cat\/es\/wp-json\/wp\/v2\/product_brand?post=450758"},{"taxonomy":"product_cat","embeddable":true,"href":"https:\/\/www.claret.cat\/es\/wp-json\/wp\/v2\/product_cat?post=450758"},{"taxonomy":"product_tag","embeddable":true,"href":"https:\/\/www.claret.cat\/es\/wp-json\/wp\/v2\/product_tag?post=450758"}],"curies":[{"name":"wp","href":"https:\/\/api.w.org\/{rel}","templated":true}]}}