{"id":450892,"date":"2023-07-11T13:39:28","date_gmt":"2023-07-11T11:39:28","guid":{"rendered":"https:\/\/www.claret.cat\/llibre\/jordania-6-9788408265092\/"},"modified":"2023-10-11T01:21:48","modified_gmt":"2023-10-10T23:21:48","slug":"jordania-6-9788408265092","status":"publish","type":"product","link":"https:\/\/www.claret.cat\/es\/libro\/jordania-6-9788408265092\/","title":{"rendered":"JORDANIA 6"},"content":{"rendered":"<p>Dormir bajo las estrellas en el desierto de Wadi Rum, deambular por las impresionantes ruinas milenarias de Jerash, flotar relajadamente en las aguas saladas del mar Muerto, hacer rutas de senderismo por ca\u00f1ones espectaculares, maravillarse ante la diversidad submarina que bulle en el mar Rojo y sentir la magia de Petra, una maravilla de la Antig\u00fcedad sin parang\u00f3n. Todo esto y mucho m\u00e1s es posible en Jordania, un pa\u00eds relativamente peque\u00f1o en tama\u00f1o, pero que ofrece una riqueza y una hospitalidad inmensas. Con ayuda de esta gu\u00eda, el viajero podr\u00e1 sacar el m\u00e1ximo partido a su viaje y convertir la visita a Jordania en una experiencia \u00fanica e inolvidable.<\/p>\n","protected":false},"excerpt":{"rendered":"<p>WALKER, JENNY \/ CLAMMER, PAUL<\/p>\n","protected":false},"featured_media":450893,"template":"","meta":{"_acf_changed":false,"om_disable_all_campaigns":false,"rs_blank_template":"","rs_page_bg_color":"","slide_template_v7":"","inline_featured_image":false,"_monsterinsights_skip_tracking":false,"_monsterinsights_sitenote_active":false,"_monsterinsights_sitenote_note":"","_monsterinsights_sitenote_category":0},"product_brand":[],"product_cat":[557,107],"product_tag":[],"class_list":{"0":"post-450892","1":"product","2":"type-product","3":"status-publish","4":"has-post-thumbnail","6":"product_cat-guias-de-viaje","7":"product_cat-guies-de-viatge","9":"first","10":"instock","11":"taxable","12":"shipping-taxable","13":"purchasable","14":"product-type-simple"},"acf":{"autor":"WALKER, JENNY \/ CLAMMER, PAUL","codart":"840826509","libros-coleccion":"Gu\u00edas de Pa\u00eds Lonely Planet","ediciones":"1","encuadernacion":"R\u00fastica","fecha_de_publicacion":"01\/07\/2023","novedad":"1","paginas":"342","subtitulo":"","orden":"0","portada":"0","idioma":"spa","editorial":[{"ID":6233,"post_author":"3","post_date":"2022-07-28 17:47:48","post_date_gmt":"2022-07-28 15:47:48","post_content":"","post_title":"EDITORIAL PLANETA","post_excerpt":"","post_status":"publish","comment_status":"closed","ping_status":"closed","post_password":"","post_name":"editorial-planeta","to_ping":"","pinged":"","post_modified":"2022-07-28 17:47:48","post_modified_gmt":"2022-07-28 15:47:48","post_content_filtered":"","post_parent":0,"guid":"http:\/\/dev.claret.cat\/editorial\/editorial-planeta\/","menu_order":0,"post_type":"editorial","post_mime_type":"","comment_count":"0","filter":"raw"}],"autores-libros":[{"ID":159006,"post_author":"3","post_date":"2022-10-14 15:41:20","post_date_gmt":"2022-10-14 13:41:20","post_content":"","post_title":"JENNY WALKER","post_excerpt":"","post_status":"publish","comment_status":"closed","ping_status":"closed","post_password":"","post_name":"jenny-walker","to_ping":"","pinged":"","post_modified":"2022-10-14 15:41:20","post_modified_gmt":"2022-10-14 13:41:20","post_content_filtered":"","post_parent":0,"guid":"http:\/\/dev.claret.cat\/autor\/jenny-walker\/","menu_order":0,"post_type":"autor","post_mime_type":"","comment_count":"0","filter":"raw"},{"ID":166723,"post_author":"3","post_date":"2022-10-14 18:05:32","post_date_gmt":"2022-10-14 16:05:32","post_content":"","post_title":"PAUL CLAMMER","post_excerpt":"","post_status":"publish","comment_status":"closed","ping_status":"closed","post_password":"","post_name":"paul-clammer","to_ping":"","pinged":"","post_modified":"2022-10-14 18:05:32","post_modified_gmt":"2022-10-14 16:05:32","post_content_filtered":"","post_parent":0,"guid":"http:\/\/dev.claret.cat\/autor\/paul-clammer\/","menu_order":0,"post_type":"autor","post_mime_type":"","comment_count":"0","filter":"raw"}]},"aioseo_notices":[],"_links":{"self":[{"href":"https:\/\/www.claret.cat\/es\/wp-json\/wp\/v2\/product\/450892","targetHints":{"allow":["GET"]}}],"collection":[{"href":"https:\/\/www.claret.cat\/es\/wp-json\/wp\/v2\/product"}],"about":[{"href":"https:\/\/www.claret.cat\/es\/wp-json\/wp\/v2\/types\/product"}],"wp:featuredmedia":[{"embeddable":true,"href":"https:\/\/www.claret.cat\/es\/wp-json\/wp\/v2\/media\/450893"}],"wp:attachment":[{"href":"https:\/\/www.claret.cat\/es\/wp-json\/wp\/v2\/media?parent=450892"}],"wp:term":[{"taxonomy":"product_brand","embeddable":true,"href":"https:\/\/www.claret.cat\/es\/wp-json\/wp\/v2\/product_brand?post=450892"},{"taxonomy":"product_cat","embeddable":true,"href":"https:\/\/www.claret.cat\/es\/wp-json\/wp\/v2\/product_cat?post=450892"},{"taxonomy":"product_tag","embeddable":true,"href":"https:\/\/www.claret.cat\/es\/wp-json\/wp\/v2\/product_tag?post=450892"}],"curies":[{"name":"wp","href":"https:\/\/api.w.org\/{rel}","templated":true}]}}