{"id":450902,"date":"2023-07-11T13:46:34","date_gmt":"2023-07-11T11:46:34","guid":{"rendered":"https:\/\/www.claret.cat\/llibre\/el-hobbit-edicion-revisada-9788445013588\/"},"modified":"2023-10-11T01:21:44","modified_gmt":"2023-10-10T23:21:44","slug":"el-hobbit-edicion-revisada-9788445013588","status":"publish","type":"product","link":"https:\/\/www.claret.cat\/es\/libro\/el-hobbit-edicion-revisada-9788445013588\/","title":{"rendered":"EL HOBBIT (EDICI\u00d3N REVISADA)"},"content":{"rendered":"<p>La puerta de entrada a la Tierra Media. \u2019Smaug parec\u00eda totalmente dormido cuando espi\u00f3 una vez m\u00e1s la entrada. \u00a1Pero fing\u00eda estar durmiendo! \u00a1Estaba vigilando la entrada del t\u00fanel!<br \/>Sacado de su confortable agujero hobbit por Gandalf y una pandilla de enanos, Bilbo se encuentra de repente en medio de una conspiraci\u00f3n que quiere apoderarse del tesoro de Smaug el Magn\u00edfico, un enorme y muy peligroso drag\u00f3n\u2026<br \/> \u00abTodos los que aman esos libros para ni\u00f1os que pueden ser le\u00eddos y rele\u00eddos por adultos han de tomar buena cuenta de que una nueva estrella ha aparecido en esa constelaci\u00f3n.\u00bb C.S. Lewis.<br \/>. \u00abTolkien era un narrador de genio\u00bb Literary Review.<br \/>. Tolkien es uno de los autores de fantas\u00eda m\u00e1s importantes de todos los tiempos.<br \/>. En septiembre de 2022, Amazon Video estren\u00f3 la serie de El Se\u00f1or de los Anillos, Los Anillos de Poder. Una superproducci\u00f3n, la m\u00e1s cara de la historia de la plataforma, que compite con Juego de Tronos.<br \/>. Nueva edici\u00f3n revisada<br \/>. El Hobbit es un libro fant\u00e1stico para introducir tanto a j\u00f3venes lectores como a adultos en el mundo de la fantas\u00eda.<\/p>\n","protected":false},"excerpt":{"rendered":"<p>TOLKIEN, J. R. R.<\/p>\n","protected":false},"featured_media":450924,"template":"","meta":{"_acf_changed":false,"om_disable_all_campaigns":false,"rs_blank_template":"","rs_page_bg_color":"","slide_template_v7":"","inline_featured_image":false,"_monsterinsights_skip_tracking":false,"_monsterinsights_sitenote_active":false,"_monsterinsights_sitenote_note":"","_monsterinsights_sitenote_category":0},"product_brand":[],"product_cat":[127,357],"product_tag":[],"class_list":{"0":"post-450902","1":"product","2":"type-product","3":"status-publish","4":"has-post-thumbnail","6":"product_cat-novella-contemporania","7":"product_cat-novela-contemporanea","9":"first","10":"instock","11":"taxable","12":"shipping-taxable","13":"purchasable","14":"product-type-simple"},"acf":{"autor":"TOLKIEN, J. R. R.","codart":"844501358","libros-coleccion":"BIBLIOTECA J. R. R. TOLKIEN","ediciones":"1","encuadernacion":"R\u00fastica","fecha_de_publicacion":"01\/07\/2023","novedad":"1","paginas":"443","subtitulo":"","orden":"0","portada":"0","idioma":"spa","editorial":[{"ID":6308,"post_author":"3","post_date":"2022-07-28 17:49:24","post_date_gmt":"2022-07-28 15:49:24","post_content":"","post_title":"Minotauro","post_excerpt":"","post_status":"publish","comment_status":"closed","ping_status":"closed","post_password":"","post_name":"minotauro","to_ping":"","pinged":"","post_modified":"2022-07-28 17:49:24","post_modified_gmt":"2022-07-28 15:49:24","post_content_filtered":"","post_parent":0,"guid":"http:\/\/dev.claret.cat\/editorial\/minotauro\/","menu_order":0,"post_type":"editorial","post_mime_type":"","comment_count":"0","filter":"raw"}],"autores-libros":[{"ID":5558,"post_author":"3","post_date":"2022-07-28 17:26:34","post_date_gmt":"2022-07-28 15:26:34","post_content":"","post_title":"J. R. R. TOLKIEN","post_excerpt":"","post_status":"publish","comment_status":"closed","ping_status":"closed","post_password":"","post_name":"j-r-r-tolkien","to_ping":"","pinged":"","post_modified":"2022-07-28 17:26:34","post_modified_gmt":"2022-07-28 15:26:34","post_content_filtered":"","post_parent":0,"guid":"http:\/\/dev.claret.cat\/autor\/j-r-r-tolkien\/","menu_order":0,"post_type":"autor","post_mime_type":"","comment_count":"0","filter":"raw"}]},"aioseo_notices":[],"_links":{"self":[{"href":"https:\/\/www.claret.cat\/es\/wp-json\/wp\/v2\/product\/450902","targetHints":{"allow":["GET"]}}],"collection":[{"href":"https:\/\/www.claret.cat\/es\/wp-json\/wp\/v2\/product"}],"about":[{"href":"https:\/\/www.claret.cat\/es\/wp-json\/wp\/v2\/types\/product"}],"wp:featuredmedia":[{"embeddable":true,"href":"https:\/\/www.claret.cat\/es\/wp-json\/wp\/v2\/media\/450924"}],"wp:attachment":[{"href":"https:\/\/www.claret.cat\/es\/wp-json\/wp\/v2\/media?parent=450902"}],"wp:term":[{"taxonomy":"product_brand","embeddable":true,"href":"https:\/\/www.claret.cat\/es\/wp-json\/wp\/v2\/product_brand?post=450902"},{"taxonomy":"product_cat","embeddable":true,"href":"https:\/\/www.claret.cat\/es\/wp-json\/wp\/v2\/product_cat?post=450902"},{"taxonomy":"product_tag","embeddable":true,"href":"https:\/\/www.claret.cat\/es\/wp-json\/wp\/v2\/product_tag?post=450902"}],"curies":[{"name":"wp","href":"https:\/\/api.w.org\/{rel}","templated":true}]}}