{"id":45124,"date":"2022-10-02T21:59:43","date_gmt":"2022-10-02T19:59:43","guid":{"rendered":"http:\/\/dev.claret.cat\/producte\/las-mejores-excursiones-espana\/"},"modified":"2023-10-06T10:44:47","modified_gmt":"2023-10-06T08:44:47","slug":"las-mejores-excursiones-espana-9788408251316","status":"publish","type":"product","link":"https:\/\/www.claret.cat\/es\/libro\/las-mejores-excursiones-espana-9788408251316\/","title":{"rendered":"LAS MEJORES EXCURSIONES ESPA\u00d1A"},"content":{"rendered":"<p>Desde la nevada majestuosidad de los Pirineos a los abruptos acantilados azotados por las tormentas atl\u00e1nticas y los paisajes rurales pintados con pueblos enjalbegados, silentes al mediod\u00eda, Espa\u00f1a inspira con semejante diversidad natural. Con este libro, al viajero podr\u00e1 explorar los senderos que conducen por lo m\u00e1s alto de los Picos, los Pirineos y Sierra Nevada, los prados de flores silvestres en Andaluc\u00eda y los excelsos miradores costeros en Mallorca y Menorca. Sin olvidarnos de las numerosas rutas c\u00e9lticas alternativas en Galicia, las pistas naturales semi des\u00e9rticas del interior, a escasos pasos del Mediterr\u00e1neo, y las monta\u00f1as olvidadas del Pa\u00eds Vasco. Todas estas colinas, monta\u00f1as, campos, playas y acantilados poseen una extensa y cuidada red de senderos, tambi\u00e9n muchos refugios de monta\u00f1a y pensiones en pueblecitos, que contribuyen a que Espa\u00f1a sea el sue\u00f1o de cualquier senderista. Basta con atarse bien las botas y salir a descubrir los caminos espa\u00f1oles.<\/p>\n","protected":false},"excerpt":{"rendered":"<p>BUTLER, STUART \/ KAMINSKI, ANNA \/ NOBLE, JOHN \/ O&#8221;NEILL, ZORA<\/p>\n","protected":false},"featured_media":60525,"template":"","meta":{"_acf_changed":false,"om_disable_all_campaigns":false,"rs_blank_template":"","rs_page_bg_color":"","slide_template_v7":"","inline_featured_image":false,"_monsterinsights_skip_tracking":false,"_monsterinsights_sitenote_active":false,"_monsterinsights_sitenote_note":"","_monsterinsights_sitenote_category":0},"product_brand":[],"product_cat":[557],"product_tag":[],"class_list":{"0":"post-45124","1":"product","2":"type-product","3":"status-publish","4":"has-post-thumbnail","6":"product_cat-guias-de-viaje","8":"first","9":"instock","10":"taxable","11":"shipping-taxable","12":"purchasable","13":"product-type-simple"},"acf":{"autor":"BUTLER, STUART \/ KAMINSKI, ANNA \/ NOBLE, JOHN \/ O''NEILL, ZORA","codart":"840825131","libros-coleccion":"Viaje y aventura","ediciones":"1","encuadernacion":"R\u00fastica","fecha_de_publicacion":"01\/02\/2022","novedad":"1","paginas":"221","subtitulo":"ESCAPADAS DE UN D\u00cdA A LA NATURALEZA","orden":"0","portada":"0","idioma":"spa","editorial":[{"ID":6233,"post_author":"3","post_date":"2022-07-28 17:47:48","post_date_gmt":"2022-07-28 15:47:48","post_content":"","post_title":"EDITORIAL PLANETA","post_excerpt":"","post_status":"publish","comment_status":"closed","ping_status":"closed","post_password":"","post_name":"editorial-planeta","to_ping":"","pinged":"","post_modified":"2022-07-28 17:47:48","post_modified_gmt":"2022-07-28 15:47:48","post_content_filtered":"","post_parent":0,"guid":"http:\/\/dev.claret.cat\/editorial\/editorial-planeta\/","menu_order":0,"post_type":"editorial","post_mime_type":"","comment_count":"0","filter":"raw"}],"autores-libros":[{"ID":159684,"post_author":"3","post_date":"2022-10-14 15:46:53","post_date_gmt":"2022-10-14 13:46:53","post_content":"","post_title":"JOHN NOBLE","post_excerpt":"","post_status":"publish","comment_status":"closed","ping_status":"closed","post_password":"","post_name":"john-noble","to_ping":"","pinged":"","post_modified":"2022-10-14 15:46:53","post_modified_gmt":"2022-10-14 13:46:53","post_content_filtered":"","post_parent":0,"guid":"http:\/\/dev.claret.cat\/autor\/john-noble\/","menu_order":0,"post_type":"autor","post_mime_type":"","comment_count":"0","filter":"raw"},{"ID":169882,"post_author":"3","post_date":"2022-10-14 22:30:47","post_date_gmt":"2022-10-14 20:30:47","post_content":"","post_title":"STUART BUTLER","post_excerpt":"","post_status":"publish","comment_status":"closed","ping_status":"closed","post_password":"","post_name":"stuart-butler","to_ping":"","pinged":"","post_modified":"2022-10-14 22:30:47","post_modified_gmt":"2022-10-14 20:30:47","post_content_filtered":"","post_parent":0,"guid":"http:\/\/dev.claret.cat\/autor\/stuart-butler\/","menu_order":0,"post_type":"autor","post_mime_type":"","comment_count":"0","filter":"raw"},{"ID":150593,"post_author":"3","post_date":"2022-10-14 14:34:13","post_date_gmt":"2022-10-14 12:34:13","post_content":"","post_title":"ANNA KAMINSKI","post_excerpt":"","post_status":"publish","comment_status":"closed","ping_status":"closed","post_password":"","post_name":"anna-kaminski","to_ping":"","pinged":"","post_modified":"2022-10-14 14:34:13","post_modified_gmt":"2022-10-14 12:34:13","post_content_filtered":"","post_parent":0,"guid":"http:\/\/dev.claret.cat\/autor\/anna-kaminski\/","menu_order":0,"post_type":"autor","post_mime_type":"","comment_count":"0","filter":"raw"},{"ID":171697,"post_author":"3","post_date":"2022-10-14 22:45:30","post_date_gmt":"2022-10-14 20:45:30","post_content":"","post_title":"ZORA O\u00b4\u00b4NEILL","post_excerpt":"","post_status":"publish","comment_status":"closed","ping_status":"closed","post_password":"","post_name":"zora-oneill","to_ping":"","pinged":"","post_modified":"2022-10-14 22:45:30","post_modified_gmt":"2022-10-14 20:45:30","post_content_filtered":"","post_parent":0,"guid":"http:\/\/dev.claret.cat\/autor\/zora-oneill\/","menu_order":0,"post_type":"autor","post_mime_type":"","comment_count":"0","filter":"raw"}]},"aioseo_notices":[],"_links":{"self":[{"href":"https:\/\/www.claret.cat\/es\/wp-json\/wp\/v2\/product\/45124","targetHints":{"allow":["GET"]}}],"collection":[{"href":"https:\/\/www.claret.cat\/es\/wp-json\/wp\/v2\/product"}],"about":[{"href":"https:\/\/www.claret.cat\/es\/wp-json\/wp\/v2\/types\/product"}],"wp:featuredmedia":[{"embeddable":true,"href":"https:\/\/www.claret.cat\/es\/wp-json\/wp\/v2\/media\/60525"}],"wp:attachment":[{"href":"https:\/\/www.claret.cat\/es\/wp-json\/wp\/v2\/media?parent=45124"}],"wp:term":[{"taxonomy":"product_brand","embeddable":true,"href":"https:\/\/www.claret.cat\/es\/wp-json\/wp\/v2\/product_brand?post=45124"},{"taxonomy":"product_cat","embeddable":true,"href":"https:\/\/www.claret.cat\/es\/wp-json\/wp\/v2\/product_cat?post=45124"},{"taxonomy":"product_tag","embeddable":true,"href":"https:\/\/www.claret.cat\/es\/wp-json\/wp\/v2\/product_tag?post=45124"}],"curies":[{"name":"wp","href":"https:\/\/api.w.org\/{rel}","templated":true}]}}