{"id":45127,"date":"2022-10-02T21:59:46","date_gmt":"2022-10-02T19:59:46","guid":{"rendered":"http:\/\/dev.claret.cat\/producte\/tiempos-liquidos\/"},"modified":"2023-10-06T10:56:55","modified_gmt":"2023-10-06T08:56:55","slug":"tiempos-liquidos-9788411070744","status":"publish","type":"product","link":"https:\/\/www.claret.cat\/es\/libro\/tiempos-liquidos-9788411070744\/","title":{"rendered":"TIEMPOS L\u00cdQUIDOS"},"content":{"rendered":"<p>La expresi\u00f3n \u00abtiempos l\u00edquidos\u00bb, acu\u00f1ada por el gran soci\u00f3logo Zygmunt Bauman, da cuenta con precisi\u00f3n del tr\u00e1nsito de una modernidad \u00abs\u00f3lida\u00bb \u2014estable, repetitiva\u2014 a una \u00abl\u00edquida\u00bb \u2014flexible, voluble\u2014, en la que las estructuras sociales ya no perduran el tiempo necesario ni pueden servir como marcos de referencia para la acci\u00f3n humana. Pero la incertidumbre en que vivimos se debe tambi\u00e9n a la separaci\u00f3n del poder y la pol\u00edtica, el debilitamiento de los sistemas de seguridad que proteg\u00edan al individuo o la renuncia al pensamiento y a la planificaci\u00f3n a largo plazo. Este nuevo escenario implica la fragmentaci\u00f3n de las vidas y exige de los individuos que est\u00e9n dispuestos a cambiar de t\u00e1cticas y abandonar compromisos y lealtades.<\/p>\n","protected":false},"excerpt":{"rendered":"<p>BAUMAN, ZYGMUNT<\/p>\n","protected":false},"featured_media":60527,"template":"","meta":{"_acf_changed":false,"om_disable_all_campaigns":false,"rs_blank_template":"","rs_page_bg_color":"","slide_template_v7":"","inline_featured_image":false,"_monsterinsights_skip_tracking":false,"_monsterinsights_sitenote_active":false,"_monsterinsights_sitenote_note":"","_monsterinsights_sitenote_category":0},"product_brand":[],"product_cat":[540],"product_tag":[],"class_list":{"0":"post-45127","1":"product","2":"type-product","3":"status-publish","4":"has-post-thumbnail","6":"product_cat-otros","8":"first","9":"instock","10":"taxable","11":"shipping-taxable","12":"purchasable","13":"product-type-simple"},"acf":{"autor":"BAUMAN, ZYGMUNT","codart":"841107074","libros-coleccion":"Condici\u00f3n Humana","ediciones":"1","encuadernacion":"R\u00fastica","fecha_de_publicacion":"01\/02\/2022","novedad":"1","paginas":"172","subtitulo":"VIVIR EN \u00c9POCA DE INCERTIDUMBRE","orden":"0","portada":"0","idioma":"spa","editorial":[{"ID":8271,"post_author":"3","post_date":"2022-09-30 09:21:39","post_date_gmt":"2022-09-30 07:21:39","post_content":"","post_title":"TUSQUETS EDITORES","post_excerpt":"","post_status":"publish","comment_status":"closed","ping_status":"closed","post_password":"","post_name":"tusquets-editores","to_ping":"","pinged":"","post_modified":"2022-09-30 09:21:39","post_modified_gmt":"2022-09-30 07:21:39","post_content_filtered":"","post_parent":0,"guid":"http:\/\/dev.claret.cat\/editorial\/tusquets-editores\/","menu_order":0,"post_type":"editorial","post_mime_type":"","comment_count":"0","filter":"raw"}],"autores-libros":[{"ID":8457,"post_author":"3","post_date":"2022-09-30 09:48:43","post_date_gmt":"2022-09-30 07:48:43","post_content":"","post_title":"ZYGMUNT BAUMAN","post_excerpt":"","post_status":"publish","comment_status":"closed","ping_status":"closed","post_password":"","post_name":"zygmunt-bauman","to_ping":"","pinged":"","post_modified":"2022-09-30 09:48:43","post_modified_gmt":"2022-09-30 07:48:43","post_content_filtered":"","post_parent":0,"guid":"http:\/\/dev.claret.cat\/autor\/zygmunt-bauman\/","menu_order":0,"post_type":"autor","post_mime_type":"","comment_count":"0","filter":"raw"}]},"aioseo_notices":[],"_links":{"self":[{"href":"https:\/\/www.claret.cat\/es\/wp-json\/wp\/v2\/product\/45127","targetHints":{"allow":["GET"]}}],"collection":[{"href":"https:\/\/www.claret.cat\/es\/wp-json\/wp\/v2\/product"}],"about":[{"href":"https:\/\/www.claret.cat\/es\/wp-json\/wp\/v2\/types\/product"}],"wp:featuredmedia":[{"embeddable":true,"href":"https:\/\/www.claret.cat\/es\/wp-json\/wp\/v2\/media\/60527"}],"wp:attachment":[{"href":"https:\/\/www.claret.cat\/es\/wp-json\/wp\/v2\/media?parent=45127"}],"wp:term":[{"taxonomy":"product_brand","embeddable":true,"href":"https:\/\/www.claret.cat\/es\/wp-json\/wp\/v2\/product_brand?post=45127"},{"taxonomy":"product_cat","embeddable":true,"href":"https:\/\/www.claret.cat\/es\/wp-json\/wp\/v2\/product_cat?post=45127"},{"taxonomy":"product_tag","embeddable":true,"href":"https:\/\/www.claret.cat\/es\/wp-json\/wp\/v2\/product_tag?post=45127"}],"curies":[{"name":"wp","href":"https:\/\/api.w.org\/{rel}","templated":true}]}}