{"id":451499,"date":"2023-07-13T17:20:15","date_gmt":"2023-07-13T15:20:15","guid":{"rendered":"https:\/\/www.claret.cat\/llibre\/memorias-de-un-sacerdote-en-el-yukon-9788422014836\/"},"modified":"2026-02-20T18:16:34","modified_gmt":"2026-02-20T17:16:34","slug":"memorias-de-un-sacerdote-en-el-yukon-9788422014836","status":"publish","type":"product","link":"https:\/\/www.claret.cat\/es\/libro\/memorias-de-un-sacerdote-en-el-yukon-9788422014836\/","title":{"rendered":"MEMORIAS DE UN SACERDOTE EN EL YUK\u00d3N"},"content":{"rendered":"<p>Esta obra autobiogr\u00e1fica es un buen resumen, un fant\u00e1stico manual de la vida de un misionero que lo dio todo, que no escatim\u00f3 nada, que dedic\u00f3 su existencia a Jesucristo y a sus feligreses esquimales con una fe inquebrantable. Estas memorias, que el propio autor no vio publicadas, nunca se tradujeron al espa\u00f1ol. Muchos desconoc\u00edan la existencia de este libro editado en Estados Unidos hace unos cuantos a\u00f1os. Por el inter\u00e9s del mismo, habida cuenta de que sus obras est\u00e1n ya hace tiempo agotadas, merece una lectura relajada, tranquila, met\u00f3dica y sin pausas. Es un libro entretenido, ameno, interesante, profundo y que no defrauda al lector.<\/p>\n","protected":false},"excerpt":{"rendered":"<p>LLORENTE, SEGUNDO<\/p>\n","protected":false},"featured_media":1085384,"template":"","meta":{"_acf_changed":false,"om_disable_all_campaigns":false,"rs_blank_template":"","rs_page_bg_color":"","slide_template_v7":"","inline_featured_image":false,"_monsterinsights_skip_tracking":false,"_monsterinsights_sitenote_active":false,"_monsterinsights_sitenote_note":"","_monsterinsights_sitenote_category":0},"product_brand":[],"product_cat":[90,540],"product_tag":[],"class_list":{"0":"post-451499","1":"product","2":"type-product","3":"status-publish","4":"has-post-thumbnail","6":"product_cat-altres","7":"product_cat-otros","9":"first","10":"instock","11":"taxable","12":"shipping-taxable","13":"purchasable","14":"product-type-simple"},"acf":{"autor":"LLORENTE, SEGUNDO","codart":"842201483","libros-coleccion":"","ediciones":"2","encuadernacion":"R\u00fastica","fecha_de_publicacion":"01\/07\/2023","novedad":"1","paginas":"304","subtitulo":"","orden":"999","portada":"0","idioma":"spa","editorial":[{"ID":6143,"post_author":"3","post_date":"2022-07-28 17:45:48","post_date_gmt":"2022-07-28 15:45:48","post_content":"","post_title":"BIBLIOTECA AUTORES CRISTIANOS","post_excerpt":"","post_status":"publish","comment_status":"closed","ping_status":"closed","post_password":"","post_name":"biblioteca-autores-cristianos","to_ping":"","pinged":"","post_modified":"2022-07-28 17:45:48","post_modified_gmt":"2022-07-28 15:45:48","post_content_filtered":"","post_parent":0,"guid":"http:\/\/dev.claret.cat\/editorial\/biblioteca-autores-cristianos\/","menu_order":0,"post_type":"editorial","post_mime_type":"","comment_count":"0","filter":"raw"}],"autores-libros":[{"ID":169271,"post_author":"3","post_date":"2022-10-14 22:25:53","post_date_gmt":"2022-10-14 20:25:53","post_content":"","post_title":"SEGUNDO LLORENTE","post_excerpt":"","post_status":"publish","comment_status":"closed","ping_status":"closed","post_password":"","post_name":"segundo-llorente","to_ping":"","pinged":"","post_modified":"2022-10-14 22:25:53","post_modified_gmt":"2022-10-14 20:25:53","post_content_filtered":"","post_parent":0,"guid":"http:\/\/dev.claret.cat\/autor\/segundo-llorente\/","menu_order":0,"post_type":"autor","post_mime_type":"","comment_count":"0","filter":"raw"}],"booktrailer":"","resenas":""},"aioseo_notices":[],"_links":{"self":[{"href":"https:\/\/www.claret.cat\/es\/wp-json\/wp\/v2\/product\/451499","targetHints":{"allow":["GET"]}}],"collection":[{"href":"https:\/\/www.claret.cat\/es\/wp-json\/wp\/v2\/product"}],"about":[{"href":"https:\/\/www.claret.cat\/es\/wp-json\/wp\/v2\/types\/product"}],"wp:featuredmedia":[{"embeddable":true,"href":"https:\/\/www.claret.cat\/es\/wp-json\/wp\/v2\/media\/1085384"}],"wp:attachment":[{"href":"https:\/\/www.claret.cat\/es\/wp-json\/wp\/v2\/media?parent=451499"}],"wp:term":[{"taxonomy":"product_brand","embeddable":true,"href":"https:\/\/www.claret.cat\/es\/wp-json\/wp\/v2\/product_brand?post=451499"},{"taxonomy":"product_cat","embeddable":true,"href":"https:\/\/www.claret.cat\/es\/wp-json\/wp\/v2\/product_cat?post=451499"},{"taxonomy":"product_tag","embeddable":true,"href":"https:\/\/www.claret.cat\/es\/wp-json\/wp\/v2\/product_tag?post=451499"}],"curies":[{"name":"wp","href":"https:\/\/api.w.org\/{rel}","templated":true}]}}