{"id":45163,"date":"2022-10-02T22:00:25","date_gmt":"2022-10-02T20:00:25","guid":{"rendered":"http:\/\/dev.claret.cat\/producte\/las-siete-cabritas-cuentos-clasicos\/"},"modified":"2023-10-06T11:00:33","modified_gmt":"2023-10-06T09:00:33","slug":"las-siete-cabritas-cuentos-clasicos-9788417210328","status":"publish","type":"product","link":"https:\/\/www.claret.cat\/es\/libro\/las-siete-cabritas-cuentos-clasicos-9788417210328\/","title":{"rendered":"LAS SIETE CABRITAS &#8211; CUENTOS CL\u00c1SICOS"},"content":{"rendered":"<p>\u00a1El cuento infantil cl\u00e1sico Las siete cabritas revive en este libro rimado! Las fant\u00e1sticas y divertidas ilustraciones a todo color acompa\u00f1an la historia.<\/p>\n<p> Siete cabritas se quedan solas en casa y su madre les advierte que no abran la puerta a ning\u00fan extra\u00f1o. Pero un lobo, tan hambriento como avispado, se las ingenia para enga\u00f1arlas.<\/p>\n<p> La moraleja es que hay que hacer caso de los consejos de los padres.<\/p>\n<p> Puntos Fuertes:<\/p>\n<p> &#8211; Cuento cl\u00e1sico rimado en todo el texto.<\/p>\n<p> &#8211; El texto est\u00e1 adaptado para una f\u00e1cil lectura.<\/p>\n<p> &#8211; Lenguaje comprensible para la edad.<\/p>\n<p> &#8211; El formato de calidad marca la diferencia respeto a otras ediciones m\u00e1s sencillas.<\/p>\n<p> &#8211; Ilustraciones a color, a doble p\u00e1gina y muy llamativas.<\/p>\n","protected":false},"excerpt":{"rendered":"<p>S\u00c9NDER, J\u00d6SE<\/p>\n","protected":false},"featured_media":60553,"template":"","meta":{"_acf_changed":false,"om_disable_all_campaigns":false,"rs_blank_template":"","rs_page_bg_color":"","slide_template_v7":"","inline_featured_image":false,"_monsterinsights_skip_tracking":false,"_monsterinsights_sitenote_active":false,"_monsterinsights_sitenote_note":"","_monsterinsights_sitenote_category":0},"product_brand":[],"product_cat":[361],"product_tag":[],"class_list":{"0":"post-45163","1":"product","2":"type-product","3":"status-publish","4":"has-post-thumbnail","6":"product_cat-cuentos-para-ninos-0-6-anos","8":"first","9":"instock","10":"taxable","11":"shipping-taxable","12":"purchasable","13":"product-type-simple"},"acf":{"autor":"S\u00c9NDER, J\u00d6SE","codart":"841721032","libros-coleccion":"Cuentos tradicionales","ediciones":"1","encuadernacion":"Carton\u00e9","fecha_de_publicacion":"01\/02\/2022","novedad":"1","paginas":"28","subtitulo":"CUENTOS TRADICIONALES: LIBRO INFANTIL PARA NI\u00d1OS DE 2 A 6 A\u00d1OS: CON TEXTO RIMADO","orden":"0","portada":"0","idioma":"spa","editorial":[{"ID":147970,"post_author":"3","post_date":"2022-10-14 11:54:38","post_date_gmt":"2022-10-14 09:54:38","post_content":"","post_title":"Editorial el Pirata","post_excerpt":"","post_status":"publish","comment_status":"closed","ping_status":"closed","post_password":"","post_name":"editorial-el-pirata","to_ping":"","pinged":"","post_modified":"2022-10-14 11:54:38","post_modified_gmt":"2022-10-14 09:54:38","post_content_filtered":"","post_parent":0,"guid":"http:\/\/dev.claret.cat\/editorial\/editorial-el-pirata\/","menu_order":0,"post_type":"editorial","post_mime_type":"","comment_count":"0","filter":"raw"}],"autores-libros":[{"ID":160579,"post_author":"3","post_date":"2022-10-14 15:54:13","post_date_gmt":"2022-10-14 13:54:13","post_content":"","post_title":"J\u00d6SE S\u00c9NDER","post_excerpt":"","post_status":"publish","comment_status":"closed","ping_status":"closed","post_password":"","post_name":"jose-sender","to_ping":"","pinged":"","post_modified":"2022-10-14 15:54:13","post_modified_gmt":"2022-10-14 13:54:13","post_content_filtered":"","post_parent":0,"guid":"http:\/\/dev.claret.cat\/autor\/jose-sender\/","menu_order":0,"post_type":"autor","post_mime_type":"","comment_count":"0","filter":"raw"}]},"aioseo_notices":[],"_links":{"self":[{"href":"https:\/\/www.claret.cat\/es\/wp-json\/wp\/v2\/product\/45163","targetHints":{"allow":["GET"]}}],"collection":[{"href":"https:\/\/www.claret.cat\/es\/wp-json\/wp\/v2\/product"}],"about":[{"href":"https:\/\/www.claret.cat\/es\/wp-json\/wp\/v2\/types\/product"}],"wp:featuredmedia":[{"embeddable":true,"href":"https:\/\/www.claret.cat\/es\/wp-json\/wp\/v2\/media\/60553"}],"wp:attachment":[{"href":"https:\/\/www.claret.cat\/es\/wp-json\/wp\/v2\/media?parent=45163"}],"wp:term":[{"taxonomy":"product_brand","embeddable":true,"href":"https:\/\/www.claret.cat\/es\/wp-json\/wp\/v2\/product_brand?post=45163"},{"taxonomy":"product_cat","embeddable":true,"href":"https:\/\/www.claret.cat\/es\/wp-json\/wp\/v2\/product_cat?post=45163"},{"taxonomy":"product_tag","embeddable":true,"href":"https:\/\/www.claret.cat\/es\/wp-json\/wp\/v2\/product_tag?post=45163"}],"curies":[{"name":"wp","href":"https:\/\/api.w.org\/{rel}","templated":true}]}}