{"id":451631,"date":"2023-07-14T11:55:44","date_gmt":"2023-07-14T09:55:44","guid":{"rendered":"https:\/\/www.claret.cat\/llibre\/animales-chibi-9788466243117\/"},"modified":"2024-02-15T17:20:47","modified_gmt":"2024-02-15T16:20:47","slug":"animales-chibi-9788466243117","status":"publish","type":"product","link":"https:\/\/www.claret.cat\/es\/libro\/animales-chibi-9788466243117\/","title":{"rendered":"ANIMALES CHIBI"},"content":{"rendered":"<p>Los personajes tipo &#8216;Chibi&#8217; tienen una apariencia adorable que atrae la mirada al instante. Son tiernos y simp\u00e1ticos, con grandes cabezas, ojos expresivos y cuerpos peque\u00f1os. Los chibi son ni\u00f1as y ni\u00f1os que van a la escuela, hacen deporte o se disfrazan para celebrar una fiesta, pero tambi\u00e9n incre\u00edbles seres m\u00e1gicos o graciosos animalitos con cuerpos redonditos y ojos enormes. \u00a1Divi\u00e9rtete d\u00e1ndoles color!<\/p>\n","protected":false},"excerpt":{"rendered":"<p>EQUIPO EDITORIAL<\/p>\n","protected":false},"featured_media":451648,"template":"","meta":{"_acf_changed":false,"om_disable_all_campaigns":false,"rs_blank_template":"","rs_page_bg_color":"","slide_template_v7":"","inline_featured_image":false,"_monsterinsights_skip_tracking":false,"_monsterinsights_sitenote_active":false,"_monsterinsights_sitenote_note":"","_monsterinsights_sitenote_category":0},"product_brand":[],"product_cat":[132,135,365,362],"product_tag":[],"class_list":{"0":"post-451631","1":"product","2":"type-product","3":"status-publish","4":"has-post-thumbnail","6":"product_cat-lectures-per-preadolescents-6-12-anys","7":"product_cat-entreteniment","8":"product_cat-entretenimientos","9":"product_cat-libros-preadolescentes-6-12-anos","11":"first","12":"instock","13":"taxable","14":"shipping-taxable","15":"purchasable","16":"product-type-simple"},"acf":{"autor":"EQUIPO EDITORIAL","codart":"846624311","libros-coleccion":"FORA DE COL.LECCI\u00d3","ediciones":"1","encuadernacion":"R\u00fastica","fecha_de_publicacion":"01\/04\/2023","novedad":"1","paginas":"64","subtitulo":"","orden":"0","portada":"0","idioma":"spa","editorial":[{"ID":148442,"post_author":"3","post_date":"2022-10-14 11:58:16","post_date_gmt":"2022-10-14 09:58:16","post_content":"","post_title":"Libsa","post_excerpt":"","post_status":"publish","comment_status":"closed","ping_status":"closed","post_password":"","post_name":"libsa","to_ping":"","pinged":"","post_modified":"2022-10-14 11:58:16","post_modified_gmt":"2022-10-14 09:58:16","post_content_filtered":"","post_parent":0,"guid":"http:\/\/dev.claret.cat\/editorial\/libsa\/","menu_order":0,"post_type":"editorial","post_mime_type":"","comment_count":"0","filter":"raw"}],"autores-libros":[{"ID":155225,"post_author":"3","post_date":"2022-10-14 15:11:09","post_date_gmt":"2022-10-14 13:11:09","post_content":"","post_title":"EQUIPO EDITORIAL","post_excerpt":"","post_status":"publish","comment_status":"closed","ping_status":"closed","post_password":"","post_name":"equipo-editorial","to_ping":"","pinged":"","post_modified":"2022-10-14 15:11:09","post_modified_gmt":"2022-10-14 13:11:09","post_content_filtered":"","post_parent":0,"guid":"http:\/\/dev.claret.cat\/autor\/equipo-editorial\/","menu_order":0,"post_type":"autor","post_mime_type":"","comment_count":"0","filter":"raw"}]},"aioseo_notices":[],"_links":{"self":[{"href":"https:\/\/www.claret.cat\/es\/wp-json\/wp\/v2\/product\/451631","targetHints":{"allow":["GET"]}}],"collection":[{"href":"https:\/\/www.claret.cat\/es\/wp-json\/wp\/v2\/product"}],"about":[{"href":"https:\/\/www.claret.cat\/es\/wp-json\/wp\/v2\/types\/product"}],"wp:featuredmedia":[{"embeddable":true,"href":"https:\/\/www.claret.cat\/es\/wp-json\/wp\/v2\/media\/451648"}],"wp:attachment":[{"href":"https:\/\/www.claret.cat\/es\/wp-json\/wp\/v2\/media?parent=451631"}],"wp:term":[{"taxonomy":"product_brand","embeddable":true,"href":"https:\/\/www.claret.cat\/es\/wp-json\/wp\/v2\/product_brand?post=451631"},{"taxonomy":"product_cat","embeddable":true,"href":"https:\/\/www.claret.cat\/es\/wp-json\/wp\/v2\/product_cat?post=451631"},{"taxonomy":"product_tag","embeddable":true,"href":"https:\/\/www.claret.cat\/es\/wp-json\/wp\/v2\/product_tag?post=451631"}],"curies":[{"name":"wp","href":"https:\/\/api.w.org\/{rel}","templated":true}]}}