{"id":451657,"date":"2023-07-14T12:25:33","date_gmt":"2023-07-14T10:25:33","guid":{"rendered":"https:\/\/www.claret.cat\/llibre\/el-ministeri-diaconal-en-lesglesia-9788491655701\/"},"modified":"2024-05-23T02:36:09","modified_gmt":"2024-05-23T00:36:09","slug":"el-ministeri-diaconal-en-lesglesia-9788491655701","status":"publish","type":"product","link":"https:\/\/www.claret.cat\/es\/libro\/el-ministeri-diaconal-en-lesglesia-9788491655701\/","title":{"rendered":"EL MINISTERI DIACONAL EN L&#8217;ESGL\u00c9SIA"},"content":{"rendered":"<p>El diaconat, tercer grau en la jerarquia del ministeri ordenat, \u00e9s molt desconegut en les comunitats cristianes i, encara m\u00e9s, en el m\u00f3n secular. Per aix\u00f2, hem cregut imprescindible fer una publicaci\u00f3 divulgativa en relaci\u00f3 a aquest do de D\u00e9u a l\u2019Esgl\u00e9sia. \u00c9s el llibret que teniu a les mans, escrit per Montserrat Mart\u00ednez Deschamps, esposa d\u2019un diaca de Barcelona i llicenciada en Teologia des de fa 41 anys. De manera simple i concisa, l\u2019autora desenvolupa els trets m\u00e9s significatius i caracter\u00edstics del diaconat. Cont\u00e9 el Document de la CTI sobre el diaconat com a sagrament i com a grau permanent de l\u2019Orde, i explicita el do rebut en l\u2019ordenaci\u00f3. Esperem que us sigui d\u2019utilitat. Qui estigui interessat a ser ordenat diaca, que s\u2019adreci a la Comissi\u00f3 Diocesana del Diaconat o al Bisbe de la di\u00f2cesi. <br \/>Montserrat Mart\u00ednez Deschamps (Barcelona, 1947) \u00e9s casada i t\u00e9 quatre fills i vuit n\u00e9ts. \u00c9s llicenciada en Filologia Cl\u00e0ssica, Filologia Anglesa, Ci\u00e8ncies Religioses i Teologia Sistem\u00e0tica. Professionalment ha exercit de professora, ara jubilada, en el Col\u00b7legi \u00abCasp\u00bb dels Jesu\u00eftes de Barcelona, on tamb\u00e9 va ser consili\u00e0ria d\u2019alumnes d\u2019educaci\u00f3 secund\u00e0ria des de l\u2019any 2001. Ha estat directora del Servei de Catequesi de la Fundaci\u00f3 can\u00f2nica moss\u00e8n Manuel Bonet, de Barcelona, des del 2005 fins al 2018. \u00c9s membre de la junta directiva del Centre Internacional del Diaconat des de l\u2019any 2013.<\/p>\n","protected":false},"excerpt":{"rendered":"<p>MART\u00cdNEZ DESCHAMPS, MONTSERRAT<\/p>\n","protected":false},"featured_media":452808,"template":"","meta":{"_acf_changed":false,"om_disable_all_campaigns":false,"rs_blank_template":"","rs_page_bg_color":"","slide_template_v7":"","inline_featured_image":false,"_monsterinsights_skip_tracking":false,"_monsterinsights_sitenote_active":false,"_monsterinsights_sitenote_note":"","_monsterinsights_sitenote_category":0},"product_brand":[],"product_cat":[283,511],"product_tag":[],"class_list":{"0":"post-451657","1":"product","2":"type-product","3":"status-publish","4":"has-post-thumbnail","6":"product_cat-eclesiologia-teologia","7":"product_cat-eclesiologia-teologia-1_espiritualidad","9":"first","10":"instock","11":"taxable","12":"shipping-taxable","13":"purchasable","14":"product-type-simple"},"acf":{"autor":"MART\u00cdNEZ DESCHAMPS, MONTSERRAT","codart":"849165570","libros-coleccion":"Ema\u00fas","ediciones":"1","encuadernacion":"R\u00fastica","fecha_de_publicacion":"13\/07\/2023","novedad":"1","paginas":"232","subtitulo":"AP\u00c8NDIX: EL DIACONAT: EVOLUCI\u00d3 I PERSPCTIVES DE LA COMISSI\u00d3 TELOL\u00d2GICA INTERNACIONAL","orden":"0","portada":"0","idioma":"cat","editorial":[{"ID":6172,"post_author":"3","post_date":"2022-07-28 17:46:27","post_date_gmt":"2022-07-28 15:46:27","post_content":"","post_title":"CPL","post_excerpt":"","post_status":"publish","comment_status":"closed","ping_status":"closed","post_password":"","post_name":"cpl","to_ping":"","pinged":"","post_modified":"2022-07-28 17:46:27","post_modified_gmt":"2022-07-28 15:46:27","post_content_filtered":"","post_parent":0,"guid":"http:\/\/dev.claret.cat\/editorial\/cpl\/","menu_order":0,"post_type":"editorial","post_mime_type":"","comment_count":"0","filter":"raw"}],"autores-libros":[{"ID":165437,"post_author":"3","post_date":"2022-10-14 17:55:10","post_date_gmt":"2022-10-14 15:55:10","post_content":"","post_title":"MONTSERRAT MARTINEZ DESCHAMPS","post_excerpt":"","post_status":"publish","comment_status":"closed","ping_status":"closed","post_password":"","post_name":"montserrat-martinez-deschamps","to_ping":"","pinged":"","post_modified":"2022-10-14 17:55:10","post_modified_gmt":"2022-10-14 15:55:10","post_content_filtered":"","post_parent":0,"guid":"http:\/\/dev.claret.cat\/autor\/montserrat-martinez-deschamps\/","menu_order":0,"post_type":"autor","post_mime_type":"","comment_count":"0","filter":"raw"}]},"aioseo_notices":[],"_links":{"self":[{"href":"https:\/\/www.claret.cat\/es\/wp-json\/wp\/v2\/product\/451657","targetHints":{"allow":["GET"]}}],"collection":[{"href":"https:\/\/www.claret.cat\/es\/wp-json\/wp\/v2\/product"}],"about":[{"href":"https:\/\/www.claret.cat\/es\/wp-json\/wp\/v2\/types\/product"}],"wp:featuredmedia":[{"embeddable":true,"href":"https:\/\/www.claret.cat\/es\/wp-json\/wp\/v2\/media\/452808"}],"wp:attachment":[{"href":"https:\/\/www.claret.cat\/es\/wp-json\/wp\/v2\/media?parent=451657"}],"wp:term":[{"taxonomy":"product_brand","embeddable":true,"href":"https:\/\/www.claret.cat\/es\/wp-json\/wp\/v2\/product_brand?post=451657"},{"taxonomy":"product_cat","embeddable":true,"href":"https:\/\/www.claret.cat\/es\/wp-json\/wp\/v2\/product_cat?post=451657"},{"taxonomy":"product_tag","embeddable":true,"href":"https:\/\/www.claret.cat\/es\/wp-json\/wp\/v2\/product_tag?post=451657"}],"curies":[{"name":"wp","href":"https:\/\/api.w.org\/{rel}","templated":true}]}}