{"id":451658,"date":"2023-07-14T12:25:41","date_gmt":"2023-07-14T10:25:41","guid":{"rendered":"https:\/\/www.claret.cat\/llibre\/el-ministerio-diaconal-en-la-iglesia-9788491655671\/"},"modified":"2025-10-27T09:52:47","modified_gmt":"2025-10-27T08:52:47","slug":"el-ministerio-diaconal-en-la-iglesia-9788491655671","status":"publish","type":"product","link":"https:\/\/www.claret.cat\/es\/libro\/el-ministerio-diaconal-en-la-iglesia-9788491655671\/","title":{"rendered":"EL MINISTERIO DIACONAL EN LA IGLESIA"},"content":{"rendered":"<p>El diaconado, tercer grado en la jerarqu\u00eda del ministerio ordenado, es un gran desconocido en las comunidades cristianas, y todav\u00eda m\u00e1s en el mundo secular. Por ello, hemos cre\u00eddo importante hacer una publicaci\u00f3n divulgativa en relaci\u00f3n con este don de Dios en la Iglesia. Es el librito que ten\u00e9is en las manos, escrito por Montserrat Mart\u00ednez Deschamps, licenciada en teolog\u00eda y esposa de un di\u00e1cono de Barcelona, hace 41 a\u00f1os. De manera sencilla y concisa, la autora desarrolla los rasgos m\u00e1s esenciales y caracter\u00edsticos del diaconado. Contiene el Documento de la CTI acerca del diaconado como sacramento y como grado permanente del Orden, explicitando el don recibido en la ordenaci\u00f3n. Esperamos que sea de utilidad. El que est\u00e9 interesado en ser ordenado di\u00e1cono, puede dirigirse a la Comisi\u00f3n Diocesana del Diaconado o al obispo de la di\u00f3cesis<br \/>Montserrat Mart\u00ednez Deschamps (Barcelona, 1947) est\u00e1 casada y tiene cuatro hijos y ocho nietos. Es licenciada en Filolog\u00eda Cl\u00e1sica, Filolog\u00eda Inglesa, Ciencias Religiosas y Teolog\u00eda Sistem\u00e1tica. Profesionalmente ha ejercido de profesora en el Colegio \u00abCaspe\u00bb, de los Jesuitas de Barcelona, donde tambi\u00e9n fue consiliaria de alumnos de educaci\u00f3n secundaria desde 2001. Ha sido directora del servicio de catequesis de la Fundaci\u00f3n can\u00f3nica mos\u00e9n Manuel Bonet, de Barcelona, desde 2005 hasta 2018. Es miembro de la junta directiva del Centro Internacional del Diaconado desde 2013.<\/p>\n","protected":false},"excerpt":{"rendered":"<p>MART\u00cdNEZ DESCHAMPS, MONTSERRAT<\/p>\n","protected":false},"featured_media":452810,"template":"","meta":{"_acf_changed":false,"om_disable_all_campaigns":false,"rs_blank_template":"","rs_page_bg_color":"","slide_template_v7":"","inline_featured_image":false,"_monsterinsights_skip_tracking":false,"_monsterinsights_sitenote_active":false,"_monsterinsights_sitenote_note":"","_monsterinsights_sitenote_category":0},"product_brand":[],"product_cat":[543,93],"product_tag":[],"class_list":{"0":"post-451658","1":"product","2":"type-product","3":"status-publish","4":"has-post-thumbnail","6":"product_cat-eclesiologia-es","7":"product_cat-eclesiologia","9":"first","10":"instock","11":"taxable","12":"shipping-taxable","13":"purchasable","14":"product-type-simple"},"acf":{"autor":"MART\u00cdNEZ DESCHAMPS, MONTSERRAT","codart":"849165567","libros-coleccion":"Ema\u00fas","ediciones":"1","encuadernacion":"R\u00fastica","fecha_de_publicacion":"13\/07\/2023","novedad":"1","paginas":"232","subtitulo":"AP\u00c9NDICE: EL DIACONADO: EVOLUCI\u00d3N  PERSPECTIVAS DE LA COMISI\u00d3N TEOL\u00d3GICA INTERNACIONAL","orden":"0","portada":"0","idioma":"spa","editorial":[{"ID":6172,"post_author":"3","post_date":"2022-07-28 17:46:27","post_date_gmt":"2022-07-28 15:46:27","post_content":"","post_title":"CPL","post_excerpt":"","post_status":"publish","comment_status":"closed","ping_status":"closed","post_password":"","post_name":"cpl","to_ping":"","pinged":"","post_modified":"2022-07-28 17:46:27","post_modified_gmt":"2022-07-28 15:46:27","post_content_filtered":"","post_parent":0,"guid":"http:\/\/dev.claret.cat\/editorial\/cpl\/","menu_order":0,"post_type":"editorial","post_mime_type":"","comment_count":"0","filter":"raw"}],"autores-libros":[{"ID":165437,"post_author":"3","post_date":"2022-10-14 17:55:10","post_date_gmt":"2022-10-14 15:55:10","post_content":"","post_title":"MONTSERRAT MARTINEZ DESCHAMPS","post_excerpt":"","post_status":"publish","comment_status":"closed","ping_status":"closed","post_password":"","post_name":"montserrat-martinez-deschamps","to_ping":"","pinged":"","post_modified":"2022-10-14 17:55:10","post_modified_gmt":"2022-10-14 15:55:10","post_content_filtered":"","post_parent":0,"guid":"http:\/\/dev.claret.cat\/autor\/montserrat-martinez-deschamps\/","menu_order":0,"post_type":"autor","post_mime_type":"","comment_count":"0","filter":"raw"}],"booktrailer":"","resenas":""},"aioseo_notices":[],"_links":{"self":[{"href":"https:\/\/www.claret.cat\/es\/wp-json\/wp\/v2\/product\/451658","targetHints":{"allow":["GET"]}}],"collection":[{"href":"https:\/\/www.claret.cat\/es\/wp-json\/wp\/v2\/product"}],"about":[{"href":"https:\/\/www.claret.cat\/es\/wp-json\/wp\/v2\/types\/product"}],"wp:featuredmedia":[{"embeddable":true,"href":"https:\/\/www.claret.cat\/es\/wp-json\/wp\/v2\/media\/452810"}],"wp:attachment":[{"href":"https:\/\/www.claret.cat\/es\/wp-json\/wp\/v2\/media?parent=451658"}],"wp:term":[{"taxonomy":"product_brand","embeddable":true,"href":"https:\/\/www.claret.cat\/es\/wp-json\/wp\/v2\/product_brand?post=451658"},{"taxonomy":"product_cat","embeddable":true,"href":"https:\/\/www.claret.cat\/es\/wp-json\/wp\/v2\/product_cat?post=451658"},{"taxonomy":"product_tag","embeddable":true,"href":"https:\/\/www.claret.cat\/es\/wp-json\/wp\/v2\/product_tag?post=451658"}],"curies":[{"name":"wp","href":"https:\/\/api.w.org\/{rel}","templated":true}]}}