{"id":45166,"date":"2022-10-02T22:00:28","date_gmt":"2022-10-02T20:00:28","guid":{"rendered":"http:\/\/dev.claret.cat\/producte\/les-set-cabretes-i-el-llop-3\/"},"modified":"2023-10-06T10:48:13","modified_gmt":"2023-10-06T08:48:13","slug":"les-set-cabretes-i-el-llop-9788417207618","status":"publish","type":"product","link":"https:\/\/www.claret.cat\/es\/libro\/les-set-cabretes-i-el-llop-9788417207618\/","title":{"rendered":"LES SET CABRETES I EL LLOP"},"content":{"rendered":"<p>El conte cl\u00e0ssic Les set cabretes i el llop reviu en aquest llibre infantil en catal\u00e0 de tapa dura! <\/p>\n<p>Les fant\u00e0stiques i divertides il\u00b7lustracions a tot color acompanyen la hist\u00f2ria, que t\u00e9 el text rimat, per fer-la encara m\u00e9s divertida i entranyable. <\/p>\n<p>Les set cabretes i el llop \u00e9s un conte cl\u00e0ssic imprescindible per entendre que s&#8217;ha de fer cas als pares. \u00c9s especialment recomanable per a nens i nenes de 2 a 6 anys.<\/p>\n<p> Un llop vol entrar dins la casa de les set cabretes per cruspir-se-les, aprofitant que la mare no hi \u00e9s. La mare abans de marxar les avisa que vagin en compte amb el llop, aix\u00ed que quan aquest arriba, les cabretes no es deixen enganyar. <\/p>\n<p>Primer les cabretes detecten que el llop t\u00e9 la veu molt greu i, despr\u00e9s, que t\u00e9 la pota ben negra. Per\u00f2 el famolenc llop, amb molt d&#8217;enginy, finalment aconsegueix entrar-hi. <\/p>\n<p> Les set cabretes s&#8217;amaguen a set llocs diferents per\u00f2 el llop n&#8217;aconsegueix trobar sis i, de tanta gana com t\u00e9, se les empassa sense mastegar. Quan la mare arriba, t\u00e9 una brillant idea que aconseguir\u00e0 alliberar les cabretes i, de passada, donar un bon escarment al llop. <\/p>\n<p>Aix\u00ed les cabretes aprenen que no han de deixar entrar a casa els desconeguts.<\/p>\n<p>Coneix els altres llibres publicats de la col\u00b7lecci\u00f3 contes cl\u00e0ssics rimats en catal\u00e0 d&#8217;Edicions del Pirata:<\/p>\n<p>1) Els tres porquets<\/p>\n<p>2) Pere i el llop<\/p>\n<p>3) Les set cabretes i el llop<\/p>\n<p>4) La R\u00ednxols d&#8217;Or<\/p>\n","protected":false},"excerpt":{"rendered":"<p>S\u00c9NDER, J\u00d6SE<\/p>\n","protected":false},"featured_media":60555,"template":"","meta":{"_acf_changed":false,"om_disable_all_campaigns":false,"rs_blank_template":"","rs_page_bg_color":"","slide_template_v7":"","inline_featured_image":false,"_monsterinsights_skip_tracking":false,"_monsterinsights_sitenote_active":false,"_monsterinsights_sitenote_note":"","_monsterinsights_sitenote_category":0},"product_brand":[],"product_cat":[131],"product_tag":[],"class_list":{"0":"post-45166","1":"product","2":"type-product","3":"status-publish","4":"has-post-thumbnail","6":"product_cat-contes-per-infants-0-6-anys","8":"first","9":"instock","10":"taxable","11":"shipping-taxable","12":"purchasable","13":"product-type-simple"},"acf":{"autor":"S\u00c9NDER, J\u00d6SE","codart":"841720761","libros-coleccion":"FORA DE COL.LECCI\u00d3","ediciones":"1","encuadernacion":"Carton\u00e9","fecha_de_publicacion":"01\/02\/2022","novedad":"1","paginas":"28","subtitulo":"CONTES CL\u00c0SSICS EN CATAL\u00c0 I RIMATS - LLIBRES INFANTILS PER A 2 ANYS","orden":"0","portada":"0","idioma":"cat","editorial":[{"ID":147881,"post_author":"3","post_date":"2022-10-14 11:53:55","post_date_gmt":"2022-10-14 09:53:55","post_content":"","post_title":"EDICIONS DEL PIRATA","post_excerpt":"","post_status":"publish","comment_status":"closed","ping_status":"closed","post_password":"","post_name":"edicions-del-pirata","to_ping":"","pinged":"","post_modified":"2022-10-14 11:53:55","post_modified_gmt":"2022-10-14 09:53:55","post_content_filtered":"","post_parent":0,"guid":"http:\/\/dev.claret.cat\/editorial\/edicions-del-pirata\/","menu_order":0,"post_type":"editorial","post_mime_type":"","comment_count":"0","filter":"raw"}],"autores-libros":[{"ID":160579,"post_author":"3","post_date":"2022-10-14 15:54:13","post_date_gmt":"2022-10-14 13:54:13","post_content":"","post_title":"J\u00d6SE S\u00c9NDER","post_excerpt":"","post_status":"publish","comment_status":"closed","ping_status":"closed","post_password":"","post_name":"jose-sender","to_ping":"","pinged":"","post_modified":"2022-10-14 15:54:13","post_modified_gmt":"2022-10-14 13:54:13","post_content_filtered":"","post_parent":0,"guid":"http:\/\/dev.claret.cat\/autor\/jose-sender\/","menu_order":0,"post_type":"autor","post_mime_type":"","comment_count":"0","filter":"raw"}]},"aioseo_notices":[],"_links":{"self":[{"href":"https:\/\/www.claret.cat\/es\/wp-json\/wp\/v2\/product\/45166","targetHints":{"allow":["GET"]}}],"collection":[{"href":"https:\/\/www.claret.cat\/es\/wp-json\/wp\/v2\/product"}],"about":[{"href":"https:\/\/www.claret.cat\/es\/wp-json\/wp\/v2\/types\/product"}],"wp:featuredmedia":[{"embeddable":true,"href":"https:\/\/www.claret.cat\/es\/wp-json\/wp\/v2\/media\/60555"}],"wp:attachment":[{"href":"https:\/\/www.claret.cat\/es\/wp-json\/wp\/v2\/media?parent=45166"}],"wp:term":[{"taxonomy":"product_brand","embeddable":true,"href":"https:\/\/www.claret.cat\/es\/wp-json\/wp\/v2\/product_brand?post=45166"},{"taxonomy":"product_cat","embeddable":true,"href":"https:\/\/www.claret.cat\/es\/wp-json\/wp\/v2\/product_cat?post=45166"},{"taxonomy":"product_tag","embeddable":true,"href":"https:\/\/www.claret.cat\/es\/wp-json\/wp\/v2\/product_tag?post=45166"}],"curies":[{"name":"wp","href":"https:\/\/api.w.org\/{rel}","templated":true}]}}