{"id":452164,"date":"2023-07-17T12:07:04","date_gmt":"2023-07-17T10:07:04","guid":{"rendered":"https:\/\/www.claret.cat\/llibre\/no-quiero-ir-al-cole-9788427236943\/"},"modified":"2025-04-07T11:44:45","modified_gmt":"2025-04-07T09:44:45","slug":"no-quiero-ir-al-cole-9788427236943","status":"publish","type":"product","link":"https:\/\/www.claret.cat\/es\/libro\/no-quiero-ir-al-cole-9788427236943\/","title":{"rendered":"(NO) QUIERO IR AL COLE"},"content":{"rendered":"<p>Un cuento para preparar y acompa\u00f1ar a los ni\u00f1os en ese momento tan especial: el inicio del cole. Llevo escuchando que voy a ir al cole desde hace un mont\u00f3n, parece que hay muchos ni\u00f1os y ni\u00f1as que no quieren ir, pero es que \u00a1yo me muero de ganas por saber qu\u00e9 es \u00abir al cole\u00bb! De la mano del carism\u00e1tico profe Danny llega un cuento sobre el primer d\u00eda del cole y todas las emociones que ello nos produce; explicado con humor y con la cercan\u00eda de un profe con la experiencia y el talento de Danny.<\/p>\n","protected":false},"excerpt":{"rendered":"<p>L\u00d3PEZ ORTEGA, DANIEL<\/p>\n","protected":false},"featured_media":581427,"template":"","meta":{"_acf_changed":false,"om_disable_all_campaigns":false,"rs_blank_template":"","rs_page_bg_color":"","slide_template_v7":"","inline_featured_image":false,"_monsterinsights_skip_tracking":false,"_monsterinsights_sitenote_active":false,"_monsterinsights_sitenote_note":"","_monsterinsights_sitenote_category":0},"product_brand":[],"product_cat":[131,132,361,362],"product_tag":[],"class_list":{"0":"post-452164","1":"product","2":"type-product","3":"status-publish","4":"has-post-thumbnail","6":"product_cat-contes-per-infants-0-6-anys","7":"product_cat-lectures-per-preadolescents-6-12-anys","8":"product_cat-cuentos-para-ninos-0-6-anos","9":"product_cat-libros-preadolescentes-6-12-anos","11":"first","12":"instock","13":"taxable","14":"shipping-taxable","15":"purchasable","16":"product-type-simple"},"acf":{"autor":"L\u00d3PEZ ORTEGA, DANIEL","codart":"842723694","libros-coleccion":"FORA DE COL.LECCI\u00d3","ediciones":"1","encuadernacion":"Carton\u00e9","fecha_de_publicacion":"01\/07\/2023","novedad":"1","paginas":"32","subtitulo":"","orden":"0","portada":"0","idioma":"spa","editorial":[{"ID":6346,"post_author":"3","post_date":"2022-07-28 17:50:13","post_date_gmt":"2022-07-28 15:50:13","post_content":"","post_title":"RBA Molino","post_excerpt":"","post_status":"publish","comment_status":"closed","ping_status":"closed","post_password":"","post_name":"rba-molino","to_ping":"","pinged":"","post_modified":"2022-07-28 17:50:13","post_modified_gmt":"2022-07-28 15:50:13","post_content_filtered":"","post_parent":0,"guid":"http:\/\/dev.claret.cat\/editorial\/rba-molino\/","menu_order":0,"post_type":"editorial","post_mime_type":"","comment_count":"0","filter":"raw"}],"autores-libros":[{"ID":452184,"post_author":"3","post_date":"2023-07-17 12:12:24","post_date_gmt":"2023-07-17 10:12:24","post_content":"","post_title":"DANIEL L\u00d3PEZ ORTEGA","post_excerpt":"","post_status":"publish","comment_status":"closed","ping_status":"closed","post_password":"","post_name":"daniel-lopez-ortega","to_ping":"","pinged":"","post_modified":"2023-07-17 12:12:24","post_modified_gmt":"2023-07-17 10:12:24","post_content_filtered":"","post_parent":0,"guid":"https:\/\/www.claret.cat\/autor\/daniel-lopez-ortega\/","menu_order":0,"post_type":"autor","post_mime_type":"","comment_count":"0","filter":"raw"}]},"aioseo_notices":[],"_links":{"self":[{"href":"https:\/\/www.claret.cat\/es\/wp-json\/wp\/v2\/product\/452164","targetHints":{"allow":["GET"]}}],"collection":[{"href":"https:\/\/www.claret.cat\/es\/wp-json\/wp\/v2\/product"}],"about":[{"href":"https:\/\/www.claret.cat\/es\/wp-json\/wp\/v2\/types\/product"}],"wp:featuredmedia":[{"embeddable":true,"href":"https:\/\/www.claret.cat\/es\/wp-json\/wp\/v2\/media\/581427"}],"wp:attachment":[{"href":"https:\/\/www.claret.cat\/es\/wp-json\/wp\/v2\/media?parent=452164"}],"wp:term":[{"taxonomy":"product_brand","embeddable":true,"href":"https:\/\/www.claret.cat\/es\/wp-json\/wp\/v2\/product_brand?post=452164"},{"taxonomy":"product_cat","embeddable":true,"href":"https:\/\/www.claret.cat\/es\/wp-json\/wp\/v2\/product_cat?post=452164"},{"taxonomy":"product_tag","embeddable":true,"href":"https:\/\/www.claret.cat\/es\/wp-json\/wp\/v2\/product_tag?post=452164"}],"curies":[{"name":"wp","href":"https:\/\/api.w.org\/{rel}","templated":true}]}}