{"id":452169,"date":"2023-07-17T12:08:09","date_gmt":"2023-07-17T10:08:09","guid":{"rendered":"https:\/\/www.claret.cat\/llibre\/1-2-3-compta-amb-lovelleta-lovelleta-que-va-venir-a-sopar-llibre-de-cartro-9788448865085\/"},"modified":"2023-10-11T01:20:04","modified_gmt":"2023-10-10T23:20:04","slug":"1-2-3-compta-amb-lovelleta-lovelleta-que-va-venir-a-sopar-llibre-de-cartro-9788448865085","status":"publish","type":"product","link":"https:\/\/www.claret.cat\/es\/libro\/1-2-3-compta-amb-lovelleta-lovelleta-que-va-venir-a-sopar-llibre-de-cartro-9788448865085\/","title":{"rendered":"1 2 3 COMPTA AMB L&#8217;OVELLETA (L&#8217;OVELLETA QUE VA VENIR A SOPAR. LLIBRE DE CARTR\u00d3)"},"content":{"rendered":"<p>Diverteix-te aprenent a comptar de l&#8217;1 al 10 amb els amics de la s\u00e8rie de L&#8217;ovelleta que va venir a sopar. Coneix els n\u00fameros amb l&#8217;Estofat i en Diop! 1 vell llop que coneix una ovelleta. Tots 2 es fan amics. 3 llops famolencs v\u00e9nen a sopar&#8230; fins que es converteixen en 10 amics escoltant una hist\u00f2ria! Gaudeix d&#8217;una nova aventura de L&#8217;ovelleta i els seus amics al voltant dels n\u00fameros. Aprendre mai no ha estat tan entretingut! Un llibre de cartr\u00f3 perfecte per als fans m\u00e9s grans de la s\u00e8rie de L&#8217;ovelleta que va venir a sopar. Gr\u00e0cies a ell, es podran quedar adormits comptant ovelles! Els nens petits gaudiran amb les m\u00e9s divertides aventures en aquest preci\u00f3s llibre de cartr\u00f3.*F\u00e0cil de manipular per les seves petites manetes. *Potencien la seva imaginaci\u00f3 amb les il\u00b7lustracions de la seva ovella favorita. *Llibres nous, pensats per convertir-se en cl\u00e0ssics.<\/p>\n","protected":false},"excerpt":{"rendered":"<p>SMALLMAN, STEVE \/ DREIDEMY, JO\u00cbLLE<\/p>\n","protected":false},"featured_media":452170,"template":"","meta":{"_acf_changed":false,"om_disable_all_campaigns":false,"rs_blank_template":"","rs_page_bg_color":"","slide_template_v7":"","inline_featured_image":false,"_monsterinsights_skip_tracking":false,"_monsterinsights_sitenote_active":false,"_monsterinsights_sitenote_note":"","_monsterinsights_sitenote_category":0},"product_brand":[],"product_cat":[131,361],"product_tag":[],"class_list":{"0":"post-452169","1":"product","2":"type-product","3":"status-publish","4":"has-post-thumbnail","6":"product_cat-contes-per-infants-0-6-anys","7":"product_cat-cuentos-para-ninos-0-6-anos","9":"first","10":"instock","11":"taxable","12":"shipping-taxable","13":"purchasable","14":"product-type-simple"},"acf":{"autor":"SMALLMAN, STEVE \/ DREIDEMY, JO\u00cbLLE","codart":"844886508","libros-coleccion":"","ediciones":"1","encuadernacion":"Carpeta","fecha_de_publicacion":"01\/07\/2023","novedad":"1","paginas":"10","subtitulo":"UN CONTE PER APRENDRE ELS N\u00daMEROS","orden":"0","portada":"0","idioma":"cat","editorial":[{"ID":6141,"post_author":"3","post_date":"2022-07-28 17:45:46","post_date_gmt":"2022-07-28 15:45:46","post_content":"","post_title":"BEASCOA","post_excerpt":"","post_status":"publish","comment_status":"closed","ping_status":"closed","post_password":"","post_name":"beascoa","to_ping":"","pinged":"","post_modified":"2022-07-28 17:45:46","post_modified_gmt":"2022-07-28 15:45:46","post_content_filtered":"","post_parent":0,"guid":"http:\/\/dev.claret.cat\/editorial\/beascoa\/","menu_order":0,"post_type":"editorial","post_mime_type":"","comment_count":"0","filter":"raw"}],"autores-libros":[{"ID":5608,"post_author":"3","post_date":"2022-07-28 17:27:39","post_date_gmt":"2022-07-28 15:27:39","post_content":"","post_title":"JO\u00cbLLE DREIDEMY","post_excerpt":"","post_status":"publish","comment_status":"closed","ping_status":"closed","post_password":"","post_name":"joelle-dreidemy","to_ping":"","pinged":"","post_modified":"2022-07-28 17:27:39","post_modified_gmt":"2022-07-28 15:27:39","post_content_filtered":"","post_parent":0,"guid":"http:\/\/dev.claret.cat\/autor\/joelle-dreidemy\/","menu_order":0,"post_type":"autor","post_mime_type":"","comment_count":"0","filter":"raw"},{"ID":6046,"post_author":"3","post_date":"2022-07-28 17:37:00","post_date_gmt":"2022-07-28 15:37:00","post_content":"","post_title":"STEVE SMALLMAN","post_excerpt":"","post_status":"publish","comment_status":"closed","ping_status":"closed","post_password":"","post_name":"steve-smallman","to_ping":"","pinged":"","post_modified":"2022-07-28 17:37:00","post_modified_gmt":"2022-07-28 15:37:00","post_content_filtered":"","post_parent":0,"guid":"http:\/\/dev.claret.cat\/autor\/steve-smallman\/","menu_order":0,"post_type":"autor","post_mime_type":"","comment_count":"0","filter":"raw"}]},"aioseo_notices":[],"_links":{"self":[{"href":"https:\/\/www.claret.cat\/es\/wp-json\/wp\/v2\/product\/452169","targetHints":{"allow":["GET"]}}],"collection":[{"href":"https:\/\/www.claret.cat\/es\/wp-json\/wp\/v2\/product"}],"about":[{"href":"https:\/\/www.claret.cat\/es\/wp-json\/wp\/v2\/types\/product"}],"wp:featuredmedia":[{"embeddable":true,"href":"https:\/\/www.claret.cat\/es\/wp-json\/wp\/v2\/media\/452170"}],"wp:attachment":[{"href":"https:\/\/www.claret.cat\/es\/wp-json\/wp\/v2\/media?parent=452169"}],"wp:term":[{"taxonomy":"product_brand","embeddable":true,"href":"https:\/\/www.claret.cat\/es\/wp-json\/wp\/v2\/product_brand?post=452169"},{"taxonomy":"product_cat","embeddable":true,"href":"https:\/\/www.claret.cat\/es\/wp-json\/wp\/v2\/product_cat?post=452169"},{"taxonomy":"product_tag","embeddable":true,"href":"https:\/\/www.claret.cat\/es\/wp-json\/wp\/v2\/product_tag?post=452169"}],"curies":[{"name":"wp","href":"https:\/\/api.w.org\/{rel}","templated":true}]}}