{"id":452172,"date":"2023-07-17T12:10:04","date_gmt":"2023-07-17T10:10:04","guid":{"rendered":"https:\/\/www.claret.cat\/llibre\/1-2-3-cuenta-con-la-ovejita-la-ovejita-que-vino-a-cenar-libro-de-carton-9788448865078\/"},"modified":"2023-10-11T01:20:01","modified_gmt":"2023-10-10T23:20:01","slug":"1-2-3-cuenta-con-la-ovejita-la-ovejita-que-vino-a-cenar-libro-de-carton-9788448865078","status":"publish","type":"product","link":"https:\/\/www.claret.cat\/es\/libro\/1-2-3-cuenta-con-la-ovejita-la-ovejita-que-vino-a-cenar-libro-de-carton-9788448865078\/","title":{"rendered":"1 2 3 CUENTA CON LA OVEJITA (LA OVEJITA QUE VINO A CENAR. LIBRO DE CART\u00d3N)"},"content":{"rendered":"<p>Divi\u00e9rtete aprendiendo a contar del 1 al 10 con los amigos de la serie de La ovejita que vino a cenar. \u00a1Conoce los n\u00fameros con Estofado y Dobo! 1 viejo lobo que conoce a una ovejita. Los 2 se hacen amigos. 3 lobos hambrientos que vienen a cenar\u2026 \u00a1hasta que se convierten en 10 amigos escuchando una historia! Disfruta de una nueva aventura de La Ovejita y sus amigos alrededor de los n\u00fameros. \u00a1Aprender nunca ha sido tan entretenido!Un libro de cart\u00f3n perfecto para los mayores fans de la serie de La ovejita que vino a cenar. Gracias a \u00e9l, \u00a1podr\u00e1n quedarse dormidos contando ovejitas! Los ni\u00f1os peque\u00f1os disfrutar\u00e1n con las m\u00e1s divertidas aventuras en este precioso libro de cart\u00f3n. *F\u00e1cil de manipular por sus peque\u00f1as manitas.*Potencian su imaginaci\u00f3n con las ilustraciones de su ovejita favorita. *Libros novedosos, pensados para convertirse en cl\u00e1sicos.<\/p>\n","protected":false},"excerpt":{"rendered":"<p>Divi\u00e9rtete aprendiendo a contar del 1 al 10 con los amigos de la serie de La ovejita que vino a cenar. \u00a1Conoce los n\u00fameros con Estofado y Dobo! 1 viejo lobo que conoce a una ovejita. Los 2 se hacen amigos. 3 lobos hambrientos que vienen a cenar\u2026 \u00a1hasta que se convierten en 10 amigos [&hellip;]<\/p>\n","protected":false},"featured_media":452173,"template":"","meta":{"_acf_changed":false,"om_disable_all_campaigns":false,"rs_blank_template":"","rs_page_bg_color":"","slide_template_v7":"","inline_featured_image":false,"_monsterinsights_skip_tracking":false,"_monsterinsights_sitenote_active":false,"_monsterinsights_sitenote_note":"","_monsterinsights_sitenote_category":0},"product_brand":[],"product_cat":[131,361],"product_tag":[],"class_list":{"0":"post-452172","1":"product","2":"type-product","3":"status-publish","4":"has-post-thumbnail","6":"product_cat-contes-per-infants-0-6-anys","7":"product_cat-cuentos-para-ninos-0-6-anos","9":"first","10":"instock","11":"taxable","12":"shipping-taxable","13":"purchasable","14":"product-type-simple"},"acf":{"autor":"SMALLMAN, STEVE \/ DREIDEMY, JO\u00cbLLE","codart":"844886507","libros-coleccion":"Peque\u00f1as manitas","ediciones":"1","encuadernacion":"Carpeta","fecha_de_publicacion":"01\/07\/2023","novedad":"1","paginas":"10","subtitulo":"UN CUENTO PARA APRENDER LOS N\u00daMEROS","orden":"0","portada":"0","idioma":"spa","editorial":[{"ID":6141,"post_author":"3","post_date":"2022-07-28 17:45:46","post_date_gmt":"2022-07-28 15:45:46","post_content":"","post_title":"BEASCOA","post_excerpt":"","post_status":"publish","comment_status":"closed","ping_status":"closed","post_password":"","post_name":"beascoa","to_ping":"","pinged":"","post_modified":"2022-07-28 17:45:46","post_modified_gmt":"2022-07-28 15:45:46","post_content_filtered":"","post_parent":0,"guid":"http:\/\/dev.claret.cat\/editorial\/beascoa\/","menu_order":0,"post_type":"editorial","post_mime_type":"","comment_count":"0","filter":"raw"}],"autores-libros":[{"ID":6046,"post_author":"3","post_date":"2022-07-28 17:37:00","post_date_gmt":"2022-07-28 15:37:00","post_content":"","post_title":"STEVE SMALLMAN","post_excerpt":"","post_status":"publish","comment_status":"closed","ping_status":"closed","post_password":"","post_name":"steve-smallman","to_ping":"","pinged":"","post_modified":"2022-07-28 17:37:00","post_modified_gmt":"2022-07-28 15:37:00","post_content_filtered":"","post_parent":0,"guid":"http:\/\/dev.claret.cat\/autor\/steve-smallman\/","menu_order":0,"post_type":"autor","post_mime_type":"","comment_count":"0","filter":"raw"},{"ID":5608,"post_author":"3","post_date":"2022-07-28 17:27:39","post_date_gmt":"2022-07-28 15:27:39","post_content":"","post_title":"JO\u00cbLLE DREIDEMY","post_excerpt":"","post_status":"publish","comment_status":"closed","ping_status":"closed","post_password":"","post_name":"joelle-dreidemy","to_ping":"","pinged":"","post_modified":"2022-07-28 17:27:39","post_modified_gmt":"2022-07-28 15:27:39","post_content_filtered":"","post_parent":0,"guid":"http:\/\/dev.claret.cat\/autor\/joelle-dreidemy\/","menu_order":0,"post_type":"autor","post_mime_type":"","comment_count":"0","filter":"raw"}]},"aioseo_notices":[],"_links":{"self":[{"href":"https:\/\/www.claret.cat\/es\/wp-json\/wp\/v2\/product\/452172","targetHints":{"allow":["GET"]}}],"collection":[{"href":"https:\/\/www.claret.cat\/es\/wp-json\/wp\/v2\/product"}],"about":[{"href":"https:\/\/www.claret.cat\/es\/wp-json\/wp\/v2\/types\/product"}],"wp:featuredmedia":[{"embeddable":true,"href":"https:\/\/www.claret.cat\/es\/wp-json\/wp\/v2\/media\/452173"}],"wp:attachment":[{"href":"https:\/\/www.claret.cat\/es\/wp-json\/wp\/v2\/media?parent=452172"}],"wp:term":[{"taxonomy":"product_brand","embeddable":true,"href":"https:\/\/www.claret.cat\/es\/wp-json\/wp\/v2\/product_brand?post=452172"},{"taxonomy":"product_cat","embeddable":true,"href":"https:\/\/www.claret.cat\/es\/wp-json\/wp\/v2\/product_cat?post=452172"},{"taxonomy":"product_tag","embeddable":true,"href":"https:\/\/www.claret.cat\/es\/wp-json\/wp\/v2\/product_tag?post=452172"}],"curies":[{"name":"wp","href":"https:\/\/api.w.org\/{rel}","templated":true}]}}