{"id":45220,"date":"2022-10-02T22:01:29","date_gmt":"2022-10-02T20:01:29","guid":{"rendered":"http:\/\/dev.claret.cat\/producte\/universos-literaris\/"},"modified":"2024-02-05T13:47:56","modified_gmt":"2024-02-05T12:47:56","slug":"universos-literaris-9788498095111","status":"publish","type":"product","link":"https:\/\/www.claret.cat\/es\/libro\/universos-literaris-9788498095111\/","title":{"rendered":"UNIVERSOS LITERARIS"},"content":{"rendered":"<p>Aquest volum ressegueix vuitanta-dos paisatges de la m\u00e0 de les figures de la nostra literatura que, de manera m\u00e9s personal i incisiva, han marcat itineraris, han recreat espais i n&#8217;han projectat de nous arreu dels Pa\u00efsos Catalans. La tria mostra un variat ventall d&#8217;universos literaris. De Ramon Llull a Albert Villar\u00f3, passant per Ausi\u00e0s Marc, Jacint Verdaguer, Josep Pla, Merc\u00e8 Rodoreda, Baltasar Porcel o Montserrat Roig, el present volum ofereix un ampli calidoscopi al servei de la divulgaci\u00f3 liter\u00e0ria i cultural. Al capdavall, el llibre recull l&#8217;ess\u00e8ncia dels treballs que Soldevila ha anat fent, unint literartura i territori.<\/p>\n","protected":false},"excerpt":{"rendered":"<p>SOLDEVILA BALART, LLOREN\u00c7<\/p>\n","protected":false},"featured_media":60617,"template":"","meta":{"_acf_changed":false,"om_disable_all_campaigns":false,"rs_blank_template":"","rs_page_bg_color":"","slide_template_v7":"","inline_featured_image":false,"_monsterinsights_skip_tracking":false,"_monsterinsights_sitenote_active":false,"_monsterinsights_sitenote_note":"","_monsterinsights_sitenote_category":0},"product_brand":[],"product_cat":[90,540],"product_tag":[],"class_list":{"0":"post-45220","1":"product","2":"type-product","3":"status-publish","4":"has-post-thumbnail","6":"product_cat-altres","7":"product_cat-otros","9":"first","10":"instock","11":"taxable","12":"shipping-taxable","13":"purchasable","14":"product-type-simple"},"acf":{"autor":"SOLDEVILA BALART, LLOREN\u00c7","codart":"849809511","libros-coleccion":"Geografia liter\u00e0ria","ediciones":"1","encuadernacion":"R\u00fastica","fecha_de_publicacion":"01\/02\/2022","novedad":"1","paginas":"536","subtitulo":"","orden":"0","portada":"0","idioma":"spa","editorial":[{"ID":148023,"post_author":"3","post_date":"2022-10-14 11:55:02","post_date_gmt":"2022-10-14 09:55:02","post_content":"","post_title":"Editorial P\u00f2rtic","post_excerpt":"","post_status":"publish","comment_status":"closed","ping_status":"closed","post_password":"","post_name":"editorial-portic","to_ping":"","pinged":"","post_modified":"2022-10-14 11:55:02","post_modified_gmt":"2022-10-14 09:55:02","post_content_filtered":"","post_parent":0,"guid":"http:\/\/dev.claret.cat\/editorial\/editorial-portic\/","menu_order":0,"post_type":"editorial","post_mime_type":"","comment_count":"0","filter":"raw"}],"autores-libros":[{"ID":162317,"post_author":"3","post_date":"2022-10-14 17:30:04","post_date_gmt":"2022-10-14 15:30:04","post_content":"","post_title":"LLOREN\u00c7 SOLDEVILA BALART","post_excerpt":"","post_status":"publish","comment_status":"closed","ping_status":"closed","post_password":"","post_name":"llorenc-soldevila-balart","to_ping":"","pinged":"","post_modified":"2022-10-14 17:30:04","post_modified_gmt":"2022-10-14 15:30:04","post_content_filtered":"","post_parent":0,"guid":"http:\/\/dev.claret.cat\/autor\/llorenc-soldevila-balart\/","menu_order":0,"post_type":"autor","post_mime_type":"","comment_count":"0","filter":"raw"}]},"aioseo_notices":[],"_links":{"self":[{"href":"https:\/\/www.claret.cat\/es\/wp-json\/wp\/v2\/product\/45220","targetHints":{"allow":["GET"]}}],"collection":[{"href":"https:\/\/www.claret.cat\/es\/wp-json\/wp\/v2\/product"}],"about":[{"href":"https:\/\/www.claret.cat\/es\/wp-json\/wp\/v2\/types\/product"}],"wp:featuredmedia":[{"embeddable":true,"href":"https:\/\/www.claret.cat\/es\/wp-json\/wp\/v2\/media\/60617"}],"wp:attachment":[{"href":"https:\/\/www.claret.cat\/es\/wp-json\/wp\/v2\/media?parent=45220"}],"wp:term":[{"taxonomy":"product_brand","embeddable":true,"href":"https:\/\/www.claret.cat\/es\/wp-json\/wp\/v2\/product_brand?post=45220"},{"taxonomy":"product_cat","embeddable":true,"href":"https:\/\/www.claret.cat\/es\/wp-json\/wp\/v2\/product_cat?post=45220"},{"taxonomy":"product_tag","embeddable":true,"href":"https:\/\/www.claret.cat\/es\/wp-json\/wp\/v2\/product_tag?post=45220"}],"curies":[{"name":"wp","href":"https:\/\/api.w.org\/{rel}","templated":true}]}}