{"id":452244,"date":"2023-07-17T13:35:06","date_gmt":"2023-07-17T11:35:06","guid":{"rendered":"https:\/\/www.claret.cat\/llibre\/tot-tallers-llengua-3-9788441234680\/"},"modified":"2025-07-08T12:56:46","modified_gmt":"2025-07-08T10:56:46","slug":"tot-tallers-llengua-3-9788441234680","status":"publish","type":"product","link":"https:\/\/www.claret.cat\/es\/libro\/tot-tallers-llengua-3-9788441234680\/","title":{"rendered":"TOT TALLERS LLENGUA 3"},"content":{"rendered":"<p>Quadern 100% curricular que planteja 30 tallers setmanals combinables amb altres materials. Pensat per treballar i avaluar les compet\u00e8ncies espec\u00edfiques de l&#8217;\u00e0rea de Llengua i literatura. Els mestres disposen d&#8217;una guia interactiva amb orientacions i propostes did\u00e0ctiques, molts recursos digitals per treballar a l&#8217;aula i una eina que permet avaluar senzillament per compet\u00e8ncies.<\/p>\n","protected":false},"excerpt":{"rendered":"<p>TORO I LIENAS, LARA<\/p>\n","protected":false},"featured_media":1044884,"template":"","meta":{"_acf_changed":false,"om_disable_all_campaigns":false,"rs_blank_template":"","rs_page_bg_color":"","slide_template_v7":"","inline_featured_image":false,"_monsterinsights_skip_tracking":false,"_monsterinsights_sitenote_active":false,"_monsterinsights_sitenote_note":"","_monsterinsights_sitenote_category":0},"product_brand":[],"product_cat":[138,571],"product_tag":[],"class_list":{"0":"post-452244","1":"product","2":"type-product","3":"status-publish","4":"has-post-thumbnail","6":"product_cat-primaria","7":"product_cat-primaria-escolar-4_escolar-spa","9":"first","10":"outofstock","11":"taxable","12":"shipping-taxable","13":"purchasable","14":"product-type-simple"},"acf":{"autor":"TORO I LIENAS, LARA","codart":"844123468","libros-coleccion":"D'ac\u00ed i d'all\u00e0                          ","ediciones":"1","encuadernacion":"R\u00fastica","fecha_de_publicacion":"01\/07\/2022","novedad":"1","paginas":"0","subtitulo":"","orden":"0","portada":"0","idioma":"spa","editorial":[{"ID":6242,"post_author":"3","post_date":"2022-07-28 17:48:01","post_date_gmt":"2022-07-28 15:48:01","post_content":"","post_title":"Enciclop\u00e8dia Catalana","post_excerpt":"","post_status":"publish","comment_status":"closed","ping_status":"closed","post_password":"","post_name":"enciclopedia-catalana","to_ping":"","pinged":"","post_modified":"2022-07-28 17:48:01","post_modified_gmt":"2022-07-28 15:48:01","post_content_filtered":"","post_parent":0,"guid":"http:\/\/dev.claret.cat\/editorial\/enciclopedia-catalana\/","menu_order":0,"post_type":"editorial","post_mime_type":"","comment_count":"0","filter":"raw"}],"autores-libros":[{"ID":452371,"post_author":"3","post_date":"2023-07-18 13:06:13","post_date_gmt":"2023-07-18 11:06:13","post_content":"","post_title":"LARA TORO I LIENAS","post_excerpt":"","post_status":"publish","comment_status":"closed","ping_status":"closed","post_password":"","post_name":"lara-toro-i-lienas","to_ping":"","pinged":"","post_modified":"2023-07-18 13:06:13","post_modified_gmt":"2023-07-18 11:06:13","post_content_filtered":"","post_parent":0,"guid":"https:\/\/www.claret.cat\/autor\/lara-toro-i-lienas\/","menu_order":0,"post_type":"autor","post_mime_type":"","comment_count":"0","filter":"raw"}],"booktrailer":"","resenas":""},"aioseo_notices":[],"_links":{"self":[{"href":"https:\/\/www.claret.cat\/es\/wp-json\/wp\/v2\/product\/452244","targetHints":{"allow":["GET"]}}],"collection":[{"href":"https:\/\/www.claret.cat\/es\/wp-json\/wp\/v2\/product"}],"about":[{"href":"https:\/\/www.claret.cat\/es\/wp-json\/wp\/v2\/types\/product"}],"wp:featuredmedia":[{"embeddable":true,"href":"https:\/\/www.claret.cat\/es\/wp-json\/wp\/v2\/media\/1044884"}],"wp:attachment":[{"href":"https:\/\/www.claret.cat\/es\/wp-json\/wp\/v2\/media?parent=452244"}],"wp:term":[{"taxonomy":"product_brand","embeddable":true,"href":"https:\/\/www.claret.cat\/es\/wp-json\/wp\/v2\/product_brand?post=452244"},{"taxonomy":"product_cat","embeddable":true,"href":"https:\/\/www.claret.cat\/es\/wp-json\/wp\/v2\/product_cat?post=452244"},{"taxonomy":"product_tag","embeddable":true,"href":"https:\/\/www.claret.cat\/es\/wp-json\/wp\/v2\/product_tag?post=452244"}],"curies":[{"name":"wp","href":"https:\/\/api.w.org\/{rel}","templated":true}]}}