{"id":452275,"date":"2023-07-17T16:15:04","date_gmt":"2023-07-17T14:15:04","guid":{"rendered":"https:\/\/www.claret.cat\/llibre\/confirmacion-para-adultos-9788412686005\/"},"modified":"2024-09-09T12:20:53","modified_gmt":"2024-09-09T10:20:53","slug":"confirmacion-para-adultos-9788412686005","status":"publish","type":"product","link":"https:\/\/www.claret.cat\/es\/libro\/confirmacion-para-adultos-9788412686005\/","title":{"rendered":"CONFIRMACI\u00d3N PARA ADULTOS"},"content":{"rendered":"<p>Presentaci\u00f3n: Existi\u00f3 un hombre maravilloso amado por muchos y seguido por multitudes llamado Jes\u00fas. Sus palabras transmit\u00edan amor; sus gestos, misericordia. No dej\u00f3 escrito texto alguno, pero dijo tantas cosas que no habr\u00eda libros en el mundo que pudieran contener su mensaje universal de salvaci\u00f3n. <\/p>\n<p>Jes\u00fas revel\u00f3 la intimidad del Padre, ense\u00f1\u00f3 un nuevo modo de vivir y trajo un reino de paz, amor y justicia. Se present\u00f3 como enviado de Dios, a quien llamaba &#8216;mi Padre&#8217;; nos invit\u00f3 a llamarlo &#8216;Padre nuestro&#8217;, y nos habl\u00f3 del Esp\u00edritu Santo que nos enviar\u00eda.<\/p>\n<p>Lo que dijo e hizo el Maestro ha cambiado la historia de la humanidad; pero, \u00bflo has descubierto? \u00bfEs Jes\u00fas para ti una idea sublime o alguien real que te importa y determina tu vida?<\/p>\n<p>Este libro describe la figura de Jes\u00fas saliendo a tu encuentro. En \u00e9l descubrir\u00e1s el amor del Esp\u00edritu Santo y la crucial figura de Mar\u00eda en el proceso salv\u00edfico de la humanidad y en tu propia existencia. No lo leas con indiferencia. Abre tu coraz\u00f3n para abrazar al Se\u00f1or y dejar que el Esp\u00edritu Santo, que recibir\u00e1s con el sacramento de la Confirmaci\u00f3n, renueve tu interior.<\/p>\n<p>Confirmaci\u00f3n para adultos  aborda la acci\u00f3n del Esp\u00edritu Santo en la vida de las personas y en la sociedad. Ayuda a comprender no solo el contenido de la fe, sino c\u00f3mo act\u00faa el Esp\u00edritu Santo en el confirmando y su implicaci\u00f3n en la sociedad como testigo del Se\u00f1or. El libro sigue esta l\u00ednea argumental: Jes\u00fas es un personaje hist\u00f3rico. Dios prepara a su pueblo. El Esp\u00edritu Santo en Mar\u00eda y en Jes\u00fas. El Esp\u00edritu Santo en la Iglesia. Los sacramentos. El Esp\u00edritu Santo en la sociedad: la paz, la verdad, la justicia&#8230; El mal, la libertad&#8230; La globalizaci\u00f3n y el progreso.<\/p>\n<p>La fundaci\u00f3n de la Iglesia y su presencia en la sociedad abre las puertas a los retos que nuestro tiempo plantea a los cristianos. El testigo ser\u00e1 valiente y fiel a cuanto profesa, luz en la cultura actual, tan confusa en ciertas ocasiones y sin principios en otras. El reino de la paz enfrenta la propia libertad con el respeto a los dem\u00e1s; \u00bfd\u00f3nde est\u00e1n los l\u00edmites de una y otro? La verdad, \u00bfes la de Cristo o la que acuerda el consenso? El di\u00e1logo fe y cultura, los sacramentos, la gracia, la misericordia y el perd\u00f3n de Dios&#8230;, estos y otros temas formativos recoge la obra, as\u00ed como la descripci\u00f3n de la ceremonia del sacramento de la Confirmaci\u00f3n.<\/p>\n<p>Pero de poco servir\u00eda una formaci\u00f3n para recibir el sacramento de la Confirmaci\u00f3n si obvi\u00e1semos nuestro dif\u00edcil momento hist\u00f3rico donde la verdad se esconde tras la mentira y bajo una falsa fraternidad universal se apaga la luz del conocimiento. Por eso, el testigo defender\u00e1 la justicia y su conciencia, la vida frente a las pol\u00edticas abortistas, y su libertad en un mundo globalista que pretende anular a la persona y dominar la sociedad. Solo con rectitud de conciencia y el coraz\u00f3n en Dios se tomar\u00e1n decisiones equilibradas que armonicen el progreso con la paz y el bien universal e individual.<\/p>\n<p>Confirmaci\u00f3n para adultos es un libro sugerente que orienta al testigo confirmado para que sea sal y luz, y ayude, a cuantos viven a su alrededor, a conocer y amar al Se\u00f1or.<\/p>\n","protected":false},"excerpt":{"rendered":"<p>FAM\u00cdLIA DE JES\u00daS<\/p>\n","protected":false},"featured_media":452804,"template":"","meta":{"_acf_changed":false,"om_disable_all_campaigns":false,"rs_blank_template":"","rs_page_bg_color":"","slide_template_v7":"","inline_featured_image":false,"_monsterinsights_skip_tracking":false,"_monsterinsights_sitenote_active":false,"_monsterinsights_sitenote_note":"","_monsterinsights_sitenote_category":0},"product_brand":[],"product_cat":[282,417],"product_tag":[],"class_list":{"0":"post-452275","1":"product","2":"type-product","3":"status-publish","4":"has-post-thumbnail","6":"product_cat-sacramentologia","7":"product_cat-sacramentologia-teologia-1_espiritualidad","9":"first","10":"instock","11":"taxable","12":"shipping-taxable","13":"purchasable","14":"product-type-simple"},"acf":{"autor":"FAM\u00cdLIA DE JES\u00daS","codart":"841268600","libros-coleccion":"","ediciones":"1","encuadernacion":"R\u00fastica","fecha_de_publicacion":"17\/07\/2023","novedad":"1","paginas":"167","subtitulo":"","orden":"0","portada":"0","idioma":"spa","editorial":[{"ID":148134,"post_author":"3","post_date":"2022-10-14 11:55:54","post_date_gmt":"2022-10-14 09:55:54","post_content":"","post_title":"FAMILIA DE JESUS, S.L.","post_excerpt":"","post_status":"publish","comment_status":"closed","ping_status":"closed","post_password":"","post_name":"familia-de-jesus-s-l","to_ping":"","pinged":"","post_modified":"2022-10-14 11:55:54","post_modified_gmt":"2022-10-14 09:55:54","post_content_filtered":"","post_parent":0,"guid":"http:\/\/dev.claret.cat\/editorial\/familia-de-jesus-s-l\/","menu_order":0,"post_type":"editorial","post_mime_type":"","comment_count":"0","filter":"raw"}],"autores-libros":[{"ID":5471,"post_author":"3","post_date":"2022-07-28 17:24:42","post_date_gmt":"2022-07-28 15:24:42","post_content":"","post_title":"FAMILIA DE JES\u00daS","post_excerpt":"","post_status":"publish","comment_status":"closed","ping_status":"closed","post_password":"","post_name":"familia-de-jesus","to_ping":"","pinged":"","post_modified":"2022-07-28 17:24:42","post_modified_gmt":"2022-07-28 15:24:42","post_content_filtered":"","post_parent":0,"guid":"http:\/\/dev.claret.cat\/autor\/familia-de-jesus\/","menu_order":0,"post_type":"autor","post_mime_type":"","comment_count":"0","filter":"raw"}]},"aioseo_notices":[],"_links":{"self":[{"href":"https:\/\/www.claret.cat\/es\/wp-json\/wp\/v2\/product\/452275","targetHints":{"allow":["GET"]}}],"collection":[{"href":"https:\/\/www.claret.cat\/es\/wp-json\/wp\/v2\/product"}],"about":[{"href":"https:\/\/www.claret.cat\/es\/wp-json\/wp\/v2\/types\/product"}],"wp:featuredmedia":[{"embeddable":true,"href":"https:\/\/www.claret.cat\/es\/wp-json\/wp\/v2\/media\/452804"}],"wp:attachment":[{"href":"https:\/\/www.claret.cat\/es\/wp-json\/wp\/v2\/media?parent=452275"}],"wp:term":[{"taxonomy":"product_brand","embeddable":true,"href":"https:\/\/www.claret.cat\/es\/wp-json\/wp\/v2\/product_brand?post=452275"},{"taxonomy":"product_cat","embeddable":true,"href":"https:\/\/www.claret.cat\/es\/wp-json\/wp\/v2\/product_cat?post=452275"},{"taxonomy":"product_tag","embeddable":true,"href":"https:\/\/www.claret.cat\/es\/wp-json\/wp\/v2\/product_tag?post=452275"}],"curies":[{"name":"wp","href":"https:\/\/api.w.org\/{rel}","templated":true}]}}