{"id":452362,"date":"2023-07-18T12:20:22","date_gmt":"2023-07-18T10:20:22","guid":{"rendered":"https:\/\/www.claret.cat\/llibre\/castillo-interior-y-cuentas-de-conciencia-9788479148195\/"},"modified":"2025-06-17T20:05:23","modified_gmt":"2025-06-17T18:05:23","slug":"castillo-interior-y-cuentas-de-conciencia-9788479148195","status":"publish","type":"product","link":"https:\/\/www.claret.cat\/es\/libro\/castillo-interior-y-cuentas-de-conciencia-9788479148195\/","title":{"rendered":"CASTILLO INTERIOR Y CUENTAS DE CONCIENCIA"},"content":{"rendered":"<p>CASTILLO INTERIOR. Santa Teresa, como todos los m\u00edsticos, habla de y por experiencia, en la que distingue tres etapas: sentir, entender y comunicar. De esta \u00faltima, de la comunicaci\u00f3n de la experiencia, trata el Castillo Interior, el m\u00e1s sistem\u00e1tico de sus escritos, donde logra hacer todo un &#8216;tratado&#8217; de teolog\u00eda espiritual sin abandonar el v\u00ednculo con lo vivido. Conocido ya por sus muchas ediciones, la presente recoge las \u00faltimas novedades de la cr\u00edtica textual y de la investigaci\u00f3n teresiana desde la edici\u00f3n cr\u00edtica-facs\u00edmil de Tom\u00e1s \u00c1lvarez (1990), con texto adaptado a la ortograf\u00eda y fon\u00e9tica modernas, m\u00e1s una amplia introducci\u00f3n y notas a pie de p\u00e1gina para facilitar su comprensi\u00f3n al lector. CUENTAS DE CONCIENCIA. Entre las p\u00e1ginas m\u00e1s espont\u00e1neas, agradables y sobrecogedoras -a la vez que bastante desatendidas de la experiencia espiritual teresiana hay que colocar las Cuentas de Conciencia, que vienen a ser, por una parte, una especie de autobiograf\u00eda interna hecha a trazos discontinuo s y, por otra, toda una teolog\u00eda experencial, narrativa. Son textos de experiencia, escritos desde la relaci\u00f3n misma y como un medio para profundizar m\u00e1s en ella, La presente edici\u00f3n, adem\u00e1s de los aut\u00f3grafos conservados, ha tomado como base la copia del P. Ribera, que es la m\u00e1s completa y autorizada y con p\u00e1rrafos todav\u00eda in\u00e9ditos.<\/p>\n","protected":false},"excerpt":{"rendered":"<p>SANTA TERESA DE JES\u00daS<\/p>\n","protected":false},"featured_media":975280,"template":"","meta":{"_acf_changed":false,"om_disable_all_campaigns":false,"rs_blank_template":"","rs_page_bg_color":"","slide_template_v7":"","inline_featured_image":false,"_monsterinsights_skip_tracking":false,"_monsterinsights_sitenote_active":false,"_monsterinsights_sitenote_note":"","_monsterinsights_sitenote_category":0},"product_brand":[],"product_cat":[492,242,233,486],"product_tag":[],"class_list":{"0":"post-452362","1":"product","2":"type-product","3":"status-publish","4":"has-post-thumbnail","6":"product_cat-carmelitana-espiritualidad-1_espiritualidad","7":"product_cat-carmelitana","8":"product_cat-mistica","9":"product_cat-mistica-espiritualidad-1_espiritualidad","11":"first","12":"instock","13":"taxable","14":"shipping-taxable","15":"purchasable","16":"product-type-simple"},"acf":{"autor":"SANTA TERESA DE JES\u00daS","codart":"847914819","libros-coleccion":"Cl\u00e1sicos de Espiritualidad","ediciones":"1","encuadernacion":"R\u00fastica","fecha_de_publicacion":"02\/02\/2006","novedad":"0","paginas":"336","subtitulo":"","orden":"999","portada":"0","idioma":"spa","editorial":[{"ID":147509,"post_author":"3","post_date":"2022-10-14 11:51:07","post_date_gmt":"2022-10-14 09:51:07","post_content":"","post_title":"B.A.C.","post_excerpt":"","post_status":"publish","comment_status":"closed","ping_status":"closed","post_password":"","post_name":"b-a-c","to_ping":"","pinged":"","post_modified":"2022-10-14 11:51:07","post_modified_gmt":"2022-10-14 09:51:07","post_content_filtered":"","post_parent":0,"guid":"http:\/\/dev.claret.cat\/editorial\/b-a-c\/","menu_order":0,"post_type":"editorial","post_mime_type":"","comment_count":"0","filter":"raw"}],"autores-libros":[{"ID":168997,"post_author":"3","post_date":"2022-10-14 22:23:39","post_date_gmt":"2022-10-14 20:23:39","post_content":"","post_title":"SANTA TERESA DE JESUS","post_excerpt":"","post_status":"publish","comment_status":"closed","ping_status":"closed","post_password":"","post_name":"santa-teresa-de-jesus-2","to_ping":"","pinged":"","post_modified":"2022-10-14 22:23:39","post_modified_gmt":"2022-10-14 20:23:39","post_content_filtered":"","post_parent":0,"guid":"http:\/\/dev.claret.cat\/autor\/santa-teresa-de-jesus-2\/","menu_order":0,"post_type":"autor","post_mime_type":"","comment_count":"0","filter":"raw"},{"ID":452361,"post_author":"3","post_date":"2023-07-18 12:20:20","post_date_gmt":"2023-07-18 10:20:20","post_content":"","post_title":"SALVADOR (dir) ROS GARC\u00cdA","post_excerpt":"","post_status":"publish","comment_status":"closed","ping_status":"closed","post_password":"","post_name":"salvador-dir-ros-garcia","to_ping":"","pinged":"","post_modified":"2023-07-18 12:20:20","post_modified_gmt":"2023-07-18 10:20:20","post_content_filtered":"","post_parent":0,"guid":"https:\/\/www.claret.cat\/autor\/salvador-dir-ros-garcia\/","menu_order":0,"post_type":"autor","post_mime_type":"","comment_count":"0","filter":"raw"}],"booktrailer":"","resenas":""},"aioseo_notices":[],"_links":{"self":[{"href":"https:\/\/www.claret.cat\/es\/wp-json\/wp\/v2\/product\/452362","targetHints":{"allow":["GET"]}}],"collection":[{"href":"https:\/\/www.claret.cat\/es\/wp-json\/wp\/v2\/product"}],"about":[{"href":"https:\/\/www.claret.cat\/es\/wp-json\/wp\/v2\/types\/product"}],"wp:featuredmedia":[{"embeddable":true,"href":"https:\/\/www.claret.cat\/es\/wp-json\/wp\/v2\/media\/975280"}],"wp:attachment":[{"href":"https:\/\/www.claret.cat\/es\/wp-json\/wp\/v2\/media?parent=452362"}],"wp:term":[{"taxonomy":"product_brand","embeddable":true,"href":"https:\/\/www.claret.cat\/es\/wp-json\/wp\/v2\/product_brand?post=452362"},{"taxonomy":"product_cat","embeddable":true,"href":"https:\/\/www.claret.cat\/es\/wp-json\/wp\/v2\/product_cat?post=452362"},{"taxonomy":"product_tag","embeddable":true,"href":"https:\/\/www.claret.cat\/es\/wp-json\/wp\/v2\/product_tag?post=452362"}],"curies":[{"name":"wp","href":"https:\/\/api.w.org\/{rel}","templated":true}]}}