{"id":452793,"date":"2023-07-21T11:16:11","date_gmt":"2023-07-21T09:16:11","guid":{"rendered":"https:\/\/www.claret.cat\/llibre\/casacas-azules-2011-2013-9788419740694\/"},"modified":"2023-10-11T01:18:22","modified_gmt":"2023-10-10T23:18:22","slug":"casacas-azules-2011-2013-9788419740694","status":"publish","type":"product","link":"https:\/\/www.claret.cat\/es\/libro\/casacas-azules-2011-2013-9788419740694\/","title":{"rendered":"CASACAS AZULES 2011 &#8211; 2013"},"content":{"rendered":"<p>La caballer\u00eda del Norte tiene un problema: no tiene caballos, as\u00ed que Blutch y Chesterfield son elegidos voluntarios y, disfrazados de colonos, han de viajar hasta el sur de Texas para intentar obtener los tan necesitados equinos entre las tribus comanches. Por el camino, habr\u00e1 tiempo para reencuentros y sorpresas\u2026 \u00a1sobre todo para Blutch!<\/p>\n<p> Una vez de vuelta, quien se lleva una sorpresa es Chesterfield, al enterarse de que ha sido padre de una ni\u00f1a y tener que dejar el ej\u00e9rcito.<\/p>\n<p> Para terminar, cuando el ej\u00e9rcito unionista es acosado por una banda de mercenarios a las \u00f3rdenes del sanguinario \u201ccapit\u00e1n\u201d Miller, deciden enviar a dos esp\u00edas con la arriesgada misi\u00f3n de acabar con esos canallas y descubrir su fuente de financiaci\u00f3n\u2026 Y no es dif\u00edcil imaginar quienes ser\u00e1n nuevamente designados \u201cvoluntarios\u201d.<\/p>\n","protected":false},"excerpt":{"rendered":"<p>CAUVIN, RAOUL \/ LAMBIL, WILLY<\/p>\n","protected":false},"featured_media":452794,"template":"","meta":{"_acf_changed":false,"om_disable_all_campaigns":false,"rs_blank_template":"","rs_page_bg_color":"","slide_template_v7":"","inline_featured_image":false,"_monsterinsights_skip_tracking":false,"_monsterinsights_sitenote_active":false,"_monsterinsights_sitenote_note":"","_monsterinsights_sitenote_category":0},"product_brand":[],"product_cat":[108,558],"product_tag":[],"class_list":{"0":"post-452793","1":"product","2":"type-product","3":"status-publish","4":"has-post-thumbnail","6":"product_cat-comic","7":"product_cat-comic-3_infantil-juvenil-spa-spa","9":"first","10":"instock","11":"taxable","12":"shipping-taxable","13":"purchasable","14":"product-type-simple"},"acf":{"autor":"CAUVIN, RAOUL \/ LAMBIL, WILLY","codart":"841974069","libros-coleccion":"Cl\u00e1sicos","ediciones":"1","encuadernacion":"Carton\u00e9","fecha_de_publicacion":"01\/07\/2023","novedad":"1","paginas":"0","subtitulo":"","orden":"0","portada":"0","idioma":"spa","editorial":[{"ID":148672,"post_author":"3","post_date":"2022-10-14 12:00:05","post_date_gmt":"2022-10-14 10:00:05","post_content":"","post_title":"Plan B Publicaciones","post_excerpt":"","post_status":"publish","comment_status":"closed","ping_status":"closed","post_password":"","post_name":"plan-b-publicaciones","to_ping":"","pinged":"","post_modified":"2022-10-14 12:00:05","post_modified_gmt":"2022-10-14 10:00:05","post_content_filtered":"","post_parent":0,"guid":"http:\/\/dev.claret.cat\/editorial\/plan-b-publicaciones\/","menu_order":0,"post_type":"editorial","post_mime_type":"","comment_count":"0","filter":"raw"}],"autores-libros":[{"ID":167783,"post_author":"3","post_date":"2022-10-14 18:13:58","post_date_gmt":"2022-10-14 16:13:58","post_content":"","post_title":"RAOUL CAUVIN","post_excerpt":"","post_status":"publish","comment_status":"closed","ping_status":"closed","post_password":"","post_name":"raoul-cauvin","to_ping":"","pinged":"","post_modified":"2022-10-14 18:13:58","post_modified_gmt":"2022-10-14 16:13:58","post_content_filtered":"","post_parent":0,"guid":"http:\/\/dev.claret.cat\/autor\/raoul-cauvin\/","menu_order":0,"post_type":"autor","post_mime_type":"","comment_count":"0","filter":"raw"},{"ID":171347,"post_author":"3","post_date":"2022-10-14 22:42:40","post_date_gmt":"2022-10-14 20:42:40","post_content":"","post_title":"WILLY LAMBIL","post_excerpt":"","post_status":"publish","comment_status":"closed","ping_status":"closed","post_password":"","post_name":"willy-lambil","to_ping":"","pinged":"","post_modified":"2022-10-14 22:42:40","post_modified_gmt":"2022-10-14 20:42:40","post_content_filtered":"","post_parent":0,"guid":"http:\/\/dev.claret.cat\/autor\/willy-lambil\/","menu_order":0,"post_type":"autor","post_mime_type":"","comment_count":"0","filter":"raw"}]},"aioseo_notices":[],"_links":{"self":[{"href":"https:\/\/www.claret.cat\/es\/wp-json\/wp\/v2\/product\/452793","targetHints":{"allow":["GET"]}}],"collection":[{"href":"https:\/\/www.claret.cat\/es\/wp-json\/wp\/v2\/product"}],"about":[{"href":"https:\/\/www.claret.cat\/es\/wp-json\/wp\/v2\/types\/product"}],"wp:featuredmedia":[{"embeddable":true,"href":"https:\/\/www.claret.cat\/es\/wp-json\/wp\/v2\/media\/452794"}],"wp:attachment":[{"href":"https:\/\/www.claret.cat\/es\/wp-json\/wp\/v2\/media?parent=452793"}],"wp:term":[{"taxonomy":"product_brand","embeddable":true,"href":"https:\/\/www.claret.cat\/es\/wp-json\/wp\/v2\/product_brand?post=452793"},{"taxonomy":"product_cat","embeddable":true,"href":"https:\/\/www.claret.cat\/es\/wp-json\/wp\/v2\/product_cat?post=452793"},{"taxonomy":"product_tag","embeddable":true,"href":"https:\/\/www.claret.cat\/es\/wp-json\/wp\/v2\/product_tag?post=452793"}],"curies":[{"name":"wp","href":"https:\/\/api.w.org\/{rel}","templated":true}]}}