{"id":45304,"date":"2022-10-02T22:03:00","date_gmt":"2022-10-02T20:03:00","guid":{"rendered":"http:\/\/dev.claret.cat\/producte\/como-hablar-de-dios-con-un-ateo\/"},"modified":"2023-10-06T11:03:10","modified_gmt":"2023-10-06T09:03:10","slug":"como-hablar-de-dios-con-un-ateo-9788418414275","status":"publish","type":"product","link":"https:\/\/www.claret.cat\/es\/libro\/como-hablar-de-dios-con-un-ateo-9788418414275\/","title":{"rendered":"C\u00d3MO HABLAR DE DIOS CON UN ATEO"},"content":{"rendered":"<p>\u00bfTiene sentido hablar de Dios hoy? \u00bfPor qu\u00e9 ya no resulta tan atractivo el cristianismo en Occidente? \u00bfEs la fe una creencia retrograda, supersticiosa y precient\u00edfica? \u00bfSon compatibles la religi\u00f3n y la ciencia? \u00bfCu\u00e1les son las consecuencias de la end\u00e9mica indiferencia espiritual de nuestro tiempo? \u00bfPor qu\u00e9 huimos de lo trascendente y de lo divino?<br \/> La negaci\u00f3n de Dios es una de las caracter\u00edsticas definitorias de nuestra sociedad; C\u00f3mo hablar de Dios con un ateo plantea un elocuente y revelador di\u00e1logo entre una visi\u00f3n te\u00edsta de la realidad y el ate\u00edsmo pr\u00e1ctico imperante en la actualidad. Tras casi un siglo de ausencia de divinidad, el balance es claro: el ate\u00edsmo no ha tra\u00eddo la liberaci\u00f3n de la consciencia. Ha llegado el momento de que el cristiano deje de vivir de espaldas al mundo y asuma el reto fascinante de ofrecer respuestas desde su fe a los nuevos interrogantes que plantea la ciencia. Frente al neopaganismo reinante, Carlos Alberto Marmelada propone con gran clarividencia un firme argumentario positivo y entusiasta para el desarrollo de una nueva y necesaria evangelizaci\u00f3n desacomplejada, capaz de transmitir el mensaje universal y eterno del cristianismo y as\u00ed calmar la innata sed de Dios inherente a todo ser humano.<\/p>\n<p> \u00abLa secularizaci\u00f3n, que se presenta en las culturas como imposici\u00f3n del mundo y de la humanidad sin referencia a la trascendencia, invade todos los aspectos de la vida cotidiana y desarrolla una mentalidad en la que Dios est\u00e1 realmente ausente, en todo o en parte, de la existencia y la conciencia humanas\u00bb. Benedicto XVI. <br \/> \u00abLa sociedad en que vivimos es sustancialmente diferente a las que le han precedido en el tiempo. A \u00e9sta diferencia se la denomina secularismo. El concepto de secularismo llega a ser tan complejo como la realidad que representa\u00bb. Fernando Canale. Doctor en Teolog\u00eda y Licenciado en Filosof\u00eda, docente en la Universidad Andrews (USA).<\/p>\n","protected":false},"excerpt":{"rendered":"<p>CARLOS ALBERTO MARMELADA<\/p>\n","protected":false},"featured_media":453423,"template":"","meta":{"_acf_changed":false,"om_disable_all_campaigns":false,"rs_blank_template":"","rs_page_bg_color":"","slide_template_v7":"","inline_featured_image":false,"_monsterinsights_skip_tracking":false,"_monsterinsights_sitenote_active":false,"_monsterinsights_sitenote_note":"","_monsterinsights_sitenote_category":0},"product_brand":[],"product_cat":[485,395],"product_tag":[],"class_list":{"0":"post-45304","1":"product","2":"type-product","3":"status-publish","4":"has-post-thumbnail","6":"product_cat-autores-espiritualidad-1_espiritualidad","7":"product_cat-vida-religiosa-espiritualidad-1_espiritualidad","9":"first","10":"instock","11":"taxable","12":"shipping-taxable","13":"purchasable","14":"product-type-simple"},"acf":{"autor":"CARLOS ALBERTO MARMELADA","codart":"841841427","libros-coleccion":"FORA DE COL.LECCI\u00d3","ediciones":"1","encuadernacion":"R\u00fastica","fecha_de_publicacion":"01\/02\/2022","novedad":"1","paginas":"251","subtitulo":"LA PRESENCIA DE DIOS EN LAS SOCIEDADES POSMODERNAS","orden":"0","portada":"0","idioma":"spa","editorial":[{"ID":148800,"post_author":"3","post_date":"2022-10-14 12:01:05","post_date_gmt":"2022-10-14 10:01:05","post_content":"","post_title":"SEKOTIA","post_excerpt":"","post_status":"publish","comment_status":"closed","ping_status":"closed","post_password":"","post_name":"sekotia","to_ping":"","pinged":"","post_modified":"2022-10-14 12:01:05","post_modified_gmt":"2022-10-14 10:01:05","post_content_filtered":"","post_parent":0,"guid":"http:\/\/dev.claret.cat\/editorial\/sekotia\/","menu_order":0,"post_type":"editorial","post_mime_type":"","comment_count":"0","filter":"raw"}],"autores-libros":[{"ID":152204,"post_author":"3","post_date":"2022-10-14 14:46:55","post_date_gmt":"2022-10-14 12:46:55","post_content":"","post_title":"CARLOS ALBERTO MARMELADA","post_excerpt":"","post_status":"publish","comment_status":"closed","ping_status":"closed","post_password":"","post_name":"carlos-alberto-marmelada","to_ping":"","pinged":"","post_modified":"2022-10-14 14:46:55","post_modified_gmt":"2022-10-14 12:46:55","post_content_filtered":"","post_parent":0,"guid":"http:\/\/dev.claret.cat\/autor\/carlos-alberto-marmelada\/","menu_order":0,"post_type":"autor","post_mime_type":"","comment_count":"0","filter":"raw"}]},"aioseo_notices":[],"_links":{"self":[{"href":"https:\/\/www.claret.cat\/es\/wp-json\/wp\/v2\/product\/45304","targetHints":{"allow":["GET"]}}],"collection":[{"href":"https:\/\/www.claret.cat\/es\/wp-json\/wp\/v2\/product"}],"about":[{"href":"https:\/\/www.claret.cat\/es\/wp-json\/wp\/v2\/types\/product"}],"wp:featuredmedia":[{"embeddable":true,"href":"https:\/\/www.claret.cat\/es\/wp-json\/wp\/v2\/media\/453423"}],"wp:attachment":[{"href":"https:\/\/www.claret.cat\/es\/wp-json\/wp\/v2\/media?parent=45304"}],"wp:term":[{"taxonomy":"product_brand","embeddable":true,"href":"https:\/\/www.claret.cat\/es\/wp-json\/wp\/v2\/product_brand?post=45304"},{"taxonomy":"product_cat","embeddable":true,"href":"https:\/\/www.claret.cat\/es\/wp-json\/wp\/v2\/product_cat?post=45304"},{"taxonomy":"product_tag","embeddable":true,"href":"https:\/\/www.claret.cat\/es\/wp-json\/wp\/v2\/product_tag?post=45304"}],"curies":[{"name":"wp","href":"https:\/\/api.w.org\/{rel}","templated":true}]}}