{"id":453158,"date":"2023-07-24T13:20:51","date_gmt":"2023-07-24T11:20:51","guid":{"rendered":"https:\/\/www.claret.cat\/llibre\/las-tinieblas-y-el-alba-la-precuela-de-los-pilares-de-la-tierra-9788466373098\/"},"modified":"2025-04-23T17:05:35","modified_gmt":"2025-04-23T15:05:35","slug":"las-tinieblas-y-el-alba-la-precuela-de-los-pilares-de-la-tierra-9788466373098","status":"publish","type":"product","link":"https:\/\/www.claret.cat\/es\/libro\/las-tinieblas-y-el-alba-la-precuela-de-los-pilares-de-la-tierra-9788466373098\/","title":{"rendered":"LAS TINIEBLAS Y EL ALBA (LA PRECUELA DE LOS PILARES DE LA TIERRA)"},"content":{"rendered":"<p>LA PRECUELA DEL \u00c9XITO MUNDIAL LOS PILARES DE LA TIERRA En Las tinieblas y el alba, Ken Follett embarca al lector en un \u00e9pico viaje que termina donde Los pilares de la Tierra comienza. A\u00f1o 997, finales de la Edad Oscura. Inglaterra se enfrenta a los ataques de los galeses por el oeste y de los vikingos por el este. La vida es dif\u00edcil y aquellos que ostentan algo de poder lo ejercen con pu\u00f1o de hierro y, a menudo, en conflicto con el propio rey. En estos tiempos turbulentos, tres vidas se entrecruzan: el joven constructor de barcos Edgar, a punto de fugarse con la mujer a la que ama, comprende que su futuro ser\u00e1 muy diferente a lo que hab\u00eda imaginado cuando su hogar es arrasado por los vikingos; Ragna, la rebelde hija de un noble normando, acompa\u00f1a a su marido a una nueva tierra al otro lado del mar solo para descubrir que las costumbres all\u00ed son peligrosamente distintas; y Aldred, un monje idealista, sue\u00f1a con transformar su humilde abad\u00eda en un centro de saber admirado en toda Europa. Los tres se ver\u00e1n abocados a un enfrentamiento con el despiadado obispo Wynstan, decidido a aumentar su poder a cualquier precio. El gran maestro de la narrativa de acci\u00f3n y suspense nos transporta al ocaso de una \u00e9poca violenta y brutal y al comienzo de un nuevo tiempo en un monumental y emocionante relato de ambici\u00f3n y rivalidad, nacimiento y muerte, amor y odio.La cr\u00edtica ha dicho&#8230;<br \/>\u00abEl autor de Los pilares de la Tierra llega con un nuevo libro hist\u00f3rico y una preocupaci\u00f3n muy actual.\u00bb<br \/>El Pa\u00eds \u00abKen Follett es, sin lugar a dudas, uno de los escritores m\u00e1s exitosos de la actualidad.\u00bb<br \/>El Espa\u00f1ol \u00abSus libros crean adicci\u00f3n. No se leen. Se devoran.\u00bb<br \/>La Voz de Asturias\u00abLas tinieblas y el alba, la precuela de Los pilares de la Tierra, es todo un monumento (sin forma de catedral) a la integridad, el ingenio y la resiliencia contra el abuso de poder.\u00bb<br \/>Esquire \u00abFiel a la receta con la que ha logrado tantos \u00e9xitos, Follett construye una tupida red de tramas entrelazadas en las que sus h\u00e9roes solo resuelven cada uno de sus problemas para encontrar una amenaza a\u00fan mayor en la siguiente p\u00e1gina.\u00bb<br \/>eldiario.es\u00abEl escritor gal\u00e9s retoma el universo de su best seller Los pilares de la Tierra, que vendi\u00f3 m\u00e1s de 27 millones de copias en todo el mundo, en Las tinieblas y el alba, una esperada precuela que aborda el complejoperiodo que vivi\u00f3 el mundo alrededor del a\u00f1o 1000, cuyas luchas y problemas resuenan en el presente.\u00bb<br \/>El Cultural \u00abPasas las p\u00e1ginas de Las tinieblas y el alba, precuela de Los pilares de la Tierra, y sientes el mismo placer que cuando bebes un gran vaso de agua a primera hora de la ma\u00f1ana. Entra f\u00e1cil, relaja la mente, sacia el cuerpo. Pues lo mismo con las novelas del gal\u00e9s.\u00bb<br \/>\u00c1lvaro Colomer, TendenciasSobre la saga Los pilares de la Tierra han dicho:<br \/>\u00abFant\u00e1stico desde todos los puntos de vista.\u00bb<br \/>El Mundo \u00abFollett es un maestro.\u00bb<br \/>The Washington Post \u00abUna obra que destaca como un triunfo del esfuerzo y la profesionalidad.\u00bb<br \/>The Guardian\u00abNo hay rinc\u00f3n sin sorpresa ni p\u00e1gina tediosa.\u00bb<br \/>Qu\u00e9 leer \u00abSigo envidiando como el primer d\u00eda la capacidad de Follett para entretener. Sus tramas funcionan siempre y te mantiene pegado a cada p\u00e1gina.\u00bb<br \/>Juan G\u00f3mez Jurado, ABC<\/p>\n","protected":false},"excerpt":{"rendered":"<p>FOLLETT, KEN<\/p>\n","protected":false},"featured_media":1005851,"template":"","meta":{"_acf_changed":false,"om_disable_all_campaigns":false,"rs_blank_template":"","rs_page_bg_color":"","slide_template_v7":"","inline_featured_image":false,"_monsterinsights_skip_tracking":false,"_monsterinsights_sitenote_active":false,"_monsterinsights_sitenote_note":"","_monsterinsights_sitenote_category":0},"product_brand":[],"product_cat":[130,360],"product_tag":[],"class_list":{"0":"post-453158","1":"product","2":"type-product","3":"status-publish","4":"has-post-thumbnail","6":"product_cat-novella-historica-i-ficcio","7":"product_cat-novela-historica-y-ficcion","9":"first","10":"instock","11":"taxable","12":"shipping-taxable","13":"purchasable","14":"product-type-simple"},"acf":{"autor":"FOLLETT, KEN","codart":"846637309","libros-coleccion":"BEST SELLER","ediciones":"1","encuadernacion":"R\u00fastica","fecha_de_publicacion":"01\/07\/2023","novedad":"1","paginas":"929","subtitulo":"","orden":"0","portada":"0","idioma":"spa","editorial":[{"ID":6178,"post_author":"3","post_date":"2022-07-28 17:46:34","post_date_gmt":"2022-07-28 15:46:34","post_content":"","post_title":"DEBOLSILLO","post_excerpt":"","post_status":"publish","comment_status":"closed","ping_status":"closed","post_password":"","post_name":"debolsillo","to_ping":"","pinged":"","post_modified":"2022-07-28 17:46:34","post_modified_gmt":"2022-07-28 15:46:34","post_content_filtered":"","post_parent":0,"guid":"http:\/\/dev.claret.cat\/editorial\/debolsillo\/","menu_order":0,"post_type":"editorial","post_mime_type":"","comment_count":"0","filter":"raw"}],"autores-libros":[{"ID":5703,"post_author":"3","post_date":"2022-07-28 17:29:40","post_date_gmt":"2022-07-28 15:29:40","post_content":"","post_title":"KEN FOLLETT","post_excerpt":"","post_status":"publish","comment_status":"closed","ping_status":"closed","post_password":"","post_name":"ken-follett","to_ping":"","pinged":"","post_modified":"2022-07-28 17:29:40","post_modified_gmt":"2022-07-28 15:29:40","post_content_filtered":"","post_parent":0,"guid":"http:\/\/dev.claret.cat\/autor\/ken-follett\/","menu_order":0,"post_type":"autor","post_mime_type":"","comment_count":"0","filter":"raw"}],"booktrailer":"","resenas":""},"aioseo_notices":[],"_links":{"self":[{"href":"https:\/\/www.claret.cat\/es\/wp-json\/wp\/v2\/product\/453158","targetHints":{"allow":["GET"]}}],"collection":[{"href":"https:\/\/www.claret.cat\/es\/wp-json\/wp\/v2\/product"}],"about":[{"href":"https:\/\/www.claret.cat\/es\/wp-json\/wp\/v2\/types\/product"}],"wp:featuredmedia":[{"embeddable":true,"href":"https:\/\/www.claret.cat\/es\/wp-json\/wp\/v2\/media\/1005851"}],"wp:attachment":[{"href":"https:\/\/www.claret.cat\/es\/wp-json\/wp\/v2\/media?parent=453158"}],"wp:term":[{"taxonomy":"product_brand","embeddable":true,"href":"https:\/\/www.claret.cat\/es\/wp-json\/wp\/v2\/product_brand?post=453158"},{"taxonomy":"product_cat","embeddable":true,"href":"https:\/\/www.claret.cat\/es\/wp-json\/wp\/v2\/product_cat?post=453158"},{"taxonomy":"product_tag","embeddable":true,"href":"https:\/\/www.claret.cat\/es\/wp-json\/wp\/v2\/product_tag?post=453158"}],"curies":[{"name":"wp","href":"https:\/\/api.w.org\/{rel}","templated":true}]}}