{"id":453161,"date":"2023-07-24T13:21:11","date_gmt":"2023-07-24T11:21:11","guid":{"rendered":"https:\/\/www.claret.cat\/llibre\/una-columna-de-fuego-saga-los-pilares-de-la-tierra-3-9788466351058\/"},"modified":"2026-01-05T19:25:19","modified_gmt":"2026-01-05T18:25:19","slug":"una-columna-de-fuego-saga-los-pilares-de-la-tierra-3-9788466351058","status":"publish","type":"product","link":"https:\/\/www.claret.cat\/es\/libro\/una-columna-de-fuego-saga-los-pilares-de-la-tierra-3-9788466351058\/","title":{"rendered":"UNA COLUMNA DE FUEGO (SAGA LOS PILARES DE LA TIERRA 3)"},"content":{"rendered":"<p>La saga de Los pilares de la Tierra y Un mundo sin fin, que ha cautivado a millones de lectores, prosigue ahora con la magn\u00edfica y apasionante nueva novela de Ken Follett.  Uno de los mejores thrillers del a\u00f1o 2017 seg\u00fan Amazon y uno de los mejores libros publicados en 2017 para The Washington Post y Barnes &amp; Noble. Una columna de fuego arranca cuando el joven Ned Willard regresa asu hogar en Kingsbridge por Navidad. Corre el a\u00f1o 1558, un a\u00f1o que trastocar\u00e1 la vida de Ned y que cambiar\u00e1 Europa para siempre. Las antiguas piedras de la catedral de Kingsbridge contemplan una ciudad dividida por el odio religioso. Los principios elevados chocan con la amistad, la lealtad y el amor, y provocan derramamientos de sangre. Ned se encuentra de pronto en el bando contrario al de la muchacha con quien anhela casarse, Margery Fitzgerald.Cuando Isabel I llega al trono, toda Europa se vuelve en contra de Inglaterra. La joven monarca, astuta y decidida, organiza el primer servicio secreto del pa\u00eds para estar avisada ante cualquier indicio de intrigas homicidas, levantamientos o planes de invasi\u00f3n. En Par\u00eds, a la espera, se encuentra la seductora y obstinada Mar\u00eda Estuardo, reina de los escoceses, en el seno de una familia francesa con una ambici\u00f3n descomunal. Proclamada leg\u00edtima soberana de Inglaterra, Mar\u00eda cuenta con sus propios partidarios, que conspiran para deshacerse de Isabel. Entretanto, Ned Willard busca a Jean Langlais, un personaje escurridizo y enigm\u00e1tico, sin saber que tras ese nombre falso se esconde un compa\u00f1ero de clase de su infancia, alguien que lo conoce demasiado bien. A lo largo de medio siglo turbulento, el amor entre Ned y Margery parece condenado al fracaso mientras el extremismo hace estallar la violencia desde Edimburgo hasta Ginebra. Isabel se aferra precariamente a su trono y a sus principios, protegida por un peque\u00f1o y entregado grupo de esp\u00edas h\u00e1biles y agentes secretos valerosos. Los aut\u00e9nticos enemigos, tanto entonces como ahora, no son las religiones rivales. La verdadera batalla es la que enfrenta a quienes creen en la tolerancia y el acuerdo contra tiranos dispuestos a imponer sus ideas a todo el mundo&#8230; y a cualquier precio.Descubre la Saga Los pilares de la tierra: Las tinieblas y el alba Los pilares de la tierra Un mundo sin fin Una columna de fuegoRese\u00f1as&#8230;<br \/>\u00abLo he le\u00eddo en un fin de semana largo, me lo he pasado como un enano y sigo envidiando como el primer d\u00eda la capacidad de Follett para entretener. Sus tramas funcionan siempre y te mantiene pegado a cada p\u00e1gina.\u00bb<br \/>Juan G\u00f3mez Jurado, ABC \u00abUna columna de fuego, muy en resumen, coge la melod\u00eda de Guerra y paz y la lleva a las guerras de religi\u00f3n del siglo XVI. A veces tiende a novela de esp\u00edas y otras se convierte en una novela rom\u00e1ntica. Y todo eso, en 935 p\u00e1ginas.\u00bb<br \/>El Mundo\u00abKen Follett arrasa con cada libro. Lo har\u00e1 de nuevo con Una columna de fuego, novel\u00f3n de casi mil p\u00e1ginas que prosigue la saga que comenz\u00f3 con Los pilares de la Tierra, el libro m\u00e1s le\u00eddo en Espa\u00f1a.\u00bb<br \/>La Verdad \u00abAmor, violencia, pasi\u00f3n y una dosis justa de sexo &#8211; marca de la casa &#8211; hacen de estapropuesta un pasatiempo perfecto para las tardes-noches del oto\u00f1o. Una columna de fuego es la en\u00e9sima confirmaci\u00f3n de que el universo Follett parece no tener l\u00edmites.\u00bb<br \/>El Correo Web<\/p>\n","protected":false},"excerpt":{"rendered":"<p>FOLLETT, KEN<\/p>\n","protected":false},"featured_media":1005853,"template":"","meta":{"_acf_changed":false,"om_disable_all_campaigns":false,"rs_blank_template":"","rs_page_bg_color":"","slide_template_v7":"","inline_featured_image":false,"_monsterinsights_skip_tracking":false,"_monsterinsights_sitenote_active":false,"_monsterinsights_sitenote_note":"","_monsterinsights_sitenote_category":0},"product_brand":[],"product_cat":[130,360],"product_tag":[],"class_list":{"0":"post-453161","1":"product","2":"type-product","3":"status-publish","4":"has-post-thumbnail","6":"product_cat-novella-historica-i-ficcio","7":"product_cat-novela-historica-y-ficcion","9":"first","10":"instock","11":"taxable","12":"shipping-taxable","13":"purchasable","14":"product-type-simple"},"acf":{"autor":"FOLLETT, KEN","codart":"846635105","libros-coleccion":"BEST SELLER","ediciones":"1","encuadernacion":"R\u00fastica","fecha_de_publicacion":"01\/05\/2020","novedad":"1","paginas":"940","subtitulo":"","orden":"0","portada":"0","idioma":"spa","editorial":[{"ID":6178,"post_author":"3","post_date":"2022-07-28 17:46:34","post_date_gmt":"2022-07-28 15:46:34","post_content":"","post_title":"DEBOLSILLO","post_excerpt":"","post_status":"publish","comment_status":"closed","ping_status":"closed","post_password":"","post_name":"debolsillo","to_ping":"","pinged":"","post_modified":"2022-07-28 17:46:34","post_modified_gmt":"2022-07-28 15:46:34","post_content_filtered":"","post_parent":0,"guid":"http:\/\/dev.claret.cat\/editorial\/debolsillo\/","menu_order":0,"post_type":"editorial","post_mime_type":"","comment_count":"0","filter":"raw"}],"autores-libros":[{"ID":5703,"post_author":"3","post_date":"2022-07-28 17:29:40","post_date_gmt":"2022-07-28 15:29:40","post_content":"","post_title":"KEN FOLLETT","post_excerpt":"","post_status":"publish","comment_status":"closed","ping_status":"closed","post_password":"","post_name":"ken-follett","to_ping":"","pinged":"","post_modified":"2022-07-28 17:29:40","post_modified_gmt":"2022-07-28 15:29:40","post_content_filtered":"","post_parent":0,"guid":"http:\/\/dev.claret.cat\/autor\/ken-follett\/","menu_order":0,"post_type":"autor","post_mime_type":"","comment_count":"0","filter":"raw"}],"booktrailer":"","resenas":""},"aioseo_notices":[],"_links":{"self":[{"href":"https:\/\/www.claret.cat\/es\/wp-json\/wp\/v2\/product\/453161","targetHints":{"allow":["GET"]}}],"collection":[{"href":"https:\/\/www.claret.cat\/es\/wp-json\/wp\/v2\/product"}],"about":[{"href":"https:\/\/www.claret.cat\/es\/wp-json\/wp\/v2\/types\/product"}],"wp:featuredmedia":[{"embeddable":true,"href":"https:\/\/www.claret.cat\/es\/wp-json\/wp\/v2\/media\/1005853"}],"wp:attachment":[{"href":"https:\/\/www.claret.cat\/es\/wp-json\/wp\/v2\/media?parent=453161"}],"wp:term":[{"taxonomy":"product_brand","embeddable":true,"href":"https:\/\/www.claret.cat\/es\/wp-json\/wp\/v2\/product_brand?post=453161"},{"taxonomy":"product_cat","embeddable":true,"href":"https:\/\/www.claret.cat\/es\/wp-json\/wp\/v2\/product_cat?post=453161"},{"taxonomy":"product_tag","embeddable":true,"href":"https:\/\/www.claret.cat\/es\/wp-json\/wp\/v2\/product_tag?post=453161"}],"curies":[{"name":"wp","href":"https:\/\/api.w.org\/{rel}","templated":true}]}}