{"id":453203,"date":"2023-07-24T16:30:03","date_gmt":"2023-07-24T14:30:03","guid":{"rendered":"https:\/\/www.claret.cat\/llibre\/mi-agenda-2024-mod-2-9788428569026\/"},"modified":"2025-07-02T17:33:28","modified_gmt":"2025-07-02T15:33:28","slug":"mi-agenda-2024-mod-2-9788428569026","status":"publish","type":"product","link":"https:\/\/www.claret.cat\/es\/libro\/mi-agenda-2024-mod-2-9788428569026\/","title":{"rendered":"MI AGENDA 2024 &#8211; MOD. 2"},"content":{"rendered":"<p>Pr\u00e1ctica agenda de bolsillo, ideal para llevar siempre encima, con fotograf\u00edas y frases para reflexionar, con amplia informaci\u00f3n tanto del a\u00f1o lit\u00fargico como civil . Encuadernada en r\u00fastica, y con cubierta impresa y esquinas redondeadas, con dos portadas distintas.<\/p>\n","protected":false},"excerpt":{"rendered":"<p>EQUIPO SAN PABLO<\/p>\n","protected":false},"featured_media":1037071,"template":"","meta":{"_acf_changed":false,"om_disable_all_campaigns":false,"rs_blank_template":"","rs_page_bg_color":"","slide_template_v7":"","inline_featured_image":false,"_monsterinsights_skip_tracking":false,"_monsterinsights_sitenote_active":false,"_monsterinsights_sitenote_note":"","_monsterinsights_sitenote_category":0},"product_brand":[],"product_cat":[399,253,552,102],"product_tag":[],"class_list":{"0":"post-453203","1":"product","2":"type-product","3":"status-publish","4":"has-post-thumbnail","6":"product_cat-any-liturgic-liturgia-1_espiritualidad","7":"product_cat-any-liturgic","8":"product_cat-calendarios-y-agendas","9":"product_cat-calendaris-i-agendes","11":"first","12":"outofstock","13":"taxable","14":"shipping-taxable","15":"purchasable","16":"product-type-simple"},"acf":{"autor":"EQUIPO SAN PABLO","codart":"842856902","libros-coleccion":"SAN PABLO - AGENDAS","ediciones":"1","encuadernacion":"R\u00fastica","fecha_de_publicacion":"11\/07\/2023","novedad":"0","paginas":"272","subtitulo":"ENCUARDERNACI\u00d3N: R\u00daSTICA, CON CUBIERTA IMPRESA  ESQUINAS REDONDEADAS, CON DOS PORTADAS DISTINTAS ","orden":"0","portada":"0","idioma":"spa","editorial":[{"ID":6356,"post_author":"3","post_date":"2022-07-28 17:50:26","post_date_gmt":"2022-07-28 15:50:26","post_content":"","post_title":"SAN PABLO COMUNICACI\u00d3N","post_excerpt":"","post_status":"publish","comment_status":"closed","ping_status":"closed","post_password":"","post_name":"san-pablo-comunicacion","to_ping":"","pinged":"","post_modified":"2022-07-28 17:50:26","post_modified_gmt":"2022-07-28 15:50:26","post_content_filtered":"","post_parent":0,"guid":"http:\/\/dev.claret.cat\/editorial\/san-pablo-comunicacion\/","menu_order":0,"post_type":"editorial","post_mime_type":"","comment_count":"0","filter":"raw"}],"autores-libros":[{"ID":155233,"post_author":"3","post_date":"2022-10-14 15:11:12","post_date_gmt":"2022-10-14 13:11:12","post_content":"","post_title":"EQUIPO SAN PABLO","post_excerpt":"","post_status":"publish","comment_status":"closed","ping_status":"closed","post_password":"","post_name":"equipo-san-pablo","to_ping":"","pinged":"","post_modified":"2022-10-14 15:11:12","post_modified_gmt":"2022-10-14 13:11:12","post_content_filtered":"","post_parent":0,"guid":"http:\/\/dev.claret.cat\/autor\/equipo-san-pablo\/","menu_order":0,"post_type":"autor","post_mime_type":"","comment_count":"0","filter":"raw"}],"booktrailer":"","resenas":""},"aioseo_notices":[],"_links":{"self":[{"href":"https:\/\/www.claret.cat\/es\/wp-json\/wp\/v2\/product\/453203","targetHints":{"allow":["GET"]}}],"collection":[{"href":"https:\/\/www.claret.cat\/es\/wp-json\/wp\/v2\/product"}],"about":[{"href":"https:\/\/www.claret.cat\/es\/wp-json\/wp\/v2\/types\/product"}],"wp:featuredmedia":[{"embeddable":true,"href":"https:\/\/www.claret.cat\/es\/wp-json\/wp\/v2\/media\/1037071"}],"wp:attachment":[{"href":"https:\/\/www.claret.cat\/es\/wp-json\/wp\/v2\/media?parent=453203"}],"wp:term":[{"taxonomy":"product_brand","embeddable":true,"href":"https:\/\/www.claret.cat\/es\/wp-json\/wp\/v2\/product_brand?post=453203"},{"taxonomy":"product_cat","embeddable":true,"href":"https:\/\/www.claret.cat\/es\/wp-json\/wp\/v2\/product_cat?post=453203"},{"taxonomy":"product_tag","embeddable":true,"href":"https:\/\/www.claret.cat\/es\/wp-json\/wp\/v2\/product_tag?post=453203"}],"curies":[{"name":"wp","href":"https:\/\/api.w.org\/{rel}","templated":true}]}}