{"id":453211,"date":"2023-07-24T16:30:56","date_gmt":"2023-07-24T14:30:56","guid":{"rendered":"https:\/\/www.claret.cat\/llibre\/taco-san-pablo-2024-sobremesa-9788428567572\/"},"modified":"2025-07-02T17:40:07","modified_gmt":"2025-07-02T15:40:07","slug":"taco-san-pablo-2024-sobremesa-9788428567572","status":"publish","type":"product","link":"https:\/\/www.claret.cat\/es\/libro\/taco-san-pablo-2024-sobremesa-9788428567572\/","title":{"rendered":"TACO SAN PABLO 2024 SOBREMESA"},"content":{"rendered":"<p>Este calendario ofrece una doble p\u00e1gina para cada d\u00eda del a\u00f1o. En la primera se encuentra toda la informaci\u00f3n propia del d\u00eda: n\u00famero, d\u00eda de la semana, fiestas y conmemoraciones, santo del d\u00eda, fase lunar\u2026). La trasera ofrece diversas informaciones de contenido b\u00edblico, lit\u00fargico, hist\u00f3rico, doctrinal, etc.<\/p>\n","protected":false},"excerpt":{"rendered":"<p>EQUIPO SAN PABLO<\/p>\n","protected":false},"featured_media":1037093,"template":"","meta":{"_acf_changed":false,"om_disable_all_campaigns":false,"rs_blank_template":"","rs_page_bg_color":"","slide_template_v7":"","inline_featured_image":false,"_monsterinsights_skip_tracking":false,"_monsterinsights_sitenote_active":false,"_monsterinsights_sitenote_note":"","_monsterinsights_sitenote_category":0},"product_brand":[],"product_cat":[552,102],"product_tag":[],"class_list":{"0":"post-453211","1":"product","2":"type-product","3":"status-publish","4":"has-post-thumbnail","6":"product_cat-calendarios-y-agendas","7":"product_cat-calendaris-i-agendes","9":"first","10":"outofstock","11":"taxable","12":"shipping-taxable","13":"purchasable","14":"product-type-simple"},"acf":{"autor":"EQUIPO SAN PABLO","codart":"842856757","libros-coleccion":"CALENDARIOS ","ediciones":"1","encuadernacion":"Carpeta","fecha_de_publicacion":"11\/07\/2023","novedad":"0","paginas":"768","subtitulo":"CALENDARIO DE SOBREMESA TACO","orden":"0","portada":"0","idioma":"spa","editorial":[{"ID":6356,"post_author":"3","post_date":"2022-07-28 17:50:26","post_date_gmt":"2022-07-28 15:50:26","post_content":"","post_title":"SAN PABLO COMUNICACI\u00d3N","post_excerpt":"","post_status":"publish","comment_status":"closed","ping_status":"closed","post_password":"","post_name":"san-pablo-comunicacion","to_ping":"","pinged":"","post_modified":"2022-07-28 17:50:26","post_modified_gmt":"2022-07-28 15:50:26","post_content_filtered":"","post_parent":0,"guid":"http:\/\/dev.claret.cat\/editorial\/san-pablo-comunicacion\/","menu_order":0,"post_type":"editorial","post_mime_type":"","comment_count":"0","filter":"raw"}],"autores-libros":[{"ID":155233,"post_author":"3","post_date":"2022-10-14 15:11:12","post_date_gmt":"2022-10-14 13:11:12","post_content":"","post_title":"EQUIPO SAN PABLO","post_excerpt":"","post_status":"publish","comment_status":"closed","ping_status":"closed","post_password":"","post_name":"equipo-san-pablo","to_ping":"","pinged":"","post_modified":"2022-10-14 15:11:12","post_modified_gmt":"2022-10-14 13:11:12","post_content_filtered":"","post_parent":0,"guid":"http:\/\/dev.claret.cat\/autor\/equipo-san-pablo\/","menu_order":0,"post_type":"autor","post_mime_type":"","comment_count":"0","filter":"raw"}],"booktrailer":"","resenas":""},"aioseo_notices":[],"_links":{"self":[{"href":"https:\/\/www.claret.cat\/es\/wp-json\/wp\/v2\/product\/453211","targetHints":{"allow":["GET"]}}],"collection":[{"href":"https:\/\/www.claret.cat\/es\/wp-json\/wp\/v2\/product"}],"about":[{"href":"https:\/\/www.claret.cat\/es\/wp-json\/wp\/v2\/types\/product"}],"wp:featuredmedia":[{"embeddable":true,"href":"https:\/\/www.claret.cat\/es\/wp-json\/wp\/v2\/media\/1037093"}],"wp:attachment":[{"href":"https:\/\/www.claret.cat\/es\/wp-json\/wp\/v2\/media?parent=453211"}],"wp:term":[{"taxonomy":"product_brand","embeddable":true,"href":"https:\/\/www.claret.cat\/es\/wp-json\/wp\/v2\/product_brand?post=453211"},{"taxonomy":"product_cat","embeddable":true,"href":"https:\/\/www.claret.cat\/es\/wp-json\/wp\/v2\/product_cat?post=453211"},{"taxonomy":"product_tag","embeddable":true,"href":"https:\/\/www.claret.cat\/es\/wp-json\/wp\/v2\/product_tag?post=453211"}],"curies":[{"name":"wp","href":"https:\/\/api.w.org\/{rel}","templated":true}]}}