{"id":45340,"date":"2022-10-02T22:03:34","date_gmt":"2022-10-02T20:03:34","guid":{"rendered":"http:\/\/dev.claret.cat\/producte\/mapa-de-carreteras-de-espana-y-portugal-1340-000-2022\/"},"modified":"2023-10-06T11:19:49","modified_gmt":"2023-10-06T09:19:49","slug":"mapa-de-carreteras-de-espana-y-portugal-1340000-2022-9788491584513","status":"publish","type":"product","link":"https:\/\/www.claret.cat\/es\/libro\/mapa-de-carreteras-de-espana-y-portugal-1340000-2022-9788491584513\/","title":{"rendered":"MAPA DE CARRETERAS DE ESPA\u00d1A Y PORTUGAL 1:340.000, 2022"},"content":{"rendered":"<p>Un completo mapa de carreteras de Espa\u00f1a y Portugal a escala 1:340.000 con informaci\u00f3n viaria y tur\u00edstica de todas las rutas, tramos de carreteras de belleza singular, \u00e1reas naturales protegidas, las playas m\u00e1s hermosas del litoral&#8230; Incluye mapas de accesos a todas las grandes poblaciones.<\/p>\n","protected":false},"excerpt":{"rendered":"<p>ANAYA TOURING<\/p>\n","protected":false},"featured_media":60709,"template":"","meta":{"_acf_changed":false,"om_disable_all_campaigns":false,"rs_blank_template":"","rs_page_bg_color":"","slide_template_v7":"","inline_featured_image":false,"_monsterinsights_skip_tracking":false,"_monsterinsights_sitenote_active":false,"_monsterinsights_sitenote_note":"","_monsterinsights_sitenote_category":0},"product_brand":[],"product_cat":[557],"product_tag":[],"class_list":{"0":"post-45340","1":"product","2":"type-product","3":"status-publish","4":"has-post-thumbnail","6":"product_cat-guias-de-viaje","8":"first","9":"instock","10":"taxable","11":"shipping-taxable","12":"purchasable","13":"product-type-simple"},"acf":{"autor":"ANAYA TOURING","codart":"849158451","libros-coleccion":"Mapa Touring","ediciones":"1","encuadernacion":"R\u00fastica","fecha_de_publicacion":"01\/01\/2022","novedad":"1","paginas":"388","subtitulo":"","orden":"0","portada":"0","idioma":"spa","editorial":[{"ID":147435,"post_author":"3","post_date":"2022-10-14 11:50:33","post_date_gmt":"2022-10-14 09:50:33","post_content":"","post_title":"Anaya Touring","post_excerpt":"","post_status":"publish","comment_status":"closed","ping_status":"closed","post_password":"","post_name":"anaya-touring","to_ping":"","pinged":"","post_modified":"2022-10-14 11:50:33","post_modified_gmt":"2022-10-14 09:50:33","post_content_filtered":"","post_parent":0,"guid":"http:\/\/dev.claret.cat\/editorial\/anaya-touring\/","menu_order":0,"post_type":"editorial","post_mime_type":"","comment_count":"0","filter":"raw"}],"autores-libros":[{"ID":150168,"post_author":"3","post_date":"2022-10-14 14:30:47","post_date_gmt":"2022-10-14 12:30:47","post_content":"","post_title":"ANAYA TOURING","post_excerpt":"","post_status":"publish","comment_status":"closed","ping_status":"closed","post_password":"","post_name":"anaya-touring","to_ping":"","pinged":"","post_modified":"2022-10-14 14:30:47","post_modified_gmt":"2022-10-14 12:30:47","post_content_filtered":"","post_parent":0,"guid":"http:\/\/dev.claret.cat\/autor\/anaya-touring\/","menu_order":0,"post_type":"autor","post_mime_type":"","comment_count":"0","filter":"raw"}]},"aioseo_notices":[],"_links":{"self":[{"href":"https:\/\/www.claret.cat\/es\/wp-json\/wp\/v2\/product\/45340","targetHints":{"allow":["GET"]}}],"collection":[{"href":"https:\/\/www.claret.cat\/es\/wp-json\/wp\/v2\/product"}],"about":[{"href":"https:\/\/www.claret.cat\/es\/wp-json\/wp\/v2\/types\/product"}],"wp:featuredmedia":[{"embeddable":true,"href":"https:\/\/www.claret.cat\/es\/wp-json\/wp\/v2\/media\/60709"}],"wp:attachment":[{"href":"https:\/\/www.claret.cat\/es\/wp-json\/wp\/v2\/media?parent=45340"}],"wp:term":[{"taxonomy":"product_brand","embeddable":true,"href":"https:\/\/www.claret.cat\/es\/wp-json\/wp\/v2\/product_brand?post=45340"},{"taxonomy":"product_cat","embeddable":true,"href":"https:\/\/www.claret.cat\/es\/wp-json\/wp\/v2\/product_cat?post=45340"},{"taxonomy":"product_tag","embeddable":true,"href":"https:\/\/www.claret.cat\/es\/wp-json\/wp\/v2\/product_tag?post=45340"}],"curies":[{"name":"wp","href":"https:\/\/api.w.org\/{rel}","templated":true}]}}