{"id":45377,"date":"2022-10-02T22:04:11","date_gmt":"2022-10-02T20:04:11","guid":{"rendered":"http:\/\/dev.claret.cat\/producte\/el-gat-que-no-volia-tenir-pel\/"},"modified":"2025-04-02T17:46:11","modified_gmt":"2025-04-02T15:46:11","slug":"el-gat-que-no-volia-tenir-pel-9788491455295","status":"publish","type":"product","link":"https:\/\/www.claret.cat\/es\/libro\/el-gat-que-no-volia-tenir-pel-9788491455295\/","title":{"rendered":"EL GAT QUE NO VOLIA TENIR PEL"},"content":{"rendered":"<p>Com pot ser feli\u00e7 un gat a qui no li agrada tenir p\u00e8l? Sobretot si \u00e9s moooolt pelut! I si la soluci\u00f3 fos tan senzilla com deslliurar-se&#8221;n? \u00c9s f\u00e0cil de dir, per\u00f2 no tan f\u00e0cil de fer&#8230; S\u00e9verine de la Croix, Anthony Signol i Pauline Roland ens porten la divertida hist\u00f2ria de com l&#8221;Eusebi, un gat rondinaire i auda\u00e7, va aconseguir desfer-se del seu p\u00e8l. La canalla es morir\u00e0 de riure!<\/p>\n","protected":false},"excerpt":{"rendered":"<p>DE LA CROIX, S\u00c8VERINE \/ SIGNOL, ANTHONY<\/p>\n","protected":false},"featured_media":454023,"template":"","meta":{"_acf_changed":false,"om_disable_all_campaigns":false,"rs_blank_template":"","rs_page_bg_color":"","slide_template_v7":"","inline_featured_image":false,"_monsterinsights_skip_tracking":false,"_monsterinsights_sitenote_active":false,"_monsterinsights_sitenote_note":"","_monsterinsights_sitenote_category":0},"product_brand":[],"product_cat":[132,362],"product_tag":[],"class_list":{"0":"post-45377","1":"product","2":"type-product","3":"status-publish","4":"has-post-thumbnail","6":"product_cat-lectures-per-preadolescents-6-12-anys","7":"product_cat-libros-preadolescentes-6-12-anos","9":"first","10":"instock","11":"taxable","12":"shipping-taxable","13":"purchasable","14":"product-type-simple"},"acf":{"autor":"DE LA CROIX, S\u00c8VERINE \/ SIGNOL, ANTHONY","codart":"849145529","libros-coleccion":"PICARONA","ediciones":"1","encuadernacion":"Carton\u00e9","fecha_de_publicacion":"01\/01\/2022","novedad":"1","paginas":"45","subtitulo":"","orden":"0","portada":"0","idioma":"cat","editorial":[{"ID":6329,"post_author":"3","post_date":"2022-07-28 17:49:51","post_date_gmt":"2022-07-28 15:49:51","post_content":"","post_title":"PICARONA","post_excerpt":"","post_status":"publish","comment_status":"closed","ping_status":"closed","post_password":"","post_name":"picarona","to_ping":"","pinged":"","post_modified":"2022-07-28 17:49:51","post_modified_gmt":"2022-07-28 15:49:51","post_content_filtered":"","post_parent":0,"guid":"http:\/\/dev.claret.cat\/editorial\/picarona\/","menu_order":0,"post_type":"editorial","post_mime_type":"","comment_count":"0","filter":"raw"}],"autores-libros":[{"ID":169380,"post_author":"3","post_date":"2022-10-14 22:26:46","post_date_gmt":"2022-10-14 20:26:46","post_content":"","post_title":"S\u00c9VERINE DE LA CROIX","post_excerpt":"","post_status":"publish","comment_status":"closed","ping_status":"closed","post_password":"","post_name":"severine-de-la-croix","to_ping":"","pinged":"","post_modified":"2022-10-14 22:26:46","post_modified_gmt":"2022-10-14 20:26:46","post_content_filtered":"","post_parent":0,"guid":"http:\/\/dev.claret.cat\/autor\/severine-de-la-croix\/","menu_order":0,"post_type":"autor","post_mime_type":"","comment_count":"0","filter":"raw"},{"ID":150775,"post_author":"3","post_date":"2022-10-14 14:35:39","post_date_gmt":"2022-10-14 12:35:39","post_content":"","post_title":"ANTHONY SIGNOL","post_excerpt":"","post_status":"publish","comment_status":"closed","ping_status":"closed","post_password":"","post_name":"anthony-signol","to_ping":"","pinged":"","post_modified":"2022-10-14 14:35:39","post_modified_gmt":"2022-10-14 12:35:39","post_content_filtered":"","post_parent":0,"guid":"http:\/\/dev.claret.cat\/autor\/anthony-signol\/","menu_order":0,"post_type":"autor","post_mime_type":"","comment_count":"0","filter":"raw"}]},"aioseo_notices":[],"_links":{"self":[{"href":"https:\/\/www.claret.cat\/es\/wp-json\/wp\/v2\/product\/45377","targetHints":{"allow":["GET"]}}],"collection":[{"href":"https:\/\/www.claret.cat\/es\/wp-json\/wp\/v2\/product"}],"about":[{"href":"https:\/\/www.claret.cat\/es\/wp-json\/wp\/v2\/types\/product"}],"wp:featuredmedia":[{"embeddable":true,"href":"https:\/\/www.claret.cat\/es\/wp-json\/wp\/v2\/media\/454023"}],"wp:attachment":[{"href":"https:\/\/www.claret.cat\/es\/wp-json\/wp\/v2\/media?parent=45377"}],"wp:term":[{"taxonomy":"product_brand","embeddable":true,"href":"https:\/\/www.claret.cat\/es\/wp-json\/wp\/v2\/product_brand?post=45377"},{"taxonomy":"product_cat","embeddable":true,"href":"https:\/\/www.claret.cat\/es\/wp-json\/wp\/v2\/product_cat?post=45377"},{"taxonomy":"product_tag","embeddable":true,"href":"https:\/\/www.claret.cat\/es\/wp-json\/wp\/v2\/product_tag?post=45377"}],"curies":[{"name":"wp","href":"https:\/\/api.w.org\/{rel}","templated":true}]}}