{"id":45380,"date":"2022-10-02T22:04:14","date_gmt":"2022-10-02T20:04:14","guid":{"rendered":"http:\/\/dev.claret.cat\/producte\/el-gato-que-no-queria-tener-pelo\/"},"modified":"2023-10-06T11:22:02","modified_gmt":"2023-10-06T09:22:02","slug":"el-gato-que-no-queria-tener-pelo-9788491455288","status":"publish","type":"product","link":"https:\/\/www.claret.cat\/es\/libro\/el-gato-que-no-queria-tener-pelo-9788491455288\/","title":{"rendered":"EL GATO QUE NO QUER\u00cdA TENER PELO"},"content":{"rendered":"<p>\u00bfC\u00f3mo puede ser feliz un gato al que no le gusta tener pelo? \u00a1Sobre todo si es muuuuuy peludo! \u00bfY si la soluci\u00f3n simplemente fuera librarse de \u00e9l? Es f\u00e1cil de decir, pero no tan f\u00e1cil de conseguir&#8230; S\u00e9verine de la Croix, Anthony Signol y Pauline Roland nos traen la divertida historia de c\u00f3mo el enfurru\u00f1ado y audaz gato Eusebio logr\u00f3 deshacerse de su pelaje. \u00a1Tus peques se partir\u00e1n de la risa!<\/p>\n","protected":false},"excerpt":{"rendered":"<p>DE LA CROIX, S\u00c8VERINE \/ SIGNOL, ANTHONY<\/p>\n","protected":false},"featured_media":454017,"template":"","meta":{"_acf_changed":false,"om_disable_all_campaigns":false,"rs_blank_template":"","rs_page_bg_color":"","slide_template_v7":"","inline_featured_image":false,"_monsterinsights_skip_tracking":false,"_monsterinsights_sitenote_active":false,"_monsterinsights_sitenote_note":"","_monsterinsights_sitenote_category":0},"product_brand":[],"product_cat":[361],"product_tag":[],"class_list":{"0":"post-45380","1":"product","2":"type-product","3":"status-publish","4":"has-post-thumbnail","6":"product_cat-cuentos-para-ninos-0-6-anos","8":"first","9":"instock","10":"taxable","11":"shipping-taxable","12":"purchasable","13":"product-type-simple"},"acf":{"autor":"DE LA CROIX, S\u00c8VERINE \/ SIGNOL, ANTHONY","codart":"849145528","libros-coleccion":"PICARONA","ediciones":"1","encuadernacion":"Carton\u00e9","fecha_de_publicacion":"01\/01\/2022","novedad":"1","paginas":"45","subtitulo":"","orden":"0","portada":"0","idioma":"spa","editorial":[{"ID":6329,"post_author":"3","post_date":"2022-07-28 17:49:51","post_date_gmt":"2022-07-28 15:49:51","post_content":"","post_title":"PICARONA","post_excerpt":"","post_status":"publish","comment_status":"closed","ping_status":"closed","post_password":"","post_name":"picarona","to_ping":"","pinged":"","post_modified":"2022-07-28 17:49:51","post_modified_gmt":"2022-07-28 15:49:51","post_content_filtered":"","post_parent":0,"guid":"http:\/\/dev.claret.cat\/editorial\/picarona\/","menu_order":0,"post_type":"editorial","post_mime_type":"","comment_count":"0","filter":"raw"}],"autores-libros":[{"ID":169380,"post_author":"3","post_date":"2022-10-14 22:26:46","post_date_gmt":"2022-10-14 20:26:46","post_content":"","post_title":"S\u00c9VERINE DE LA CROIX","post_excerpt":"","post_status":"publish","comment_status":"closed","ping_status":"closed","post_password":"","post_name":"severine-de-la-croix","to_ping":"","pinged":"","post_modified":"2022-10-14 22:26:46","post_modified_gmt":"2022-10-14 20:26:46","post_content_filtered":"","post_parent":0,"guid":"http:\/\/dev.claret.cat\/autor\/severine-de-la-croix\/","menu_order":0,"post_type":"autor","post_mime_type":"","comment_count":"0","filter":"raw"},{"ID":150775,"post_author":"3","post_date":"2022-10-14 14:35:39","post_date_gmt":"2022-10-14 12:35:39","post_content":"","post_title":"ANTHONY SIGNOL","post_excerpt":"","post_status":"publish","comment_status":"closed","ping_status":"closed","post_password":"","post_name":"anthony-signol","to_ping":"","pinged":"","post_modified":"2022-10-14 14:35:39","post_modified_gmt":"2022-10-14 12:35:39","post_content_filtered":"","post_parent":0,"guid":"http:\/\/dev.claret.cat\/autor\/anthony-signol\/","menu_order":0,"post_type":"autor","post_mime_type":"","comment_count":"0","filter":"raw"}]},"aioseo_notices":[],"_links":{"self":[{"href":"https:\/\/www.claret.cat\/es\/wp-json\/wp\/v2\/product\/45380","targetHints":{"allow":["GET"]}}],"collection":[{"href":"https:\/\/www.claret.cat\/es\/wp-json\/wp\/v2\/product"}],"about":[{"href":"https:\/\/www.claret.cat\/es\/wp-json\/wp\/v2\/types\/product"}],"wp:featuredmedia":[{"embeddable":true,"href":"https:\/\/www.claret.cat\/es\/wp-json\/wp\/v2\/media\/454017"}],"wp:attachment":[{"href":"https:\/\/www.claret.cat\/es\/wp-json\/wp\/v2\/media?parent=45380"}],"wp:term":[{"taxonomy":"product_brand","embeddable":true,"href":"https:\/\/www.claret.cat\/es\/wp-json\/wp\/v2\/product_brand?post=45380"},{"taxonomy":"product_cat","embeddable":true,"href":"https:\/\/www.claret.cat\/es\/wp-json\/wp\/v2\/product_cat?post=45380"},{"taxonomy":"product_tag","embeddable":true,"href":"https:\/\/www.claret.cat\/es\/wp-json\/wp\/v2\/product_tag?post=45380"}],"curies":[{"name":"wp","href":"https:\/\/api.w.org\/{rel}","templated":true}]}}