{"id":453853,"date":"2023-07-26T10:10:06","date_gmt":"2023-07-26T08:10:06","guid":{"rendered":"https:\/\/www.claret.cat\/llibre\/aprender-con-destreza-9788428840033\/"},"modified":"2024-05-24T10:13:23","modified_gmt":"2024-05-24T08:13:23","slug":"aprender-con-destreza-9788428840033","status":"publish","type":"product","link":"https:\/\/www.claret.cat\/es\/libro\/aprender-con-destreza-9788428840033\/","title":{"rendered":"APRENDER CON DESTREZA"},"content":{"rendered":"<p><span>La asignatura de Religi\u00f3n cobra aut\u00e9ntico sentido dentro de la escuela cuando se convierte en una disciplina rigurosa, relacionada con las otras \u00e1reas del conocimiento y desarrollada con metodolog\u00edas que favorezcan el aprendizaje con habilidad. La hermana Socorro Fuentes, directora del colegio de la Asunci\u00f3n de C\u00e1ceres, convencida de ello, anim\u00f3 al claustro de profesores a implementar la metodolog\u00eda TBL (Thinking Based Learning) en su tarea pedag\u00f3gica. Acompa\u00f1ados por Robert Swartz, padre de esta metodolog\u00eda, los profesores del centro elaboraron estas propuestas para poner en pr\u00e1ctica lo que el curr\u00edculo de Religi\u00f3n exige a los docentes para Secundaria. \u2018Cuando pensamos, habitualmente, en el noventa y nueve por ciento de los casos, no lo hacemos adecuadamente. En TBL trabajas con los estudiantes para que sean ellos los que digan \u2018\u00a1espera un minuto!, no voy a comprar estos cereales \u00fanicamente porque en el envase diga que es el mejor cereal del mundo occidental, necesito investigar un poco: \u00bfqu\u00e9 otras cosas necesito saber de estos cereales antes de comprarlos?\u2019. TBL les da a los ni\u00f1os la oportunidad de averiguar si un texto o un hecho es aceptable y fiable. Tomar una decisi\u00f3n sin realizar una meditaci\u00f3n adecuada y con destreza, nos expone a correr el riesgo de cometer un error. Cuando las personas lean esta obra, se dar\u00e1n cuenta de que es posible evitar dar por sentado una informaci\u00f3n falsa, sin antes pensar adecuadamente y con destreza sobre ello. Y esta es la gran aportaci\u00f3n que TBL trae a las aulas y a la vida de los estudiantes\u2019.<\/span><\/p>\n<p><span> Pr\u00f3logo, con las palabras de Robert Swartz (5)Introducci\u00f3n (9)Lecci\u00f3n 1. El origen de la realidad. Relato cient\u00edfico y religioso (Comparar y contrastar) (15)Lecci\u00f3n 2: Identidad y dignidad personal (Entender met\u00e1foras) (29)Lecci\u00f3n 3: La Biblia, el libro del pueblo de Dios (Secuenciaci\u00f3n) (41)Lecci\u00f3n 4: La Biblia, el libro del pueblo de Dios (Clasificaci\u00f3n descendente) (57)Lecci\u00f3n 5: Dios para nosotros (Comparar y contrastar) (71)Lecci\u00f3n 6: Sentido de la vida y religiones (Comparar y contrastar) (83)Lecci\u00f3n 7: Los evangelios (Toma de decisiones) (101)Lecci\u00f3n 8: Jes\u00fas y el reino (Clasificaci\u00f3n ascendente) (115)Lecci\u00f3n 9: Los sacramentos (Entender met\u00e1foras) (145)Lecci\u00f3n 10: El impacto del cristianismo en la cultura occidental (predicci\u00f3n con destreza) (159)<\/span><\/p>\n","protected":false},"excerpt":{"rendered":"<p>SOCORRO FUNETES, MARIA DEL<\/p>\n","protected":false},"featured_media":453885,"template":"","meta":{"_acf_changed":false,"om_disable_all_campaigns":false,"rs_blank_template":"","rs_page_bg_color":"","slide_template_v7":"","inline_featured_image":false,"_monsterinsights_skip_tracking":false,"_monsterinsights_sitenote_active":false,"_monsterinsights_sitenote_note":"","_monsterinsights_sitenote_category":0},"product_brand":[],"product_cat":[227,389],"product_tag":[],"class_list":{"0":"post-453853","1":"product","2":"type-product","3":"status-publish","4":"has-post-thumbnail","6":"product_cat-formacio","7":"product_cat-formacion","9":"first","10":"instock","11":"taxable","12":"shipping-taxable","13":"purchasable","14":"product-type-simple"},"acf":{"autor":"SOCORRO FUNETES, MARIA DEL","codart":"842884003","libros-coleccion":"Educar Pr\u00e1ctico","ediciones":"1","encuadernacion":"R\u00fastica","fecha_de_publicacion":"26\/07\/2023","novedad":"1","paginas":"173","subtitulo":"LA METODOLOG\u00cdA TBL APLICADA AL \u00c1REA DE RELIGI\u00d3N CAT\u00d3LICA 1.\u00ba Y 2\u00ba DE ESO","orden":"0","portada":"1","idioma":"spa","editorial":[{"ID":6335,"post_author":"3","post_date":"2022-07-28 17:49:59","post_date_gmt":"2022-07-28 15:49:59","post_content":"","post_title":"PPC altres","post_excerpt":"","post_status":"publish","comment_status":"closed","ping_status":"closed","post_password":"","post_name":"ppc-altres","to_ping":"","pinged":"","post_modified":"2022-07-28 17:49:59","post_modified_gmt":"2022-07-28 15:49:59","post_content_filtered":"","post_parent":0,"guid":"http:\/\/dev.claret.cat\/editorial\/ppc-altres\/","menu_order":0,"post_type":"editorial","post_mime_type":"","comment_count":"0","filter":"raw"}],"autores-libros":[{"ID":453852,"post_author":"3","post_date":"2023-07-26 10:10:03","post_date_gmt":"2023-07-26 08:10:03","post_content":"","post_title":"MARIA DEL SOCORRO FUNETES","post_excerpt":"","post_status":"publish","comment_status":"closed","ping_status":"closed","post_password":"","post_name":"maria-del-socorro-funetes","to_ping":"","pinged":"","post_modified":"2023-07-26 10:10:03","post_modified_gmt":"2023-07-26 08:10:03","post_content_filtered":"","post_parent":0,"guid":"https:\/\/www.claret.cat\/autor\/maria-del-socorro-funetes\/","menu_order":0,"post_type":"autor","post_mime_type":"","comment_count":"0","filter":"raw"}]},"aioseo_notices":[],"_links":{"self":[{"href":"https:\/\/www.claret.cat\/es\/wp-json\/wp\/v2\/product\/453853","targetHints":{"allow":["GET"]}}],"collection":[{"href":"https:\/\/www.claret.cat\/es\/wp-json\/wp\/v2\/product"}],"about":[{"href":"https:\/\/www.claret.cat\/es\/wp-json\/wp\/v2\/types\/product"}],"wp:featuredmedia":[{"embeddable":true,"href":"https:\/\/www.claret.cat\/es\/wp-json\/wp\/v2\/media\/453885"}],"wp:attachment":[{"href":"https:\/\/www.claret.cat\/es\/wp-json\/wp\/v2\/media?parent=453853"}],"wp:term":[{"taxonomy":"product_brand","embeddable":true,"href":"https:\/\/www.claret.cat\/es\/wp-json\/wp\/v2\/product_brand?post=453853"},{"taxonomy":"product_cat","embeddable":true,"href":"https:\/\/www.claret.cat\/es\/wp-json\/wp\/v2\/product_cat?post=453853"},{"taxonomy":"product_tag","embeddable":true,"href":"https:\/\/www.claret.cat\/es\/wp-json\/wp\/v2\/product_tag?post=453853"}],"curies":[{"name":"wp","href":"https:\/\/api.w.org\/{rel}","templated":true}]}}