{"id":45395,"date":"2022-10-02T22:04:28","date_gmt":"2022-10-02T20:04:28","guid":{"rendered":"http:\/\/dev.claret.cat\/producte\/los-simbolos-del-judaismo\/"},"modified":"2023-10-06T11:27:41","modified_gmt":"2023-10-06T09:27:41","slug":"los-simbolos-del-judaismo-9788491118114","status":"publish","type":"product","link":"https:\/\/www.claret.cat\/es\/libro\/los-simbolos-del-judaismo-9788491118114\/","title":{"rendered":"LOS S\u00cdMBOLOS DEL JUDA\u00cdSMO"},"content":{"rendered":"<p>Entre los s\u00edmbolos del juda\u00edsmo, es ineludible mencionar el Shabat y las santas convocaciones -festividades solemnes-, as\u00ed como Rosh Hashan\u00e1 y Yom Kippur. Y tanto el Shabat como las santas convocaciones tienen sus s\u00edmbolos caracter\u00edsticos. Los del Shabat son la copa de vino del kidush, las velas y los panes trenzados.  En la festividad de Sucot encontramos la caba\u00f1a y las cuatro especies (la palma de palmera datilera, el cidro, las ramas de mirto y las de sauce). La festividad de P\u00e9saj tiene el pan \u00e1cimo. Y lo mismo para cada una de las dem\u00e1s santas convocaciones.  Tanto el Shabat como las santas convocaciones son denominadas &#8221;Se\u00f1ales en la Tor\u00e1&#8221;, a las cuales habr\u00eda que a\u00f1adir el pacto de la circuncisi\u00f3n y las filacterias. As\u00ed se conforma el conjunto de Se\u00f1ales de la Tor\u00e1, que el rabino Shlezinger descubre y analiza en este libro, atendiendo a sus detalles y particularidades, explic\u00e1ndonos los simbolismos correspondientes a cada una de ellas.<\/p>\n","protected":false},"excerpt":{"rendered":"<p>SHLEZINGER, AHAR\u00d3N DAVID<\/p>\n","protected":false},"featured_media":60745,"template":"","meta":{"_acf_changed":false,"om_disable_all_campaigns":false,"rs_blank_template":"","rs_page_bg_color":"","slide_template_v7":"","inline_featured_image":false,"_monsterinsights_skip_tracking":false,"_monsterinsights_sitenote_active":false,"_monsterinsights_sitenote_note":"","_monsterinsights_sitenote_category":0},"product_brand":[],"product_cat":[544],"product_tag":[],"class_list":{"0":"post-45395","1":"product","2":"type-product","3":"status-publish","4":"has-post-thumbnail","6":"product_cat-religiones","8":"first","9":"instock","10":"taxable","11":"shipping-taxable","12":"purchasable","13":"product-type-simple"},"acf":{"autor":"SHLEZINGER, AHAR\u00d3N DAVID","codart":"849111811","libros-coleccion":"C\u00e1bala y Juda\u00edsmo","ediciones":"1","encuadernacion":"R\u00fastica","fecha_de_publicacion":"01\/01\/2022","novedad":"1","paginas":"165","subtitulo":"","orden":"0","portada":"0","idioma":"spa","editorial":[{"ID":6318,"post_author":"3","post_date":"2022-07-28 17:49:37","post_date_gmt":"2022-07-28 15:49:37","post_content":"","post_title":"OBELISCO","post_excerpt":"","post_status":"publish","comment_status":"closed","ping_status":"closed","post_password":"","post_name":"obelisco","to_ping":"","pinged":"","post_modified":"2022-07-28 17:49:37","post_modified_gmt":"2022-07-28 15:49:37","post_content_filtered":"","post_parent":0,"guid":"http:\/\/dev.claret.cat\/editorial\/obelisco\/","menu_order":0,"post_type":"editorial","post_mime_type":"","comment_count":"0","filter":"raw"}],"autores-libros":[{"ID":149273,"post_author":"3","post_date":"2022-10-14 14:23:33","post_date_gmt":"2022-10-14 12:23:33","post_content":"","post_title":"AHAR\u00d3N DAVID SHLEZINGER","post_excerpt":"","post_status":"publish","comment_status":"closed","ping_status":"closed","post_password":"","post_name":"aharon-david-shlezinger","to_ping":"","pinged":"","post_modified":"2022-10-14 14:23:33","post_modified_gmt":"2022-10-14 12:23:33","post_content_filtered":"","post_parent":0,"guid":"http:\/\/dev.claret.cat\/autor\/aharon-david-shlezinger\/","menu_order":0,"post_type":"autor","post_mime_type":"","comment_count":"0","filter":"raw"}]},"aioseo_notices":[],"_links":{"self":[{"href":"https:\/\/www.claret.cat\/es\/wp-json\/wp\/v2\/product\/45395","targetHints":{"allow":["GET"]}}],"collection":[{"href":"https:\/\/www.claret.cat\/es\/wp-json\/wp\/v2\/product"}],"about":[{"href":"https:\/\/www.claret.cat\/es\/wp-json\/wp\/v2\/types\/product"}],"wp:featuredmedia":[{"embeddable":true,"href":"https:\/\/www.claret.cat\/es\/wp-json\/wp\/v2\/media\/60745"}],"wp:attachment":[{"href":"https:\/\/www.claret.cat\/es\/wp-json\/wp\/v2\/media?parent=45395"}],"wp:term":[{"taxonomy":"product_brand","embeddable":true,"href":"https:\/\/www.claret.cat\/es\/wp-json\/wp\/v2\/product_brand?post=45395"},{"taxonomy":"product_cat","embeddable":true,"href":"https:\/\/www.claret.cat\/es\/wp-json\/wp\/v2\/product_cat?post=45395"},{"taxonomy":"product_tag","embeddable":true,"href":"https:\/\/www.claret.cat\/es\/wp-json\/wp\/v2\/product_tag?post=45395"}],"curies":[{"name":"wp","href":"https:\/\/api.w.org\/{rel}","templated":true}]}}