{"id":45413,"date":"2022-10-02T22:04:49","date_gmt":"2022-10-02T20:04:49","guid":{"rendered":"http:\/\/dev.claret.cat\/producte\/sitio-de-leningrado-el\/"},"modified":"2023-10-06T11:16:39","modified_gmt":"2023-10-06T09:16:39","slug":"sitio-de-leningrado-el-9788418965142","status":"publish","type":"product","link":"https:\/\/www.claret.cat\/es\/libro\/sitio-de-leningrado-el-9788418965142\/","title":{"rendered":"SITIO DE LENINGRADO, EL"},"content":{"rendered":"<p>Uno de los episodios m\u00e1s conmovedores y extremos de la capacidad de resistencia del ser humano comenz\u00f3 el fat\u00eddico 16 de septiembre de 1941, cuando las tropas nazis sitiaron la bella ciudad de San Petersburgo (Leningrado). Hitler estaba obsesionado con acabar con la cuna del bolchevismo y su ubicaci\u00f3n era estrat\u00e9gica para invadir luego toda la Uni\u00f3n Sovi\u00e9tica, ya que albergaba la \u00fanica productora de tanques, coches y trenes blindados del mundo, la f\u00e1brica de Kirov. Los cient\u00edficos alemanes calcularon concienzudamente los ratios de muerte por inanici\u00f3n y concluyeron que la ciudad ?bloqueada? caer\u00eda en unas cuantas semanas. Se equivocaron. Los rusos resistieron casi 900 d\u00edas, hasta el 27 de enero de 1944. \u00bfC\u00f3mo lo consiguieron? \u00bfCu\u00e1les fueron las t\u00e1cticas militares que socavaron la brutal fuerza de los alemanes? De mano de grandes expertos en la materia, aqu\u00ed podr\u00e1s descubrirlo. Una lectura que no te dejar\u00e1 indiferente.    AUTOR    Jos\u00e9 Luis Hern\u00e1ndez Garv\u00ed. Escritor cuya trayectoria literaria abarca diferentes g\u00e9neros en los que ha obtenido m\u00e1s de una treintena de galardones a nivel nacional.  Novelista, poe<\/p>\n","protected":false},"excerpt":{"rendered":"<p>HERN\u00c1NDEZ GARVI, JOS\u00c9 LUIS<\/p>\n","protected":false},"featured_media":60759,"template":"","meta":{"_acf_changed":false,"om_disable_all_campaigns":false,"rs_blank_template":"","rs_page_bg_color":"","slide_template_v7":"","inline_featured_image":false,"_monsterinsights_skip_tracking":false,"_monsterinsights_sitenote_active":false,"_monsterinsights_sitenote_note":"","_monsterinsights_sitenote_category":0},"product_brand":[],"product_cat":[368],"product_tag":[],"class_list":{"0":"post-45413","1":"product","2":"type-product","3":"status-publish","4":"has-post-thumbnail","6":"product_cat-contemporanea","8":"first","9":"instock","10":"taxable","11":"shipping-taxable","12":"purchasable","13":"product-type-simple"},"acf":{"autor":"HERN\u00c1NDEZ GARVI, JOS\u00c9 LUIS","codart":"841896514","libros-coleccion":"FORA DE COL.LECCI\u00d3","ediciones":"1","encuadernacion":"Carpeta","fecha_de_publicacion":"01\/01\/2022","novedad":"1","paginas":"238","subtitulo":"","orden":"0","portada":"0","idioma":"spa","editorial":[{"ID":148021,"post_author":"3","post_date":"2022-10-14 11:55:01","post_date_gmt":"2022-10-14 09:55:01","post_content":"","post_title":"Editorial Pinolia, S.l.","post_excerpt":"","post_status":"publish","comment_status":"closed","ping_status":"closed","post_password":"","post_name":"editorial-pinolia-s-l","to_ping":"","pinged":"","post_modified":"2022-10-14 11:55:01","post_modified_gmt":"2022-10-14 09:55:01","post_content_filtered":"","post_parent":0,"guid":"http:\/\/dev.claret.cat\/editorial\/editorial-pinolia-s-l\/","menu_order":0,"post_type":"editorial","post_mime_type":"","comment_count":"0","filter":"raw"}],"autores-libros":[{"ID":160335,"post_author":"3","post_date":"2022-10-14 15:52:14","post_date_gmt":"2022-10-14 13:52:14","post_content":"","post_title":"JOS\u00c9 LUIS HERN\u00c1NDEZ GARVI","post_excerpt":"","post_status":"publish","comment_status":"closed","ping_status":"closed","post_password":"","post_name":"jose-luis-hernandez-garvi","to_ping":"","pinged":"","post_modified":"2022-10-14 15:52:14","post_modified_gmt":"2022-10-14 13:52:14","post_content_filtered":"","post_parent":0,"guid":"http:\/\/dev.claret.cat\/autor\/jose-luis-hernandez-garvi\/","menu_order":0,"post_type":"autor","post_mime_type":"","comment_count":"0","filter":"raw"}]},"aioseo_notices":[],"_links":{"self":[{"href":"https:\/\/www.claret.cat\/es\/wp-json\/wp\/v2\/product\/45413","targetHints":{"allow":["GET"]}}],"collection":[{"href":"https:\/\/www.claret.cat\/es\/wp-json\/wp\/v2\/product"}],"about":[{"href":"https:\/\/www.claret.cat\/es\/wp-json\/wp\/v2\/types\/product"}],"wp:featuredmedia":[{"embeddable":true,"href":"https:\/\/www.claret.cat\/es\/wp-json\/wp\/v2\/media\/60759"}],"wp:attachment":[{"href":"https:\/\/www.claret.cat\/es\/wp-json\/wp\/v2\/media?parent=45413"}],"wp:term":[{"taxonomy":"product_brand","embeddable":true,"href":"https:\/\/www.claret.cat\/es\/wp-json\/wp\/v2\/product_brand?post=45413"},{"taxonomy":"product_cat","embeddable":true,"href":"https:\/\/www.claret.cat\/es\/wp-json\/wp\/v2\/product_cat?post=45413"},{"taxonomy":"product_tag","embeddable":true,"href":"https:\/\/www.claret.cat\/es\/wp-json\/wp\/v2\/product_tag?post=45413"}],"curies":[{"name":"wp","href":"https:\/\/api.w.org\/{rel}","templated":true}]}}