{"id":454327,"date":"2023-07-27T11:10:17","date_gmt":"2023-07-27T09:10:17","guid":{"rendered":"https:\/\/www.claret.cat\/llibre\/protocolo-de-marco-de-prevencion-y-actuacion-en-caso-de-abusos-a-menores-y-equiparables-legalmente-9788419797018\/"},"modified":"2024-05-02T15:51:19","modified_gmt":"2024-05-02T13:51:19","slug":"protocolo-de-marco-de-prevencion-y-actuacion-en-caso-de-abusos-a-menores-y-equiparables-legalmente-9788419797018","status":"publish","type":"product","link":"https:\/\/www.claret.cat\/es\/libro\/protocolo-de-marco-de-prevencion-y-actuacion-en-caso-de-abusos-a-menores-y-equiparables-legalmente-9788419797018\/","title":{"rendered":"PROTOCOLO DE MARCO DE PREVENCI\u00d3N Y ACTUACI\u00d3N EN CASO DE ABUSOS A MENORES Y EQUIPARABLES LEGALMENTE"},"content":{"rendered":"<p><span>La Asamblea Plenaria aprob\u00f3 en su reuni\u00f3n de&nbsp;<\/span><a href='https:\/\/www.conferenciaepiscopal.es\/asamblea-plenaria-noviembre-2022\/' rel=\"noopener noreferrer\" target='_blank'>noviembre de 2022<\/a><span>&nbsp;el \u00ab<\/span><strong>Protocolo marco de prevenci\u00f3n y actuaci\u00f3n en caso de abusos a menores y equiparables legalmente<\/strong><span>\u00ab. Un documento redactado por el&nbsp;<\/span><a href='https:\/\/www.conferenciaepiscopal.es\/miembros-del-servicio-de-coordinacion-y-ayuda-a-las-victimas-de-abusos\/' rel=\"noopener noreferrer\" target='_blank'>Servicio de Coordinaci\u00f3n de las Oficinas de Protecci\u00f3n de menores&nbsp;<\/a><span>en colaboraci\u00f3n y comunicaci\u00f3n con las distintas&nbsp;<\/span><a href='https:\/\/www.paradarluz.com\/oficina-virtual\/' rel=\"noopener noreferrer\" target='_blank'>Oficinas de Protecci\u00f3n de menores<\/a><span>&nbsp;de las di\u00f3cesis, as\u00ed como las Oficinas de&nbsp;<\/span><a href='https:\/\/www.confer.es\/' rel=\"noopener noreferrer\" target='_blank'>CONFER<\/a><span>. El objetivo de este Protocolo es ofrecer un&nbsp;<\/span><strong>instrumento de acogida ante los abusos y de prevenci\u00f3n para acabar con esta lacra.<\/strong><\/p>\n","protected":false},"excerpt":{"rendered":"<p>CONFERENCIA EPISCOPAL ESPA\u00d1OLA<\/p>\n","protected":false},"featured_media":748204,"template":"","meta":{"_acf_changed":false,"om_disable_all_campaigns":false,"rs_blank_template":"","rs_page_bg_color":"","slide_template_v7":"","inline_featured_image":false,"_monsterinsights_skip_tracking":false,"_monsterinsights_sitenote_active":false,"_monsterinsights_sitenote_note":"","_monsterinsights_sitenote_category":0},"product_brand":[],"product_cat":[410,272,515,289,516,290],"product_tag":[],"class_list":{"0":"post-454327","1":"product","2":"type-product","3":"status-publish","4":"has-post-thumbnail","6":"product_cat-especiales","7":"product_cat-especials","8":"product_cat-moral-de-la-persona-bioetica-teologia-1_espiritualidad","9":"product_cat-moral-de-la-persona-bioetica","10":"product_cat-moral-de-la-persona-sexualidad","11":"product_cat-moral-de-la-persona-sexualitat","13":"first","14":"instock","15":"taxable","16":"shipping-taxable","17":"purchasable","18":"product-type-simple"},"acf":{"autor":"CONFERENCIA EPISCOPAL ESPA\u00d1OLA","codart":"841979701","libros-coleccion":"","ediciones":"1","encuadernacion":"R\u00fastica","fecha_de_publicacion":"25\/07\/2023","novedad":"1","paginas":"128","subtitulo":"INSTRUCCI\u00d3N DE LA C.E.E. SOBRE ABUSOS SEXUALES. ESPECIAL REFERENCIA A LOS CASOS DE MENORES","orden":"0","portada":"0","idioma":"spa","editorial":[{"ID":6194,"post_author":"3","post_date":"2022-07-28 17:46:55","post_date_gmt":"2022-07-28 15:46:55","post_content":"","post_title":"EDICE - Conf. Episc.","post_excerpt":"","post_status":"publish","comment_status":"closed","ping_status":"closed","post_password":"","post_name":"edice-conf-episc","to_ping":"","pinged":"","post_modified":"2022-07-28 17:46:55","post_modified_gmt":"2022-07-28 15:46:55","post_content_filtered":"","post_parent":0,"guid":"http:\/\/dev.claret.cat\/editorial\/edice-conf-episc\/","menu_order":0,"post_type":"editorial","post_mime_type":"","comment_count":"0","filter":"raw"}],"autores-libros":[{"ID":5366,"post_author":"3","post_date":"2022-07-28 17:22:26","post_date_gmt":"2022-07-28 15:22:26","post_content":"","post_title":"CONFERENCIA EPISCOPAL ESPA\u00d1OLA","post_excerpt":"","post_status":"publish","comment_status":"closed","ping_status":"closed","post_password":"","post_name":"conferencia-episcopal-espanola","to_ping":"","pinged":"","post_modified":"2022-07-28 17:22:26","post_modified_gmt":"2022-07-28 15:22:26","post_content_filtered":"","post_parent":0,"guid":"http:\/\/dev.claret.cat\/autor\/conferencia-episcopal-espanola\/","menu_order":0,"post_type":"autor","post_mime_type":"","comment_count":"0","filter":"raw"}]},"aioseo_notices":[],"_links":{"self":[{"href":"https:\/\/www.claret.cat\/es\/wp-json\/wp\/v2\/product\/454327","targetHints":{"allow":["GET"]}}],"collection":[{"href":"https:\/\/www.claret.cat\/es\/wp-json\/wp\/v2\/product"}],"about":[{"href":"https:\/\/www.claret.cat\/es\/wp-json\/wp\/v2\/types\/product"}],"wp:featuredmedia":[{"embeddable":true,"href":"https:\/\/www.claret.cat\/es\/wp-json\/wp\/v2\/media\/748204"}],"wp:attachment":[{"href":"https:\/\/www.claret.cat\/es\/wp-json\/wp\/v2\/media?parent=454327"}],"wp:term":[{"taxonomy":"product_brand","embeddable":true,"href":"https:\/\/www.claret.cat\/es\/wp-json\/wp\/v2\/product_brand?post=454327"},{"taxonomy":"product_cat","embeddable":true,"href":"https:\/\/www.claret.cat\/es\/wp-json\/wp\/v2\/product_cat?post=454327"},{"taxonomy":"product_tag","embeddable":true,"href":"https:\/\/www.claret.cat\/es\/wp-json\/wp\/v2\/product_tag?post=454327"}],"curies":[{"name":"wp","href":"https:\/\/api.w.org\/{rel}","templated":true}]}}