{"id":45434,"date":"2022-10-02T22:05:08","date_gmt":"2022-10-02T20:05:08","guid":{"rendered":"http:\/\/dev.claret.cat\/producte\/sense-sucre\/"},"modified":"2025-01-31T14:03:53","modified_gmt":"2025-01-31T13:03:53","slug":"sense-sucre-9788418928253","status":"publish","type":"product","link":"https:\/\/www.claret.cat\/es\/libro\/sense-sucre-9788418928253\/","title":{"rendered":"SENSE SUCRE"},"content":{"rendered":"<p>Una hist\u00f2ria reveladora i necess\u00e0ria sobre integraci\u00f3 social, xoc de cultures i la identitat femenina.<br \/>Quan la Mireia Estrada es va casar amb un home marroqu\u00ed, dues cultures aparentment irreconciliables van emprendre el repte de la conviv\u00e8ncia i l\u2019entesa. Des de llavors, l\u2019autora viatja regularment al Marroc per visitar la seva fam\u00edlia pol\u00edtica i, irremeiablement, el pa\u00eds i els costums de la seva gent han passat a formar part de la seva realitat m\u00e9s \u00edntima.<br \/>Aquest llibre neix de l\u2019estranyament que comporta ocupar un rol social inc\u00f2mode -el d\u2019una dona occidental integrada en una fam\u00edlia tradicional marroqu\u00ed-, i de la voluntat d\u2019acostar-se a l\u2019altre i salvar la difer\u00e8ncia. Des d\u2019una mirada esbandida de prejudicis i d\u2019afectaci\u00f3, des de l\u2019an\u00e8cdota desensucrada i l\u2019humor viu, Sense sucre \u00e9s un viatge a l\u2019univers ric i complex de la cultura musulmana.<\/p>\n","protected":false},"excerpt":{"rendered":"<p>ESTRADA I GELABERT, MIREIA<\/p>\n","protected":false},"featured_media":60773,"template":"","meta":{"_acf_changed":false,"om_disable_all_campaigns":false,"rs_blank_template":"","rs_page_bg_color":"","slide_template_v7":"","inline_featured_image":false,"_monsterinsights_skip_tracking":false,"_monsterinsights_sitenote_active":false,"_monsterinsights_sitenote_note":"","_monsterinsights_sitenote_category":0},"product_brand":[],"product_cat":[549,99,127,357],"product_tag":[],"class_list":{"0":"post-45434","1":"product","2":"type-product","3":"status-publish","4":"has-post-thumbnail","6":"product_cat-biografias","7":"product_cat-biografies","8":"product_cat-novella-contemporania","9":"product_cat-novela-contemporanea","11":"first","12":"instock","13":"taxable","14":"shipping-taxable","15":"purchasable","16":"product-type-simple"},"acf":{"autor":"ESTRADA I GELABERT, MIREIA","codart":"841892825","libros-coleccion":"","ediciones":"1","encuadernacion":"R\u00fastica","fecha_de_publicacion":"01\/12\/2021","novedad":"1","paginas":"176","subtitulo":"UNA DONA OCCIDENTAL AL MARROC","orden":"0","portada":"0","idioma":"cat","editorial":[{"ID":147453,"post_author":"3","post_date":"2022-10-14 11:50:42","post_date_gmt":"2022-10-14 09:50:42","post_content":"","post_title":"ARA LLIBRES","post_excerpt":"","post_status":"publish","comment_status":"closed","ping_status":"closed","post_password":"","post_name":"ara-llibres","to_ping":"","pinged":"","post_modified":"2022-10-14 11:50:42","post_modified_gmt":"2022-10-14 09:50:42","post_content_filtered":"","post_parent":0,"guid":"http:\/\/dev.claret.cat\/editorial\/ara-llibres\/","menu_order":0,"post_type":"editorial","post_mime_type":"","comment_count":"0","filter":"raw"}],"autores-libros":[{"ID":165196,"post_author":"3","post_date":"2022-10-14 17:53:12","post_date_gmt":"2022-10-14 15:53:12","post_content":"","post_title":"MIREIA ESTRADA I GELABERT","post_excerpt":"","post_status":"publish","comment_status":"closed","ping_status":"closed","post_password":"","post_name":"mireia-estrada-i-gelabert","to_ping":"","pinged":"","post_modified":"2022-10-14 17:53:12","post_modified_gmt":"2022-10-14 15:53:12","post_content_filtered":"","post_parent":0,"guid":"http:\/\/dev.claret.cat\/autor\/mireia-estrada-i-gelabert\/","menu_order":0,"post_type":"autor","post_mime_type":"","comment_count":"0","filter":"raw"}]},"aioseo_notices":[],"_links":{"self":[{"href":"https:\/\/www.claret.cat\/es\/wp-json\/wp\/v2\/product\/45434","targetHints":{"allow":["GET"]}}],"collection":[{"href":"https:\/\/www.claret.cat\/es\/wp-json\/wp\/v2\/product"}],"about":[{"href":"https:\/\/www.claret.cat\/es\/wp-json\/wp\/v2\/types\/product"}],"wp:featuredmedia":[{"embeddable":true,"href":"https:\/\/www.claret.cat\/es\/wp-json\/wp\/v2\/media\/60773"}],"wp:attachment":[{"href":"https:\/\/www.claret.cat\/es\/wp-json\/wp\/v2\/media?parent=45434"}],"wp:term":[{"taxonomy":"product_brand","embeddable":true,"href":"https:\/\/www.claret.cat\/es\/wp-json\/wp\/v2\/product_brand?post=45434"},{"taxonomy":"product_cat","embeddable":true,"href":"https:\/\/www.claret.cat\/es\/wp-json\/wp\/v2\/product_cat?post=45434"},{"taxonomy":"product_tag","embeddable":true,"href":"https:\/\/www.claret.cat\/es\/wp-json\/wp\/v2\/product_tag?post=45434"}],"curies":[{"name":"wp","href":"https:\/\/api.w.org\/{rel}","templated":true}]}}