{"id":45464,"date":"2022-10-02T22:05:36","date_gmt":"2022-10-02T20:05:36","guid":{"rendered":"http:\/\/dev.claret.cat\/producte\/maquillaje-de-fantasia-para-principiante\/"},"modified":"2023-10-06T11:26:48","modified_gmt":"2023-10-06T09:26:48","slug":"maquillaje-de-fantasia-para-principiante-9781801315340","status":"publish","type":"product","link":"https:\/\/www.claret.cat\/es\/libro\/maquillaje-de-fantasia-para-principiante-9781801315340\/","title":{"rendered":"MAQUILLAJE DE FANTASIA PARA PRINCIPIANTE"},"content":{"rendered":"<p>Libro para aprender a pintarse la cara, con m\u00e1s de 30 divertidos<br \/>dise\u00f1os f\u00e1ciles que incluyen tigres, tiburones, unicornios y el arco\u00edris, y con instrucciones y t\u00e9cnicas para un resultado envidiable.<\/p>\n","protected":false},"excerpt":{"rendered":"<p>WHEATLEY, ABIGAIL \/ WHEATLEY, ABIGAIL<\/p>\n","protected":false},"featured_media":60797,"template":"","meta":{"_acf_changed":false,"om_disable_all_campaigns":false,"rs_blank_template":"","rs_page_bg_color":"","slide_template_v7":"","inline_featured_image":false,"_monsterinsights_skip_tracking":false,"_monsterinsights_sitenote_active":false,"_monsterinsights_sitenote_note":"","_monsterinsights_sitenote_category":0},"product_brand":[],"product_cat":[365,362],"product_tag":[],"class_list":{"0":"post-45464","1":"product","2":"type-product","3":"status-publish","4":"has-post-thumbnail","6":"product_cat-entretenimientos","7":"product_cat-libros-preadolescentes-6-12-anos","9":"first","10":"instock","11":"taxable","12":"shipping-taxable","13":"purchasable","14":"product-type-simple"},"acf":{"autor":"WHEATLEY, ABIGAIL \/ WHEATLEY, ABIGAIL","codart":"180131534","libros-coleccion":"INFANTIL","ediciones":"1","encuadernacion":"R\u00fastica","fecha_de_publicacion":"01\/01\/2022","novedad":"1","paginas":"32","subtitulo":"","orden":"0","portada":"0","idioma":"spa","editorial":[{"ID":148939,"post_author":"3","post_date":"2022-10-14 12:02:11","post_date_gmt":"2022-10-14 10:02:11","post_content":"","post_title":"USBORNE","post_excerpt":"","post_status":"publish","comment_status":"closed","ping_status":"closed","post_password":"","post_name":"usborne","to_ping":"","pinged":"","post_modified":"2022-10-14 12:02:11","post_modified_gmt":"2022-10-14 10:02:11","post_content_filtered":"","post_parent":0,"guid":"http:\/\/dev.claret.cat\/editorial\/usborne\/","menu_order":0,"post_type":"editorial","post_mime_type":"","comment_count":"0","filter":"raw"}],"autores-libros":[{"ID":149078,"post_author":"3","post_date":"2022-10-14 14:21:58","post_date_gmt":"2022-10-14 12:21:58","post_content":"","post_title":"ABIGAIL WHEATLEY","post_excerpt":"","post_status":"publish","comment_status":"closed","ping_status":"closed","post_password":"","post_name":"abigail-wheatley","to_ping":"","pinged":"","post_modified":"2022-10-14 14:21:58","post_modified_gmt":"2022-10-14 12:21:58","post_content_filtered":"","post_parent":0,"guid":"http:\/\/dev.claret.cat\/autor\/abigail-wheatley\/","menu_order":0,"post_type":"autor","post_mime_type":"","comment_count":"0","filter":"raw"}]},"aioseo_notices":[],"_links":{"self":[{"href":"https:\/\/www.claret.cat\/es\/wp-json\/wp\/v2\/product\/45464","targetHints":{"allow":["GET"]}}],"collection":[{"href":"https:\/\/www.claret.cat\/es\/wp-json\/wp\/v2\/product"}],"about":[{"href":"https:\/\/www.claret.cat\/es\/wp-json\/wp\/v2\/types\/product"}],"wp:featuredmedia":[{"embeddable":true,"href":"https:\/\/www.claret.cat\/es\/wp-json\/wp\/v2\/media\/60797"}],"wp:attachment":[{"href":"https:\/\/www.claret.cat\/es\/wp-json\/wp\/v2\/media?parent=45464"}],"wp:term":[{"taxonomy":"product_brand","embeddable":true,"href":"https:\/\/www.claret.cat\/es\/wp-json\/wp\/v2\/product_brand?post=45464"},{"taxonomy":"product_cat","embeddable":true,"href":"https:\/\/www.claret.cat\/es\/wp-json\/wp\/v2\/product_cat?post=45464"},{"taxonomy":"product_tag","embeddable":true,"href":"https:\/\/www.claret.cat\/es\/wp-json\/wp\/v2\/product_tag?post=45464"}],"curies":[{"name":"wp","href":"https:\/\/api.w.org\/{rel}","templated":true}]}}