{"id":45503,"date":"2022-10-02T22:06:17","date_gmt":"2022-10-02T20:06:17","guid":{"rendered":"http:\/\/dev.claret.cat\/producte\/odisseu-els-meus-primers-mites\/"},"modified":"2025-10-20T19:26:47","modified_gmt":"2025-10-20T17:26:47","slug":"odisseu-els-meus-primers-mites-9788418444517","status":"publish","type":"product","link":"https:\/\/www.claret.cat\/es\/libro\/odisseu-els-meus-primers-mites-9788418444517\/","title":{"rendered":"ODISSEU. ELS MEUS PRIMERS MITES"},"content":{"rendered":"<p>T&#8221;agradaria saber qui va ser l&#8221;astut rei Odisseu?<br \/> Acompanya&#8221;l en les seves aventures a Troia i el seu llarg viatge de tornada a casa! Coneix els \u00e9ssers incre\u00efbles que va v\u00e8ncer gr\u00e0cies a la seva intel\u00b7lig\u00e8ncia (i a l&#8221;ajuda dels d\u00e9us!) i participa en aquesta hist\u00f2ria cl\u00e0ssica i inoblidable amb aquest llibre ple de mecanismes.<br \/> En aquest llibre hi trobar\u00e0s un ciclop, sirenes, una bruixa i un cavall de fusta!<\/p>\n","protected":false},"excerpt":{"rendered":"<p>PATSIAS, CHIARA \/ CERATO, MATTIA<\/p>\n","protected":false},"featured_media":60823,"template":"","meta":{"_acf_changed":false,"om_disable_all_campaigns":false,"rs_blank_template":"","rs_page_bg_color":"","slide_template_v7":"","inline_featured_image":false,"_monsterinsights_skip_tracking":false,"_monsterinsights_sitenote_active":false,"_monsterinsights_sitenote_note":"","_monsterinsights_sitenote_category":0},"product_brand":[],"product_cat":[131,361],"product_tag":[],"class_list":{"0":"post-45503","1":"product","2":"type-product","3":"status-publish","4":"has-post-thumbnail","6":"product_cat-contes-per-infants-0-6-anys","7":"product_cat-cuentos-para-ninos-0-6-anos","9":"first","10":"instock","11":"taxable","12":"shipping-taxable","13":"purchasable","14":"product-type-simple"},"acf":{"autor":"PATSIAS, CHIARA \/ CERATO, MATTIA","codart":"841844451","libros-coleccion":"FORA DE COL.LECCI\u00d3","ediciones":"1","encuadernacion":"Carpeta","fecha_de_publicacion":"01\/01\/2022","novedad":"1","paginas":"12","subtitulo":"","orden":"0","portada":"0","idioma":"cat","editorial":[{"ID":6249,"post_author":"3","post_date":"2022-07-28 17:48:09","post_date_gmt":"2022-07-28 15:48:09","post_content":"","post_title":"Estrella Polar","post_excerpt":"","post_status":"publish","comment_status":"closed","ping_status":"closed","post_password":"","post_name":"estrella-polar","to_ping":"","pinged":"","post_modified":"2022-07-28 17:48:09","post_modified_gmt":"2022-07-28 15:48:09","post_content_filtered":"","post_parent":0,"guid":"http:\/\/dev.claret.cat\/editorial\/estrella-polar\/","menu_order":0,"post_type":"editorial","post_mime_type":"","comment_count":"0","filter":"raw"}],"autores-libros":[{"ID":164504,"post_author":"3","post_date":"2022-10-14 17:47:36","post_date_gmt":"2022-10-14 15:47:36","post_content":"","post_title":"MATTIA CERATO","post_excerpt":"","post_status":"publish","comment_status":"closed","ping_status":"closed","post_password":"","post_name":"mattia-cerato","to_ping":"","pinged":"","post_modified":"2022-10-14 17:47:36","post_modified_gmt":"2022-10-14 15:47:36","post_content_filtered":"","post_parent":0,"guid":"http:\/\/dev.claret.cat\/autor\/mattia-cerato\/","menu_order":0,"post_type":"autor","post_mime_type":"","comment_count":"0","filter":"raw"},{"ID":152832,"post_author":"3","post_date":"2022-10-14 14:51:56","post_date_gmt":"2022-10-14 12:51:56","post_content":"","post_title":"CHIARA PATSIAS","post_excerpt":"","post_status":"publish","comment_status":"closed","ping_status":"closed","post_password":"","post_name":"chiara-patsias","to_ping":"","pinged":"","post_modified":"2022-10-14 14:51:56","post_modified_gmt":"2022-10-14 12:51:56","post_content_filtered":"","post_parent":0,"guid":"http:\/\/dev.claret.cat\/autor\/chiara-patsias\/","menu_order":0,"post_type":"autor","post_mime_type":"","comment_count":"0","filter":"raw"}],"booktrailer":"","resenas":""},"aioseo_notices":[],"_links":{"self":[{"href":"https:\/\/www.claret.cat\/es\/wp-json\/wp\/v2\/product\/45503","targetHints":{"allow":["GET"]}}],"collection":[{"href":"https:\/\/www.claret.cat\/es\/wp-json\/wp\/v2\/product"}],"about":[{"href":"https:\/\/www.claret.cat\/es\/wp-json\/wp\/v2\/types\/product"}],"wp:featuredmedia":[{"embeddable":true,"href":"https:\/\/www.claret.cat\/es\/wp-json\/wp\/v2\/media\/60823"}],"wp:attachment":[{"href":"https:\/\/www.claret.cat\/es\/wp-json\/wp\/v2\/media?parent=45503"}],"wp:term":[{"taxonomy":"product_brand","embeddable":true,"href":"https:\/\/www.claret.cat\/es\/wp-json\/wp\/v2\/product_brand?post=45503"},{"taxonomy":"product_cat","embeddable":true,"href":"https:\/\/www.claret.cat\/es\/wp-json\/wp\/v2\/product_cat?post=45503"},{"taxonomy":"product_tag","embeddable":true,"href":"https:\/\/www.claret.cat\/es\/wp-json\/wp\/v2\/product_tag?post=45503"}],"curies":[{"name":"wp","href":"https:\/\/api.w.org\/{rel}","templated":true}]}}