{"id":45548,"date":"2022-10-02T22:07:04","date_gmt":"2022-10-02T20:07:04","guid":{"rendered":"http:\/\/dev.claret.cat\/producte\/por-que-me-duele-la-tripa\/"},"modified":"2023-10-06T11:15:24","modified_gmt":"2023-10-06T09:15:24","slug":"por-que-me-duele-la-tripa-9788408250920","status":"publish","type":"product","link":"https:\/\/www.claret.cat\/es\/libro\/por-que-me-duele-la-tripa-9788408250920\/","title":{"rendered":"\u00bfPOR QU\u00c9 ME DUELE LA TRIPA?"},"content":{"rendered":"<p>De la mano de una gran prescriptora con muchos a\u00f1os de consulta en temas de nutrici\u00f3n, adelgazamiento y reparaci\u00f3n digestiva, este libro es una herramienta pr\u00e1ctica y poderosa que resolver\u00e1 de forma sencilla muchas dudas relacionadas con la alimentaci\u00f3n y la salud.<br \/> Entender qu\u00e9 es la microbiota, c\u00f3mo act\u00faan las bacterias, qu\u00e9 alimentos te sientan bien y por qu\u00e9, c\u00f3mo combatir el colon irritable o la hernia de hiato, qu\u00e9 debes saber de los probi\u00f3ticos antes de usarlos o qu\u00e9 platos te ayudan a adelgazar sin pasar hambre son solo algunos ejemplos de los muchos temas que aborda.<br \/> \u00c1ngela Quintas, consciente de la demanda que recibe a diario en su consulta, ha querido ir al grano. Lejos de ret\u00f3ricas cient\u00edficas, aqu\u00ed encontrar\u00e1s respuestas asequibles para identificar patolog\u00edas relacionadas con los dolores de tripa u otras molestias digestivas. Adem\u00e1s, para completar las explicaciones, la obra incluye men\u00fas espec\u00edficos y m\u00e1s de treinta recetas sanas y f\u00e1ciles con ingredientes de mercado al alcance de todos.<br \/> Y es que, adem\u00e1s de las malas digestiones, una mala alimentaci\u00f3n puede tener mucho que ver con cambios de humor, algunos problemas de piel y hasta con esos dolores de cabeza que no tienen explicaci\u00f3n aparente.<br \/> Ya no hay excusas, tu salud puede cambiar para mejor. \u00a1Est\u00e1 en tus manos conseguirlo!<br \/> Vuelve la gran experta en nutrici\u00f3n con la obra definitiva para identificar, entender y reparar las enfermedades del aparato digestivo. Incluye recetas y men\u00fas espec\u00edficos para cada patolog\u00eda.<\/p>\n","protected":false},"excerpt":{"rendered":"<p>QUINTAS, \u00c1NGELA<\/p>\n","protected":false},"featured_media":60855,"template":"","meta":{"_acf_changed":false,"om_disable_all_campaigns":false,"rs_blank_template":"","rs_page_bg_color":"","slide_template_v7":"","inline_featured_image":false,"_monsterinsights_skip_tracking":false,"_monsterinsights_sitenote_active":false,"_monsterinsights_sitenote_note":"","_monsterinsights_sitenote_category":0},"product_brand":[],"product_cat":[547],"product_tag":[],"class_list":{"0":"post-45548","1":"product","2":"type-product","3":"status-publish","4":"has-post-thumbnail","6":"product_cat-salud","8":"first","9":"instock","10":"taxable","11":"shipping-taxable","12":"purchasable","13":"product-type-simple"},"acf":{"autor":"QUINTAS, \u00c1NGELA","codart":"840825092","libros-coleccion":"NO FICCION","ediciones":"1","encuadernacion":"R\u00fastica","fecha_de_publicacion":"01\/01\/2022","novedad":"1","paginas":"304","subtitulo":"REPARACI\u00d3N DIGESTIVA, MICROBIOTA, ADELGAZAMIENTO Y SALUD","orden":"0","portada":"0","idioma":"spa","editorial":[{"ID":6233,"post_author":"3","post_date":"2022-07-28 17:47:48","post_date_gmt":"2022-07-28 15:47:48","post_content":"","post_title":"EDITORIAL PLANETA","post_excerpt":"","post_status":"publish","comment_status":"closed","ping_status":"closed","post_password":"","post_name":"editorial-planeta","to_ping":"","pinged":"","post_modified":"2022-07-28 17:47:48","post_modified_gmt":"2022-07-28 15:47:48","post_content_filtered":"","post_parent":0,"guid":"http:\/\/dev.claret.cat\/editorial\/editorial-planeta\/","menu_order":0,"post_type":"editorial","post_mime_type":"","comment_count":"0","filter":"raw"}],"autores-libros":[{"ID":150439,"post_author":"3","post_date":"2022-10-14 14:32:58","post_date_gmt":"2022-10-14 12:32:58","post_content":"","post_title":"\u00c1NGELA QUINTAS","post_excerpt":"","post_status":"publish","comment_status":"closed","ping_status":"closed","post_password":"","post_name":"angela-quintas","to_ping":"","pinged":"","post_modified":"2022-10-14 14:32:58","post_modified_gmt":"2022-10-14 12:32:58","post_content_filtered":"","post_parent":0,"guid":"http:\/\/dev.claret.cat\/autor\/angela-quintas\/","menu_order":0,"post_type":"autor","post_mime_type":"","comment_count":"0","filter":"raw"}]},"aioseo_notices":[],"_links":{"self":[{"href":"https:\/\/www.claret.cat\/es\/wp-json\/wp\/v2\/product\/45548","targetHints":{"allow":["GET"]}}],"collection":[{"href":"https:\/\/www.claret.cat\/es\/wp-json\/wp\/v2\/product"}],"about":[{"href":"https:\/\/www.claret.cat\/es\/wp-json\/wp\/v2\/types\/product"}],"wp:featuredmedia":[{"embeddable":true,"href":"https:\/\/www.claret.cat\/es\/wp-json\/wp\/v2\/media\/60855"}],"wp:attachment":[{"href":"https:\/\/www.claret.cat\/es\/wp-json\/wp\/v2\/media?parent=45548"}],"wp:term":[{"taxonomy":"product_brand","embeddable":true,"href":"https:\/\/www.claret.cat\/es\/wp-json\/wp\/v2\/product_brand?post=45548"},{"taxonomy":"product_cat","embeddable":true,"href":"https:\/\/www.claret.cat\/es\/wp-json\/wp\/v2\/product_cat?post=45548"},{"taxonomy":"product_tag","embeddable":true,"href":"https:\/\/www.claret.cat\/es\/wp-json\/wp\/v2\/product_tag?post=45548"}],"curies":[{"name":"wp","href":"https:\/\/api.w.org\/{rel}","templated":true}]}}