{"id":45575,"date":"2022-10-02T22:07:35","date_gmt":"2022-10-02T20:07:35","guid":{"rendered":"http:\/\/dev.claret.cat\/producte\/atenea-mis-primeros-mitos\/"},"modified":"2023-10-06T11:14:59","modified_gmt":"2023-10-06T09:14:59","slug":"atenea-mis-primeros-mitos-9788408243069","status":"publish","type":"product","link":"https:\/\/www.claret.cat\/es\/libro\/atenea-mis-primeros-mitos-9788408243069\/","title":{"rendered":"ATENEA. MIS PRIMEROS MITOS"},"content":{"rendered":"<p>\u00a1Aprende y vive mil aventuras con la mitolog\u00eda cl\u00e1sica!<br \/> \u00bfQuieres conocer a la sabia diosa Atenea?<br \/> \u00a1Acomp\u00e1\u00f1ala en sus incre\u00edbles aventuras junto con los dem\u00e1s dioses y h\u00e9roes griegos! Lucha con ella contra los gigantes, descubre c\u00f3mo se convirti\u00f3 en la patrona de Atenas y participa en esta historia cl\u00e1sica e inolvidable con este libro lleno de mecanismos.<br \/> Recomendado a partir de 1 a\u00f1o.<br \/> T\u00edtulos de la colecci\u00f3n Mis primeros mitos:<\/p>\n<p> Atenea. Mis primeros mitos<br \/> Odiseo. Mis primeros mitos<\/p>\n","protected":false},"excerpt":{"rendered":"<p>PATSIAS, CHIARA \/ CERATO, MATTIA<\/p>\n","protected":false},"featured_media":60873,"template":"","meta":{"_acf_changed":false,"om_disable_all_campaigns":false,"rs_blank_template":"","rs_page_bg_color":"","slide_template_v7":"","inline_featured_image":false,"_monsterinsights_skip_tracking":false,"_monsterinsights_sitenote_active":false,"_monsterinsights_sitenote_note":"","_monsterinsights_sitenote_category":0},"product_brand":[],"product_cat":[362],"product_tag":[],"class_list":{"0":"post-45575","1":"product","2":"type-product","3":"status-publish","4":"has-post-thumbnail","6":"product_cat-libros-preadolescentes-6-12-anos","8":"first","9":"instock","10":"taxable","11":"shipping-taxable","12":"purchasable","13":"product-type-simple"},"acf":{"autor":"PATSIAS, CHIARA \/ CERATO, MATTIA","codart":"840824306","libros-coleccion":"FORA DE COL.LECCI\u00d3","ediciones":"1","encuadernacion":"R\u00fastica","fecha_de_publicacion":"01\/01\/2022","novedad":"1","paginas":"12","subtitulo":"","orden":"0","portada":"0","idioma":"spa","editorial":[{"ID":6233,"post_author":"3","post_date":"2022-07-28 17:47:48","post_date_gmt":"2022-07-28 15:47:48","post_content":"","post_title":"EDITORIAL PLANETA","post_excerpt":"","post_status":"publish","comment_status":"closed","ping_status":"closed","post_password":"","post_name":"editorial-planeta","to_ping":"","pinged":"","post_modified":"2022-07-28 17:47:48","post_modified_gmt":"2022-07-28 15:47:48","post_content_filtered":"","post_parent":0,"guid":"http:\/\/dev.claret.cat\/editorial\/editorial-planeta\/","menu_order":0,"post_type":"editorial","post_mime_type":"","comment_count":"0","filter":"raw"}],"autores-libros":[{"ID":164504,"post_author":"3","post_date":"2022-10-14 17:47:36","post_date_gmt":"2022-10-14 15:47:36","post_content":"","post_title":"MATTIA CERATO","post_excerpt":"","post_status":"publish","comment_status":"closed","ping_status":"closed","post_password":"","post_name":"mattia-cerato","to_ping":"","pinged":"","post_modified":"2022-10-14 17:47:36","post_modified_gmt":"2022-10-14 15:47:36","post_content_filtered":"","post_parent":0,"guid":"http:\/\/dev.claret.cat\/autor\/mattia-cerato\/","menu_order":0,"post_type":"autor","post_mime_type":"","comment_count":"0","filter":"raw"},{"ID":152832,"post_author":"3","post_date":"2022-10-14 14:51:56","post_date_gmt":"2022-10-14 12:51:56","post_content":"","post_title":"CHIARA PATSIAS","post_excerpt":"","post_status":"publish","comment_status":"closed","ping_status":"closed","post_password":"","post_name":"chiara-patsias","to_ping":"","pinged":"","post_modified":"2022-10-14 14:51:56","post_modified_gmt":"2022-10-14 12:51:56","post_content_filtered":"","post_parent":0,"guid":"http:\/\/dev.claret.cat\/autor\/chiara-patsias\/","menu_order":0,"post_type":"autor","post_mime_type":"","comment_count":"0","filter":"raw"}]},"aioseo_notices":[],"_links":{"self":[{"href":"https:\/\/www.claret.cat\/es\/wp-json\/wp\/v2\/product\/45575","targetHints":{"allow":["GET"]}}],"collection":[{"href":"https:\/\/www.claret.cat\/es\/wp-json\/wp\/v2\/product"}],"about":[{"href":"https:\/\/www.claret.cat\/es\/wp-json\/wp\/v2\/types\/product"}],"wp:featuredmedia":[{"embeddable":true,"href":"https:\/\/www.claret.cat\/es\/wp-json\/wp\/v2\/media\/60873"}],"wp:attachment":[{"href":"https:\/\/www.claret.cat\/es\/wp-json\/wp\/v2\/media?parent=45575"}],"wp:term":[{"taxonomy":"product_brand","embeddable":true,"href":"https:\/\/www.claret.cat\/es\/wp-json\/wp\/v2\/product_brand?post=45575"},{"taxonomy":"product_cat","embeddable":true,"href":"https:\/\/www.claret.cat\/es\/wp-json\/wp\/v2\/product_cat?post=45575"},{"taxonomy":"product_tag","embeddable":true,"href":"https:\/\/www.claret.cat\/es\/wp-json\/wp\/v2\/product_tag?post=45575"}],"curies":[{"name":"wp","href":"https:\/\/api.w.org\/{rel}","templated":true}]}}