{"id":456,"date":"2022-07-27T15:18:59","date_gmt":"2022-07-27T13:18:59","guid":{"rendered":"http:\/\/dev.claret.cat\/producto\/lecciones-de-la-historia-9788418741524\/"},"modified":"2023-10-06T08:37:39","modified_gmt":"2023-10-06T06:37:39","slug":"lecciones-de-la-historia-9788418741524","status":"publish","type":"product","link":"https:\/\/www.claret.cat\/es\/libro\/lecciones-de-la-historia-9788418741524\/","title":{"rendered":"LECCIONES DE LA HISTORIA"},"content":{"rendered":"<p> \u00abLos Durant son incapaces de escribir un libro aburrido. Su trabajo es la mejor obra de s\u00edntesis hist\u00f3rica jam\u00e1s realizada\u00bb. Time<\/p>\n<p>En 1968, Will Durant y Ariel Durant, tras concluir su monumental Historia de la civilizaci\u00f3n, colecci\u00f3n aclamada por cr\u00edtica y p\u00fablico, decidieron proporcionar a los lectores un compendio de su obra. Una descripci\u00f3n general de las tendencias y lecciones extra\u00eddas a lo largo de cinco mil a\u00f1os de historia mundial y examinadas desde doce perspectivas: geograf\u00eda, biolog\u00eda, raza, car\u00e1cter, moral, religi\u00f3n, econom\u00eda, socialismo, gobierno, guerra, crecimiento y decadencia, y progreso. En palabras de Will, \u00abtomamos nota de acontecimientos y comentarios que podr\u00edan iluminar asuntos actuales, probabilidades futuras, la naturaleza del hombre y la conducta de los Estados\u00bb. El resultado es esta \u00abobra maestra de la destilaci\u00f3n\u00bb, tal y como describi\u00f3 el cr\u00edtico literario John Barkham, y que publicamos por primera vez en Espa\u00f1a.<\/p>\n","protected":false},"excerpt":{"rendered":"<p>DURANT, WILL Y ARIEL<\/p>\n","protected":false},"featured_media":52617,"template":"","meta":{"_acf_changed":false,"om_disable_all_campaigns":false,"rs_blank_template":"","rs_page_bg_color":"","slide_template_v7":"","inline_featured_image":false,"_monsterinsights_skip_tracking":false,"_monsterinsights_sitenote_active":false,"_monsterinsights_sitenote_note":"","_monsterinsights_sitenote_category":0},"product_brand":[],"product_cat":[370],"product_tag":[],"class_list":{"0":"post-456","1":"product","2":"type-product","3":"status-publish","4":"has-post-thumbnail","6":"product_cat-investigacion-y-corrientes","8":"first","9":"instock","10":"taxable","11":"shipping-taxable","12":"purchasable","13":"product-type-simple"},"acf":{"autor":"DURANT, WILL Y ARIEL","codart":"841874152","ediciones":"1","encuadernacion":"R\u00fastica","fecha_de_publicacion":"01\/07\/2022","novedad":"1","paginas":"160","subtitulo":"","orden":"0","portada":"0","idioma":"spa","libros-coleccion":"Ensayo","autores-libros":[{"ID":6090,"post_author":"3","post_date":"2022-07-28 17:37:55","post_date_gmt":"2022-07-28 15:37:55","post_content":"","post_title":"WILL Y ARIEL DURANT","post_excerpt":"","post_status":"publish","comment_status":"closed","ping_status":"closed","post_password":"","post_name":"will-y-ariel-durant","to_ping":"","pinged":"","post_modified":"2022-07-28 17:37:55","post_modified_gmt":"2022-07-28 15:37:55","post_content_filtered":"","post_parent":0,"guid":"http:\/\/dev.claret.cat\/autor\/will-y-ariel-durant\/","menu_order":0,"post_type":"autor","post_mime_type":"","comment_count":"0","filter":"raw"}],"editorial":[{"ID":6127,"post_author":"3","post_date":"2022-07-28 17:45:28","post_date_gmt":"2022-07-28 15:45:28","post_content":"","post_title":"ARPA EDITORES","post_excerpt":"","post_status":"publish","comment_status":"closed","ping_status":"closed","post_password":"","post_name":"arpa-editores","to_ping":"","pinged":"","post_modified":"2022-07-28 17:45:28","post_modified_gmt":"2022-07-28 15:45:28","post_content_filtered":"","post_parent":0,"guid":"http:\/\/dev.claret.cat\/editorial\/arpa-editores\/","menu_order":0,"post_type":"editorial","post_mime_type":"","comment_count":"0","filter":"raw"}]},"aioseo_notices":[],"_links":{"self":[{"href":"https:\/\/www.claret.cat\/es\/wp-json\/wp\/v2\/product\/456","targetHints":{"allow":["GET"]}}],"collection":[{"href":"https:\/\/www.claret.cat\/es\/wp-json\/wp\/v2\/product"}],"about":[{"href":"https:\/\/www.claret.cat\/es\/wp-json\/wp\/v2\/types\/product"}],"wp:featuredmedia":[{"embeddable":true,"href":"https:\/\/www.claret.cat\/es\/wp-json\/wp\/v2\/media\/52617"}],"wp:attachment":[{"href":"https:\/\/www.claret.cat\/es\/wp-json\/wp\/v2\/media?parent=456"}],"wp:term":[{"taxonomy":"product_brand","embeddable":true,"href":"https:\/\/www.claret.cat\/es\/wp-json\/wp\/v2\/product_brand?post=456"},{"taxonomy":"product_cat","embeddable":true,"href":"https:\/\/www.claret.cat\/es\/wp-json\/wp\/v2\/product_cat?post=456"},{"taxonomy":"product_tag","embeddable":true,"href":"https:\/\/www.claret.cat\/es\/wp-json\/wp\/v2\/product_tag?post=456"}],"curies":[{"name":"wp","href":"https:\/\/api.w.org\/{rel}","templated":true}]}}