{"id":45650,"date":"2022-10-02T22:08:49","date_gmt":"2022-10-02T20:08:49","guid":{"rendered":"http:\/\/dev.claret.cat\/producte\/la-rinxols-dor\/"},"modified":"2023-10-06T11:18:08","modified_gmt":"2023-10-06T09:18:08","slug":"la-rinxols-dor-9788417207601","status":"publish","type":"product","link":"https:\/\/www.claret.cat\/es\/libro\/la-rinxols-dor-9788417207601\/","title":{"rendered":"LA R\u00cdNXOLS D&#8217;OR"},"content":{"rendered":"<p>La R\u00ednxols d&#8221;or reviu en aquest llibre infantil en catal\u00e0 de tapa dura! Les fant\u00e0stiques i divertides il\u00b7lustracions a tot color acompanyen la hist\u00f2ria, que va rimada, per fer-la encara m\u00e9s divertida i entranyable. <\/p>\n<p>R\u00ednxols d&#8221;Or \u00e9s un conte cl\u00e0ssic imprescindible per entendre que s&#8221;ha de ser educat i responsable. \u00c9s especialment recomanable per a nens i nenes de 2 a 6 anys.<\/p>\n<p> R\u00ednxols d&#8221;Or \u00e9s una nena que, un dia passejant, es troba amb la casa de tres ossos, per\u00f2 no hi ha ning\u00fa. Ben curiosa, decideix entrar-hi. Es troba amb tres grans plats de sopa i els acaba provant tots tres. Menja tan r\u00e0pid que esquitxa sopa per tot arreu. Despr\u00e9s, decideix descansar. Veu tres cadires; les prova totes tres i acaba trencant la del petit os. Finalment, com que est\u00e0 tan cansada, decideix dormir una estona. <\/p>\n<p> Aleshores arriben els tres ossos i es troben amb una casa ben regirada. Agafen una enrabiada monumental i, quan descobreixen que ha estat la R\u00ednxols d&#8221;Or, la desperten amb un fort rugit, aix\u00ed que fuig esperitada.  Quan li explica a l&#8221;\u00e0via el que ha passat veu com la renyen per com de malament s&#8221;ha portat. Aix\u00ed que la fan anar a disculpar-se a casa dels ossos i a arreglar el desgavell causat.<\/p>\n<p>Coneix els altres llibres publicats de la col\u00b7lecci\u00f3 contes cl\u00e0ssics rimats en catal\u00e0 d&#8221;Edicions del Pirata:<\/p>\n<p>1) Els tres porquets<\/p>\n<p>2) Pere i el llop<\/p>\n<p>3) Les set cabretes i el llop<\/p>\n<p>4) La R\u00ednxols d&#8221;Or<\/p>\n","protected":false},"excerpt":{"rendered":"<p>S\u00c9NDER, J\u00d6SE<\/p>\n","protected":false},"featured_media":454406,"template":"","meta":{"_acf_changed":false,"om_disable_all_campaigns":false,"rs_blank_template":"","rs_page_bg_color":"","slide_template_v7":"","inline_featured_image":false,"_monsterinsights_skip_tracking":false,"_monsterinsights_sitenote_active":false,"_monsterinsights_sitenote_note":"","_monsterinsights_sitenote_category":0},"product_brand":[],"product_cat":[132],"product_tag":[],"class_list":{"0":"post-45650","1":"product","2":"type-product","3":"status-publish","4":"has-post-thumbnail","6":"product_cat-lectures-per-preadolescents-6-12-anys","8":"first","9":"instock","10":"taxable","11":"shipping-taxable","12":"purchasable","13":"product-type-simple"},"acf":{"autor":"S\u00c9NDER, J\u00d6SE","codart":"841720760","libros-coleccion":"FORA DE COL.LECCI\u00d3","ediciones":"1","encuadernacion":"Carton\u00e9","fecha_de_publicacion":"01\/01\/2022","novedad":"1","paginas":"45","subtitulo":"CONTES CL\u00c0SSICS EN CATAL\u00c0 I RIMATS - LLIBRES INFANTILS A PARTIR DE 2 ANYS","orden":"0","portada":"0","idioma":"cat","editorial":[{"ID":147881,"post_author":"3","post_date":"2022-10-14 11:53:55","post_date_gmt":"2022-10-14 09:53:55","post_content":"","post_title":"EDICIONS DEL PIRATA","post_excerpt":"","post_status":"publish","comment_status":"closed","ping_status":"closed","post_password":"","post_name":"edicions-del-pirata","to_ping":"","pinged":"","post_modified":"2022-10-14 11:53:55","post_modified_gmt":"2022-10-14 09:53:55","post_content_filtered":"","post_parent":0,"guid":"http:\/\/dev.claret.cat\/editorial\/edicions-del-pirata\/","menu_order":0,"post_type":"editorial","post_mime_type":"","comment_count":"0","filter":"raw"}],"autores-libros":[{"ID":160579,"post_author":"3","post_date":"2022-10-14 15:54:13","post_date_gmt":"2022-10-14 13:54:13","post_content":"","post_title":"J\u00d6SE S\u00c9NDER","post_excerpt":"","post_status":"publish","comment_status":"closed","ping_status":"closed","post_password":"","post_name":"jose-sender","to_ping":"","pinged":"","post_modified":"2022-10-14 15:54:13","post_modified_gmt":"2022-10-14 13:54:13","post_content_filtered":"","post_parent":0,"guid":"http:\/\/dev.claret.cat\/autor\/jose-sender\/","menu_order":0,"post_type":"autor","post_mime_type":"","comment_count":"0","filter":"raw"}]},"aioseo_notices":[],"_links":{"self":[{"href":"https:\/\/www.claret.cat\/es\/wp-json\/wp\/v2\/product\/45650","targetHints":{"allow":["GET"]}}],"collection":[{"href":"https:\/\/www.claret.cat\/es\/wp-json\/wp\/v2\/product"}],"about":[{"href":"https:\/\/www.claret.cat\/es\/wp-json\/wp\/v2\/types\/product"}],"wp:featuredmedia":[{"embeddable":true,"href":"https:\/\/www.claret.cat\/es\/wp-json\/wp\/v2\/media\/454406"}],"wp:attachment":[{"href":"https:\/\/www.claret.cat\/es\/wp-json\/wp\/v2\/media?parent=45650"}],"wp:term":[{"taxonomy":"product_brand","embeddable":true,"href":"https:\/\/www.claret.cat\/es\/wp-json\/wp\/v2\/product_brand?post=45650"},{"taxonomy":"product_cat","embeddable":true,"href":"https:\/\/www.claret.cat\/es\/wp-json\/wp\/v2\/product_cat?post=45650"},{"taxonomy":"product_tag","embeddable":true,"href":"https:\/\/www.claret.cat\/es\/wp-json\/wp\/v2\/product_tag?post=45650"}],"curies":[{"name":"wp","href":"https:\/\/api.w.org\/{rel}","templated":true}]}}