{"id":45746,"date":"2022-10-02T22:10:41","date_gmt":"2022-10-02T20:10:41","guid":{"rendered":"http:\/\/dev.claret.cat\/producte\/el-evangelio-segun-jesucristo-2\/"},"modified":"2024-04-16T12:35:12","modified_gmt":"2024-04-16T10:35:12","slug":"el-evangelio-segun-jesucristo-9788420460611","status":"publish","type":"product","link":"https:\/\/www.claret.cat\/es\/libro\/el-evangelio-segun-jesucristo-9788420460611\/","title":{"rendered":"EL EVANGELIO SEG\u00daN JESUCRISTO"},"content":{"rendered":"<p>2022: A\u00d1O SARAMAGO La novela humana de los hechos de la vida de Jes\u00fas: una historia que sorprendi\u00f3 al mundo cat\u00f3lico \u00bfQui\u00e9n es este Dios, primero hebraico y ahora cristiano, que quiere la  sangre, la muerte, para que sea restablecido el equilibrio de un mundo en el que s\u00f3lo imperan sus leyes? \u00bfC\u00f3mo puede la nueva ley ser ley de Amor si a\u00fan pesa sobre el ser humano la condenaci\u00f3n   eterna? \u00bfC\u00f3mo puede \u00e9ste creerse una criatura divina digna de la  inmortalidad si debe someterse a una ley de terror que preexiste y es exterior a \u00e9l? Esta novela, que tanto sorprendi\u00f3 al mundo cat\u00f3lico, presenta una visi\u00f3n  distinta, mucho m\u00e1s terrenal, de los hechos relativos a Jes\u00fas: las circunstancias de su nacimiento, los primeros interrogatorios a su madre, Jos\u00e9 atormentado por la culpa por haber preferido   salvar a su hijo antes que alertar sobre las intenciones de Herodes,  los encuentros con los \u00e1ngeles y demonios, el descubrimiento del amor junto a Mar\u00eda Magdalena, los di\u00e1logos existenciales y la angustia por saber cu\u00e1l es el verdadero sentido y funci\u00f3n de su existencia ante los ojos de Dios&#8230; El Evangelio seg\u00fan Jesucristo responde al deseo de un hombre y de  un escritor de llegar hasta el origen de la civilizaci\u00f3n propia para encontrar ah\u00ed las preguntas esenciales. Sin negar lo divino ni la religiosidad latente en el coraz\u00f3n de cada ser humano. La cr\u00edtica ha dicho:<br \/>\u00abEl Evangelio seg\u00fan Jesucristo basta para dar a Saramago un lugar  en la biblioteca universal y en la memoria de los hombres\u00bb.<br \/>The Nation \u00abSaramago vuelve comprensible una realidad huidiza, con par\u00e1bolas sostenidas por la imaginaci\u00f3n, la compasi\u00f3n y la iron\u00eda\u00bb.<br \/>Comit\u00e9 Nobel \u00abUn hombre con una sensibilidad y una capacidad de ver y de entender que  est\u00e1n muy por encima de lo que en general vemos y entendemos los comunes mortales\u00bb.<br \/>H\u00e9ctor Abad Faciolince \u00abSaramago es un ejemplo, un estilo dign\u00edsimo de vida y literatura, que  demuestra la posibilidad de navegar a contracorriente [&#8230;].  Su palabra  tiene el valor de un anticongelante, de un remedio personal contra los vendavales de cinismo que nos envuelven\u00bb.<br \/>Luis Garc\u00eda Montero \u00abYo no s\u00e9, ni quiero saberlo, de d\u00f3nde ha sacado Saramago ese diab\u00f3lico  tono narrativo, duro y piadoso a un tiempo, [&#8230;] que le permite contar tan cerca del coraz\u00f3n y a la vez tan cerca de la historia\u00bb.<br \/>Luis Landero \u00abSaramago escribe novelas sobre los mitos para desmitificarlos, [&#8230;]  siempre para abordar la realidad que le rodea, para tratar de  los  problemas actuales que son de todos, y para que todo quede claro desde el principio\u00bb.<br \/>Rafael Conte, Babelia \u00abComo G\u00fcnter Grass o Cees Nooteboom, Saramago aspira a enlazar con un p\u00fablico que desborde l\u00edmites nacionales\u00bb.<br \/>El Pa\u00eds<\/p>\n","protected":false},"excerpt":{"rendered":"<p>SARAMAGO, JOS\u00c9<\/p>\n","protected":false},"featured_media":61010,"template":"","meta":{"_acf_changed":false,"om_disable_all_campaigns":false,"rs_blank_template":"","rs_page_bg_color":"","slide_template_v7":"","inline_featured_image":false,"_monsterinsights_skip_tracking":false,"_monsterinsights_sitenote_active":false,"_monsterinsights_sitenote_note":"","_monsterinsights_sitenote_category":0},"product_brand":[],"product_cat":[127,357],"product_tag":[],"class_list":{"0":"post-45746","1":"product","2":"type-product","3":"status-publish","4":"has-post-thumbnail","6":"product_cat-novella-contemporania","7":"product_cat-novela-contemporanea","9":"first","10":"instock","11":"taxable","12":"shipping-taxable","13":"purchasable","14":"product-type-simple"},"acf":{"autor":"SARAMAGO, JOS\u00c9","codart":"842046061","libros-coleccion":"","ediciones":"1","encuadernacion":"R\u00fastica","fecha_de_publicacion":"01\/01\/2022","novedad":"1","paginas":"496","subtitulo":"","orden":"0","portada":"0","idioma":"spa","editorial":[{"ID":6118,"post_author":"3","post_date":"2022-07-28 17:45:17","post_date_gmt":"2022-07-28 15:45:17","post_content":"","post_title":"ALFAGUARA","post_excerpt":"","post_status":"publish","comment_status":"closed","ping_status":"closed","post_password":"","post_name":"alfaguara","to_ping":"","pinged":"","post_modified":"2022-07-28 17:45:17","post_modified_gmt":"2022-07-28 15:45:17","post_content_filtered":"","post_parent":0,"guid":"http:\/\/dev.claret.cat\/editorial\/alfaguara\/","menu_order":0,"post_type":"editorial","post_mime_type":"","comment_count":"0","filter":"raw"}],"autores-libros":[{"ID":5650,"post_author":"3","post_date":"2022-07-28 17:28:32","post_date_gmt":"2022-07-28 15:28:32","post_content":"","post_title":"JOSE SARAMAGO","post_excerpt":"","post_status":"publish","comment_status":"closed","ping_status":"closed","post_password":"","post_name":"jose-saramago","to_ping":"","pinged":"","post_modified":"2022-07-28 17:28:32","post_modified_gmt":"2022-07-28 15:28:32","post_content_filtered":"","post_parent":0,"guid":"http:\/\/dev.claret.cat\/autor\/jose-saramago\/","menu_order":0,"post_type":"autor","post_mime_type":"","comment_count":"0","filter":"raw"}]},"aioseo_notices":[],"_links":{"self":[{"href":"https:\/\/www.claret.cat\/es\/wp-json\/wp\/v2\/product\/45746","targetHints":{"allow":["GET"]}}],"collection":[{"href":"https:\/\/www.claret.cat\/es\/wp-json\/wp\/v2\/product"}],"about":[{"href":"https:\/\/www.claret.cat\/es\/wp-json\/wp\/v2\/types\/product"}],"wp:featuredmedia":[{"embeddable":true,"href":"https:\/\/www.claret.cat\/es\/wp-json\/wp\/v2\/media\/61010"}],"wp:attachment":[{"href":"https:\/\/www.claret.cat\/es\/wp-json\/wp\/v2\/media?parent=45746"}],"wp:term":[{"taxonomy":"product_brand","embeddable":true,"href":"https:\/\/www.claret.cat\/es\/wp-json\/wp\/v2\/product_brand?post=45746"},{"taxonomy":"product_cat","embeddable":true,"href":"https:\/\/www.claret.cat\/es\/wp-json\/wp\/v2\/product_cat?post=45746"},{"taxonomy":"product_tag","embeddable":true,"href":"https:\/\/www.claret.cat\/es\/wp-json\/wp\/v2\/product_tag?post=45746"}],"curies":[{"name":"wp","href":"https:\/\/api.w.org\/{rel}","templated":true}]}}